{"id":2138,"date":"2025-10-02T08:38:28","date_gmt":"2025-10-02T06:38:28","guid":{"rendered":"https:\/\/www.ikmweiden.de\/kooperationsmuseen\/"},"modified":"2025-12-19T15:13:42","modified_gmt":"2025-12-19T14:13:42","slug":"kooperationsmuseen","status":"publish","type":"page","link":"https:\/\/www.ikmweiden.de\/ls\/kooperationsmuseen\/","title":{"rendered":"Kooperations-Museen"},"content":{"rendered":"<section class='wp-block-ho-pattern ' data-pattern='ho\/header-text'>\n\n<div  class='container-fluid margin-top-7 margin-bottom-4'>\n\n<div  class='row'>\n\n<div  class='col col-xs-12 col-md-6'>\n\n<div  class='margin-bottom-4'>\n<h1>Kooperations-Museen<\/h1>\n<\/div>\n<\/div>\n<\/div>\n\n\n\n\n<div  class='row'>\n\n<div  class='col col-xs-12 col-md-6'>\n\n<div  class='margin-bottom-4'><div class=body-large>5 bayerische Staats-Museen arbeiten mit der Neuen Sammlung zusammen.\nSie zeigen ihre Keramik in Weiden.\n<\/div><\/div>\n<\/div>\n<\/div>\n\n\n\n\n<div  class='row'>\n\n<div  class='col col-xs-12'><div class=\"wp-block-ho-slot \">\n<div class=\"accessibility-menu\">\n\t<div class=\"wp-block-ho-buttons\">\n\t\t\t\t<div class=\"wp-block-ho-buttons-item\">\n\t\t\t<a href=\"https:\/\/www.ikmweiden.de\/kooperationsmuseen\/\" class=\"ho-button is-senary button-no-hover icon-with-text-outside-left is-small  invert\" aria-label=\"Leichte Sprache deaktivieren\" rel=\"alternate\">\n\t\t\t\t<span class=\"ho-button-icon icon-leichtesprache\" aria-hidden=\"true\"><\/span>\n\t\t\t\t<span class=\"ho-button-label\">Leichte Sprache deaktivieren<\/span>\n\t\t\t<\/a>\n\t\t<\/div>\n\t\t\n\t\t\n\n\t\t\t<\/div>\n<\/div>\n\n<\/div>\n<\/div>\n<\/div>\n<\/div>\n<\/section>\n\n<section class='wp-block-ho-pattern ' data-pattern='ho\/einfacher-text'>\n\n<div  class='container-fluid margin-bottom-7'>\n\n<div  class='row'>\n\n<div  class='col col-xs-12 col-md-8'>\t<p class='body'>Diese Museen geben wichtige Keramik-Objekte als Leihgabe.<br>Leihgabe bedeutet:<br>Ein Museum darf ein Objekt f\u00fcr eine Zeit ausstellen.<br>Das Objekt geh\u00f6rt aber weiter dem anderen Museum.<br>Die 5 Museen sind gro\u00dfe Fach-Museen in Bayern.<br>Sie haben viele Sammlungen und viele Expert*innen und Experten.<br>Im unteren Text stehen nur Informationen \u00fcber die Museen selbst.<br><br>Es geht hier nicht darum, was sie in Weiden zeigen.<br><\/p>\n<\/div>\n<\/div>\n<\/div>\n<\/section>\n\n<section class='wp-block-ho-pattern ' data-pattern='ho\/uberschrift-mit-text-und-button'>\n\n<div  class='container-fluid margin-bottom-7'>\n\n<div  class='row padding-bottom-4'>\n\n<div  class='col col-xs-12 col-md-8'>\n<h2 class='h2' style=\"white-space: normal;\">Staatliche Antiken-Sammlungen<\/h2>\n<\/div>\n<\/div>\n\n\n\n\n<div  class='row padding-bottom-4'>\n\n<div  class='col col-xs-12 col-md-8'>\t<p class='body'>Die Staatlichen Antiken-Sammlungen sind ein gro\u00dfes Museum in M\u00fcnchen.<br>Das Museum zeigt Kunst aus der Antike.<br>Antike bedeutet:<br>Die Zeit im Alten \u00c4gypten und in Griechenland und Rom vor vielen tausend Jahren.<br>Das Museum zeigt zum Beispiel: Vasen, Figuren, Gold-Schmuck, Glas und Bronze-Arbeiten.<br>Die Objekte sind in der Zeit vor ungef\u00e4hr 5.000 Jahren bis ungef\u00e4hr <br>500 Jahre nach der Geburt von Christus entstanden.<br>Weitere Informationen finden Sie hier:<\/p>\n<\/div>\n<\/div>\n\n\n\n\n<div  class='row'>\n\n<div  class='col col-xs-12 col-md-8'>\n\n<div  class='wp-block-ho-buttons wp-block-ho-buttons'>\n<div class=\"wp-block-ho-buttons-item\">\n\t<a href=\"https:\/\/www.antike-am-koenigsplatz.mwn.de\/index.php\/de\/staatliche-antikensammlungen\"  target=\"\" role=\"button\" aria-pressed=\"false\" rel=\"nofollow\" class=\"ho-button is-primary has-outgoing-link-icon-left\">\n\t\t\t\t\t<span class=\"ho-button-icon icon-arrow-link\"><\/span>\n\t\t\t\t<span class=\"ho-button-label \">Zur Website der Staatlichen Antikensammlungen<\/span>\n\t<\/a>\n<\/div>\n<\/div>\n<\/div>\n<\/div>\n<\/div>\n<\/section>\n\n<section class='wp-block-ho-pattern ' data-pattern='ho\/uberschrift-mit-text-und-button'>\n\n<div  class='container-fluid margin-bottom-7'>\n\n<div  class='row padding-bottom-4'>\n\n<div  class='col col-xs-12 col-md-8'>\n<h2 class='h2' style=\"white-space: normal;\">Arch\u00e4ologische Staats-Sammlung<\/h2>\n<\/div>\n<\/div>\n\n\n\n\n<div  class='row padding-bottom-4'>\n\n<div  class='col col-xs-12 col-md-8'>\t<p class='body'>Die Arch\u00e4ologische Staats-Sammlung ist in Bayern <br>das wichtigste Museum f\u00fcr Vor-Geschichte und Fr\u00fch-Geschichte.<br>Vor-Geschichte bedeutet: <br>In dieser Zeit hat man noch keine Schrift gehabt.<br>Fr\u00fch-Geschichte bedeutet: <br>In dieser Zeit hat man zum ersten Mal eine Schrift gehabt.<br>Das Museum zeigt Funde aus Bayern und auch <br>Funde aus dem Mittelmeer-Raum und aus dem Vorderen Orient.<br>Das Museum erkl\u00e4rt, <br>wie Menschen fr\u00fcher gelebt haben.<br>Die Objekte reichen von der Stein-Zeit vor ungef\u00e4hr 8.000 Jahren bis <br>in das Mittel-Alter vor ungef\u00e4hr 1.000 Jahren.<br><br>Weitere Informationen finden Sie hier:<\/p>\n<\/div>\n<\/div>\n\n\n\n\n<div  class='row'>\n\n<div  class='col col-xs-12 col-md-8'>\n\n<div  class='wp-block-ho-buttons wp-block-ho-buttons'>\n<div class=\"wp-block-ho-buttons-item\">\n\t<a href=\"www.archaeologie.bayern\"  target=\"\" role=\"button\" aria-pressed=\"false\" rel=\"nofollow\" class=\"ho-button is-primary has-outgoing-link-icon-left\">\n\t\t\t\t\t<span class=\"ho-button-icon icon-arrow-link\"><\/span>\n\t\t\t\t<span class=\"ho-button-label \">Zur Website der Arch\u00e4ologischen Staatssammlung<\/span>\n\t<\/a>\n<\/div>\n<\/div>\n<\/div>\n<\/div>\n<\/div>\n<\/section>\n\n<section class='wp-block-ho-pattern ' data-pattern='ho\/uberschrift-mit-text-und-button'>\n\n<div  class='container-fluid margin-bottom-7'>\n\n<div  class='row padding-bottom-4'>\n\n<div  class='col col-xs-12 col-md-8'>\n<h2 class='h2' style=\"white-space: normal;\">Museum F\u00fcnf Kontinente<\/h2>\n<\/div>\n<\/div>\n\n\n\n\n<div  class='row padding-bottom-4'>\n\n<div  class='col col-xs-12 col-md-8'>\t<p class='body'>Das Museum F\u00fcnf Kontinente ist das \u00e4lteste von den ethnologischen Museen in Deutschland.<br>Ethnologie bedeutet:<br>Wissenschaft \u00fcber Kulturen und V\u00f6lker.<br>Das Museum sammelt Kunst und Alltags-Dinge aus vielen Teilen von der Welt:<br>aus Afrika<br>aus Asien<br>aus Nord- und S\u00fcd-Amerika.<br>aus Ozeanien <br>aus dem Orient.<br>Das Museum hat ungef\u00e4hr 160.000 Objekte.<br>Weitere Informationen finden Sie hier:<\/p>\n<\/div>\n<\/div>\n\n\n\n\n<div  class='row'>\n\n<div  class='col col-xs-12 col-md-8'>\n\n<div  class='wp-block-ho-buttons wp-block-ho-buttons'>\n<div class=\"wp-block-ho-buttons-item\">\n\t<a href=\"www.museum-fuenf-kontinente.de\"  target=\"\" role=\"button\" aria-pressed=\"false\" rel=\"nofollow\" class=\"ho-button is-primary has-outgoing-link-icon-left\">\n\t\t\t\t\t<span class=\"ho-button-icon icon-arrow-link\"><\/span>\n\t\t\t\t<span class=\"ho-button-label \">Zur Website des Museums F\u00fcnf Kontinente<\/span>\n\t<\/a>\n<\/div>\n<\/div>\n<\/div>\n<\/div>\n<\/div>\n<\/section>\n\n<section class='wp-block-ho-pattern ' data-pattern='ho\/uberschrift-mit-text-und-button'>\n\n<div  class='container-fluid margin-bottom-7'>\n\n<div  class='row padding-bottom-4'>\n\n<div  class='col col-xs-12 col-md-8'>\n<h2 class='h2' style=\"white-space: normal;\">Staatliches Museum \u00c4gyptischer Kunst<\/h2>\n<\/div>\n<\/div>\n\n\n\n\n<div  class='row padding-bottom-4'>\n\n<div  class='col col-xs-12 col-md-8'>\t<p class='body'>Das Staatliche Museum \u00c4gyptischer Kunst zeigt Kunst aus dem alten \u00c4gypten.<br>Die \u00e4ltesten Objekte sind ungef\u00e4hr 5.000 Jahre alt.<br>Zum Beispiel: Figuren, Reliefs, Gold-Schmuck, Alltags-Objekte und Gef\u00e4\u00dfe.<br>Ein Relief ist ein Bild, <br>das unterschiedliche H\u00f6hen hat.<br>Die Sammlung zeigt Kultur, Religion und Leben in \u00c4gypten in vielen tausend Jahren.<br>Weitere Informationen finden Sie hier:<\/p>\n<\/div>\n<\/div>\n\n\n\n\n<div  class='row'>\n\n<div  class='col col-xs-12 col-md-8'>\n\n<div  class='wp-block-ho-buttons wp-block-ho-buttons'>\n<div class=\"wp-block-ho-buttons-item\">\n\t<a href=\"www.smaek.de\"  target=\"\" role=\"button\" aria-pressed=\"false\" rel=\"nofollow\" class=\"ho-button is-primary has-outgoing-link-icon-left\">\n\t\t\t\t\t<span class=\"ho-button-icon icon-arrow-link\"><\/span>\n\t\t\t\t<span class=\"ho-button-label \">Zur Website des Staatlichen Museums \u00c4gyptischer Kunst<\/span>\n\t<\/a>\n<\/div>\n<\/div>\n<\/div>\n<\/div>\n<\/div>\n<\/section>\n\n<section class='wp-block-ho-pattern ' data-pattern='ho\/uberschrift-mit-text-und-button'>\n\n<div  class='container-fluid margin-bottom-7'>\n\n<div  class='row padding-bottom-4'>\n\n<div  class='col col-xs-12 col-md-8'>\n<h2 class='h2' style=\"white-space: normal;\">Bayerisches National-Museum<\/h2>\n<\/div>\n<\/div>\n\n\n\n\n<div  class='row padding-bottom-4'>\n\n<div  class='col col-xs-12 col-md-8'>\t<p class='body'>Das Bayerische National-Museum ist eines von <br>den gr\u00f6\u00dften Kunst-Museen und Kultur-Museen in Europa.<br>Das Museum zeigt Kunst und Kultur aus vielen Jahrhunderten.<br>Zum Beispiel: Figuren, Gem\u00e4lde, M\u00f6bel, Textilien und Kunst-Handwerk.<br>Die Zeit reicht von der Sp\u00e4t-Antike bis zum Jugend-Stil.<br>Jugend-Stil ist eine Kunst-Richtung in der Zeit vor ungef\u00e4hr 120 Jahren.<br>Dort hat es viele geschwungene Formen und Pflanzen-Muster gegeben.<br>Weitere Informationen finden Sie hier:<\/p>\n<\/div>\n<\/div>\n\n\n\n\n<div  class='row'>\n\n<div  class='col col-xs-12 col-md-8'>\n\n<div  class='wp-block-ho-buttons wp-block-ho-buttons'>\n<div class=\"wp-block-ho-buttons-item\">\n\t<a href=\"www.bayerisches-nationalmuseum.de\"  target=\"\" role=\"button\" aria-pressed=\"false\" rel=\"nofollow\" class=\"ho-button is-primary has-outgoing-link-icon-left\">\n\t\t\t\t\t<span class=\"ho-button-icon icon-arrow-link\"><\/span>\n\t\t\t\t<span class=\"ho-button-label \">Zur Website des Bayerischen Nationalmuseums<\/span>\n\t<\/a>\n<\/div>\n<\/div>\n<\/div>\n<\/div>\n<\/div>\n<\/section>","protected":false},"excerpt":{"rendered":"<p>5 bayerische Staats-Museen arbeiten mit der Neuen Sammlung zusammen.<br \/>\nSie zeigen ihre Keramik in Weiden.<\/p>\n","protected":false},"author":2,"featured_media":323,"parent":0,"menu_order":0,"comment_status":"closed","ping_status":"closed","template":"","meta":{"_acf_changed":false,"ho_image_focal_point":"","footnotes":""},"class_list":["post-2138","page","type-page","status-publish","has-post-thumbnail","hentry"],"acf":{"audio":"","video":"","poster":"","noindex":false,"keywords":"","seo_titel":""},"_links":{"self":[{"href":"https:\/\/www.ikmweiden.de\/ls\/wp-json\/wp\/v2\/pages\/2138","targetHints":{"allow":["GET"]}}],"collection":[{"href":"https:\/\/www.ikmweiden.de\/ls\/wp-json\/wp\/v2\/pages"}],"about":[{"href":"https:\/\/www.ikmweiden.de\/ls\/wp-json\/wp\/v2\/types\/page"}],"author":[{"embeddable":true,"href":"https:\/\/www.ikmweiden.de\/ls\/wp-json\/wp\/v2\/users\/2"}],"replies":[{"embeddable":true,"href":"https:\/\/www.ikmweiden.de\/ls\/wp-json\/wp\/v2\/comments?post=2138"}],"version-history":[{"count":3,"href":"https:\/\/www.ikmweiden.de\/ls\/wp-json\/wp\/v2\/pages\/2138\/revisions"}],"predecessor-version":[{"id":2175,"href":"https:\/\/www.ikmweiden.de\/ls\/wp-json\/wp\/v2\/pages\/2138\/revisions\/2175"}],"wp:featuredmedia":[{"embeddable":true,"href":"https:\/\/www.ikmweiden.de\/ls\/wp-json\/wp\/v2\/media\/323"}],"wp:attachment":[{"href":"https:\/\/www.ikmweiden.de\/ls\/wp-json\/wp\/v2\/media?parent=2138"}],"curies":[{"name":"wp","href":"https:\/\/api.w.org\/{rel}","templated":true}]}}