{"id":2130,"date":"2025-09-15T12:07:39","date_gmt":"2025-09-15T10:07:39","guid":{"rendered":"https:\/\/www.ikmweiden.de\/impressum\/"},"modified":"2025-12-19T15:17:23","modified_gmt":"2025-12-19T14:17:23","slug":"impressum","status":"publish","type":"page","link":"https:\/\/www.ikmweiden.de\/ls\/impressum\/","title":{"rendered":"Impressum"},"content":{"rendered":"<section class='wp-block-ho-pattern ' data-pattern='ho\/header-text'>\n\n<div  class='container-fluid margin-top-7 margin-bottom-4'>\n\n<div  class='row'>\n\n<div  class='col col-xs-12 col-md-6'>\n\n<div  class='margin-bottom-4'>\n<h1>Impressum<\/h1>\n<\/div>\n<\/div>\n<\/div>\n\n\n\n\n<div  class='row'>\n\n<div  class='col col-xs-12 col-md-6'>\n\n<div  class='margin-bottom-4'><div class=body-large>Im Impressum steht, \nwem die Internet-Seite geh\u00f6rt.\nDas ist wichtig f\u00fcr die Regeln im Internet.\n<\/div><\/div>\n<\/div>\n<\/div>\n\n\n\n\n<div  class='row'>\n\n<div  class='col col-xs-12'><div class=\"wp-block-ho-slot \">\n<div class=\"accessibility-menu\">\n\t<div class=\"wp-block-ho-buttons\">\n\t\t\t\t<div class=\"wp-block-ho-buttons-item\">\n\t\t\t<a href=\"https:\/\/www.ikmweiden.de\/impressum\/\" class=\"ho-button is-senary button-no-hover icon-with-text-outside-left is-small  invert\" aria-label=\"Leichte Sprache deaktivieren\" rel=\"alternate\">\n\t\t\t\t<span class=\"ho-button-icon icon-leichtesprache\" aria-hidden=\"true\"><\/span>\n\t\t\t\t<span class=\"ho-button-label\">Leichte Sprache deaktivieren<\/span>\n\t\t\t<\/a>\n\t\t<\/div>\n\t\t\n\t\t\n\n\t\t\t<\/div>\n<\/div>\n\n<\/div>\n<\/div>\n<\/div>\n<\/div>\n<\/section>\n\n<section class='wp-block-ho-pattern ' data-pattern='ho\/einfacher-text'>\n\n<div  class='container-fluid margin-bottom-7'>\n\n<div  class='row'>\n\n<div  class='col col-xs-12 col-md-8'>\t<p class='body'>Die Internet-Seite geh\u00f6rt zu:<br>Die Neue Sammlung \u2013 The Design Museum<br>Die Adresse ist:<br>T\u00fcrkenstra\u00dfe 15<br>80333 M\u00fcnchen<br>Telefon in Deutschland: 089 &#8211; 272 72 50<br>Fax in Deutschland: 089 &#8211; 272 72 55 61<br>E-Mail: info@die-neue-sammlung.de<br>Die Direktorin ist: Prof. Dr. Angelika Nollert.<br>Sie vertritt das Museum.<br>Die Neue Sammlung ist ein staatliches Museum.<br>Das bedeutet:<br>Das Museum geh\u00f6rt dem Freistaat Bayern.<br>F\u00fcr die Texte auf der Internet-Seite ist zust\u00e4ndig:<br>Johannes Listewnik<br><br><br>Urheber-Rechte <br>Urheber-Recht bedeutet:<br>Texte, Bilder und Grafiken geh\u00f6ren jemandem.<br>Man darf sie nicht einfach kopieren oder ver\u00f6ffentlichen.<br>Alle Texte, Bilder und Grafiken auf der Seite geh\u00f6ren der Neuen Sammlung.<br>Sie d\u00fcrfen die Inhalte nur f\u00fcr private Zwecke nutzen.<br>Das steht so im Gesetz.<br>Wenn Sie Inhalte f\u00fcr etwas anderes nutzen wollen,<br>brauchen Sie eine Erlaubnis.<br>Sie k\u00f6nnen daf\u00fcr eine E-Mail schreiben: info@die-neue-sammlung.de<br>Einige Inhalte k\u00f6nnen auch anderen Personen geh\u00f6ren.<br>Dann gelten die Rechte von diesen Personen.<br>Presse-Mitteilungen d\u00fcrfen Sie benutzen.<br>Sie m\u00fcssen dann nennen,<br>wo diese Informationen stehen.<br><br><strong>Bild-Nachweis<\/strong><br>Bei allen Bildern ist die Quelle angegeben.<br>Viele Bilder geh\u00f6ren zu: Die Neue Sammlung.<br>Wenn ein Bild keine Quellen-Angabe hat,<br>dann hat die Quelle diesen Namen: Archiv Die Neue Sammlung.<br>Wenn Sie ein Bild verwenden wollen,<br>brauchen Sie eine Erlaubnis vom Museum.<br>Wenn Sie denken, <br>dass man Ihre Bildrechte verletzt hat:<br>Schreiben Sie eine E-Mail an diese Adresse: info@die-neue-sammlung.de<br><br><strong>Haftungs-Ausschluss<\/strong><br>Das Museum will alle Informationen <br>richtig und aktuell schreiben.<br>Trotzdem k\u00f6nnen Fehler passieren.<br>Das Museum \u00fcbernimmt f\u00fcr diese Informationen keine Garantie.<br>Das Museum haftet nicht f\u00fcr Sch\u00e4den, <br>die durch die Nutzung von der Internet-Seite entstehen k\u00f6nnen.<br>Zum Beispiel: Sch\u00e4den durch sch\u00e4dliche Programme im Internet.<br><br><br><strong>Links zu anderen Internet-Seiten<\/strong><br>Auf der Internet-Seite gibt es Links zu anderen Internet-Seiten.<br>Diese Internet-Seiten geh\u00f6ren nicht dem Museum.<br>Das Museum kann diese Internet-Seiten nicht st\u00e4ndig pr\u00fcfen.<br>Wenn auf einer anderen Internet-Seite ein Fehler ist,<br>dann haftet der Betreiber von dieser anderen Internet-Seite daf\u00fcr.<br>Das Museum haftet daf\u00fcr nicht.<br><br><br><strong>Design und Technik<\/strong><br>Die Gestalter von dieser Internet-Seite sind:<br>Henne \/ Ordnung<br>Schinke-Stra\u00dfe 9<br>12047 Berlin<br>Internet-Seite: <a href=\"http:\/\/www.henne-ordnung.de\">www.henne-ordnung.de<\/a><\/p>\n<\/div>\n<\/div>\n<\/div>\n<\/section>","protected":false},"excerpt":{"rendered":"<p>Im Impressum steht,<br \/>\nwem die Internet-Seite geh\u00f6rt.<br \/>\nDas ist wichtig f\u00fcr die Regeln im Internet.<\/p>\n","protected":false},"author":2,"featured_media":1274,"parent":0,"menu_order":0,"comment_status":"closed","ping_status":"closed","template":"","meta":{"_acf_changed":false,"ho_image_focal_point":"","footnotes":""},"class_list":["post-2130","page","type-page","status-publish","has-post-thumbnail","hentry"],"acf":{"audio":"","video":"","poster":"","noindex":false,"keywords":"","seo_titel":""},"_links":{"self":[{"href":"https:\/\/www.ikmweiden.de\/ls\/wp-json\/wp\/v2\/pages\/2130","targetHints":{"allow":["GET"]}}],"collection":[{"href":"https:\/\/www.ikmweiden.de\/ls\/wp-json\/wp\/v2\/pages"}],"about":[{"href":"https:\/\/www.ikmweiden.de\/ls\/wp-json\/wp\/v2\/types\/page"}],"author":[{"embeddable":true,"href":"https:\/\/www.ikmweiden.de\/ls\/wp-json\/wp\/v2\/users\/2"}],"replies":[{"embeddable":true,"href":"https:\/\/www.ikmweiden.de\/ls\/wp-json\/wp\/v2\/comments?post=2130"}],"version-history":[{"count":3,"href":"https:\/\/www.ikmweiden.de\/ls\/wp-json\/wp\/v2\/pages\/2130\/revisions"}],"predecessor-version":[{"id":2181,"href":"https:\/\/www.ikmweiden.de\/ls\/wp-json\/wp\/v2\/pages\/2130\/revisions\/2181"}],"wp:featuredmedia":[{"embeddable":true,"href":"https:\/\/www.ikmweiden.de\/ls\/wp-json\/wp\/v2\/media\/1274"}],"wp:attachment":[{"href":"https:\/\/www.ikmweiden.de\/ls\/wp-json\/wp\/v2\/media?parent=2130"}],"curies":[{"name":"wp","href":"https:\/\/api.w.org\/{rel}","templated":true}]}}