{"id":2120,"date":"2025-09-18T11:58:44","date_gmt":"2025-09-18T09:58:44","guid":{"rendered":"https:\/\/www.ikmweiden.de\/erklaerung-zur-barrierefreiheit\/"},"modified":"2025-12-19T15:09:44","modified_gmt":"2025-12-19T14:09:44","slug":"erklaerung-zur-barrierefreiheit","status":"publish","type":"page","link":"https:\/\/www.ikmweiden.de\/ls\/erklaerung-zur-barrierefreiheit\/","title":{"rendered":"Erkl\u00e4rung zur Barriere-Freiheit"},"content":{"rendered":"<section class='wp-block-ho-pattern ' data-pattern='ho\/header-text'>\n\n<div  class='container-fluid margin-top-7 margin-bottom-4'>\n\n<div  class='row'>\n\n<div  class='col col-xs-12 col-md-6'>\n\n<div  class='margin-bottom-4'>\n<h1>Erkl\u00e4rung zur Barriere-Freiheit<\/h1>\n<\/div>\n<\/div>\n<\/div>\n\n\n\n\n<div  class='row'>\n\n<div  class='col col-xs-12 col-md-6'>\n\n<div  class='margin-bottom-4'><div class=body-large>\nDas Internationale Keramik-Museum Weiden m\u00f6chte,\ndass alle Menschen das Museum gut nutzen k\u00f6nnen.\nDas nennt man Barriere-Freiheit.<\/div><\/div>\n<\/div>\n<\/div>\n\n\n\n\n<div  class='row'>\n\n<div  class='col col-xs-12'><div class=\"wp-block-ho-slot \">\n<div class=\"accessibility-menu\">\n\t<div class=\"wp-block-ho-buttons\">\n\t\t\t\t<div class=\"wp-block-ho-buttons-item\">\n\t\t\t<a href=\"https:\/\/www.ikmweiden.de\/erklaerung-zur-barrierefreiheit\/\" class=\"ho-button is-senary button-no-hover icon-with-text-outside-left is-small  invert\" aria-label=\"Leichte Sprache deaktivieren\" rel=\"alternate\">\n\t\t\t\t<span class=\"ho-button-icon icon-leichtesprache\" aria-hidden=\"true\"><\/span>\n\t\t\t\t<span class=\"ho-button-label\">Leichte Sprache deaktivieren<\/span>\n\t\t\t<\/a>\n\t\t<\/div>\n\t\t\n\t\t\n\n\t\t\t<\/div>\n<\/div>\n\n<\/div>\n<\/div>\n<\/div>\n<\/div>\n<\/section>\n\n<section class='wp-block-ho-pattern ' data-pattern='ho\/einfacher-text'>\n\n<div  class='container-fluid margin-bottom-7'>\n\n<div  class='row'>\n\n<div  class='col col-xs-12 col-md-8'>\t<p class='body'>Barriere-Freiheit bedeutet:<br>Es gibt keine Hindernisse.<br>Alle Menschen sollen gleich gut teilnehmen k\u00f6nnen.<br><br>Zum Beispiel: Menschen mit Behinderungen oder <br>Menschen, die noch nicht gut Deutsch sprechen.<br>Das Museum will f\u00fcr seine Besucher*innen immer besser werden.<br><br>Auch die Internet-Seiten sollen barriere-frei sein.<br>Dazu geh\u00f6rt:<br>Texte, Bilder und Funktionen sollen f\u00fcr alle gut nutzbar sein.<\/p>\n<\/div>\n<\/div>\n<\/div>\n<\/section>\n\n<section class='wp-block-ho-pattern ' data-pattern='ho\/zwischenuberschrift'>\n\n<div  class='container-fluid margin-bottom-4'>\n\n<div  class='row'>\n\n<div  class='col col-xs-12 col-md-8'>\n<h3 class='h3' style=\"white-space: normal;\"><br \/>\nStand der Barriere-Freiheit von der Internet-Seite<\/h3>\n<\/div>\n<\/div>\n<\/div>\n<\/section>\n\n<section class='wp-block-ho-pattern ' data-pattern='ho\/einfacher-text'>\n\n<div  class='container-fluid margin-bottom-7'>\n\n<div  class='row'>\n\n<div  class='col col-xs-12 col-md-8'>\t<p class='body'>Die Internet-Seite erf\u00fcllt die Regeln der BayEGovV.<br>Das ist die Abk\u00fcrzung f\u00fcr eine bayerische Regel f\u00fcr barriere-freie Internet-Seiten.<br>Die neue Internet-Seite ist am 12. Oktober 2025 gestartet.<br>Bei der Planung und beim Bau von der Seite haben wir die Barriere-Freiheit beachtet.<br>Es hat Tests und Beratung von Fach-Leuten gegeben.<br>Es gibt Informationen \u00fcber das Museum in leicht verst\u00e4ndlicher Sprache.<br>Seit 2025 gibt es zu allen Ausstellungen Texte in leicht verst\u00e4ndlicher Sprache.<br>Alle Bilder auf der Internet-Seite haben Alternativ-Texte.<br>Ein Alternativ-Text erkl\u00e4rt ein Bild mit Worten.<br><\/p>\n<\/div>\n<\/div>\n<\/div>\n<\/section>\n\n<section class='wp-block-ho-pattern ' data-pattern='ho\/zwischenuberschrift'>\n\n<div  class='container-fluid margin-bottom-4'>\n\n<div  class='row'>\n\n<div  class='col col-xs-12 col-md-8'>\n<h3 class='h3' style=\"white-space: normal;\">Erstellung von der Barriere-Freiheits-Erkl\u00e4rung<\/h3>\n<\/div>\n<\/div>\n<\/div>\n<\/section>\n\n<section class='wp-block-ho-pattern ' data-pattern='ho\/einfacher-text'>\n\n<div  class='container-fluid margin-bottom-7'>\n\n<div  class='row'>\n\n<div  class='col col-xs-12 col-md-8'>\t<p class='body'>Die Erkl\u00e4rung hat man am 6. Oktober 2025 zum ersten Mal geschrieben.<br>Am gleichen Tag hat man die Erkl\u00e4rung gepr\u00fcft.<br><\/p>\n<\/div>\n<\/div>\n<\/div>\n<\/section>\n\n<section class='wp-block-ho-pattern ' data-pattern='ho\/zwischenuberschrift'>\n\n<div  class='container-fluid margin-bottom-4'>\n\n<div  class='row'>\n\n<div  class='col col-xs-12 col-md-8'>\n<h3 class='h3' style=\"white-space: normal;\">Barrieren melden:<\/h3>\n<\/div>\n<\/div>\n<\/div>\n<\/section>\n\n<section class='wp-block-ho-pattern ' data-pattern='ho\/einfacher-text'>\n\n<div  class='container-fluid margin-bottom-7'>\n\n<div  class='row'>\n\n<div  class='col col-xs-12 col-md-8'>\t<p class='body'>Wenn Sie eine Barriere auf der Internet-Seite bemerken,<br>k\u00f6nnen Sie eine Nachricht schicken.<br>Eine Barriere ist ein Hindernis.<br>Zum Beispiel: <br>Etwas kann man schwer lesen oder etwas ist noch nicht zug\u00e4nglich.<br>Daf\u00fcr ist Die Neue Sammlung \u2013 The Design Museum zust\u00e4ndig.<br>Die Adresse ist:<br>Die Neue Sammlung \u2013 The Design Museum<br>T\u00fcrkenstra\u00dfe 15<br>80333 M\u00fcnchen<br>Telefon in Deutschland: 089 &#8211; 272 72 50<br>Fax in Deutschland: 089 &#8211; 272 72 55 61<br>Sie k\u00f6nnen auch eine E-Mail schreiben: info@die-neue-sammlung.de<br><\/p>\n<\/div>\n<\/div>\n<\/div>\n<\/section>\n\n<section class='wp-block-ho-pattern ' data-pattern='ho\/zwischenuberschrift'>\n\n<div  class='container-fluid margin-bottom-4'>\n\n<div  class='row'>\n\n<div  class='col col-xs-12 col-md-8'>\n<h3 class='h3' style=\"white-space: normal;\">Durchsetzungs-Verfahren<\/h3>\n<\/div>\n<\/div>\n<\/div>\n<\/section>\n\n<section class='wp-block-ho-pattern ' data-pattern='ho\/text-mit-button'>\n\n<div  class='container-fluid margin-bottom-7'>\n\n<div  class='row padding-bottom-4'>\n\n<div  class='col col-xs-12 col-md-8'>\t<p class='body'>Wenn Sie eine Barriere gemeldet haben und<br>6 Wochen lang keine Antwort bekommen haben:<br>Dann k\u00f6nnen Sie einen Antrag stellen.<br>Der Antrag geht an:<br>Landesamt f\u00fcr Digitalisierung, Breitband und Vermessung.<br>Die Abk\u00fcrzung ist: LDBV.<br>Das Amt pr\u00fcft dann, <br>ob das Museum etwas \u00e4ndern muss.<br>Die Adresse ist:<br>Landesamt f\u00fcr Digitalisierung, Breitband und Vermessung <br>IT-Dienstleistungszentrum des Freistaats Bayern<br>Durchsetzungs- und \u00dcberwachungsstelle f\u00fcr barrierefreie Informationstechnik<br>St.-Martin-Stra\u00dfe 47<br>81541 M\u00fcnchen<br>Hier k\u00f6nnen sie eine E-Mail schreiben: bitv@bayern.de<br><\/p>\n<\/div>\n<\/div>\n\n\n\n\n<div  class='row'>\n\n<div  class='col col-xs-12 col-md-8'>\n\n<div  class='wp-block-ho-buttons wp-block-ho-buttons'>\n<div class=\"wp-block-ho-buttons-item\">\n\t<a href=\"https:\/\/www.ldbv.bayern.de\/digitalisierung\/bitv\/\"  target=\"\" role=\"button\" aria-pressed=\"false\" rel=\"nofollow\" class=\"ho-button is-primary has-outgoing-link-icon-left\">\n\t\t\t\t\t<span class=\"ho-button-icon icon-arrow-link\"><\/span>\n\t\t\t\t<span class=\"ho-button-label \">Landesamt f\u00fcr Digtialisierung<\/span>\n\t<\/a>\n<\/div>\n<\/div>\n<\/div>\n<\/div>\n<\/div>\n<\/section>","protected":false},"excerpt":{"rendered":"<p>Das Internationale Keramik-Museum Weiden m\u00f6chte,<br \/>\ndass alle Menschen das Museum gut nutzen k\u00f6nnen.<br \/>\nDas nennt man Barriere-Freiheit.<\/p>\n","protected":false},"author":2,"featured_media":111,"parent":0,"menu_order":0,"comment_status":"closed","ping_status":"closed","template":"","meta":{"_acf_changed":false,"ho_image_focal_point":"","footnotes":""},"class_list":["post-2120","page","type-page","status-publish","has-post-thumbnail","hentry"],"acf":{"audio":"","video":"","poster":"","noindex":false,"keywords":"","seo_titel":""},"_links":{"self":[{"href":"https:\/\/www.ikmweiden.de\/ls\/wp-json\/wp\/v2\/pages\/2120","targetHints":{"allow":["GET"]}}],"collection":[{"href":"https:\/\/www.ikmweiden.de\/ls\/wp-json\/wp\/v2\/pages"}],"about":[{"href":"https:\/\/www.ikmweiden.de\/ls\/wp-json\/wp\/v2\/types\/page"}],"author":[{"embeddable":true,"href":"https:\/\/www.ikmweiden.de\/ls\/wp-json\/wp\/v2\/users\/2"}],"replies":[{"embeddable":true,"href":"https:\/\/www.ikmweiden.de\/ls\/wp-json\/wp\/v2\/comments?post=2120"}],"version-history":[{"count":3,"href":"https:\/\/www.ikmweiden.de\/ls\/wp-json\/wp\/v2\/pages\/2120\/revisions"}],"predecessor-version":[{"id":2171,"href":"https:\/\/www.ikmweiden.de\/ls\/wp-json\/wp\/v2\/pages\/2120\/revisions\/2171"}],"wp:featuredmedia":[{"embeddable":true,"href":"https:\/\/www.ikmweiden.de\/ls\/wp-json\/wp\/v2\/media\/111"}],"wp:attachment":[{"href":"https:\/\/www.ikmweiden.de\/ls\/wp-json\/wp\/v2\/media?parent=2120"}],"curies":[{"name":"wp","href":"https:\/\/api.w.org\/{rel}","templated":true}]}}