{"id":2116,"date":"2025-09-15T12:16:02","date_gmt":"2025-09-15T10:16:02","guid":{"rendered":"https:\/\/www.ikmweiden.de\/die-neue-sammlung\/"},"modified":"2025-12-19T15:07:31","modified_gmt":"2025-12-19T14:07:31","slug":"die-neue-sammlung","status":"publish","type":"page","link":"https:\/\/www.ikmweiden.de\/ls\/die-neue-sammlung\/","title":{"rendered":"Die Neue Sammlung &#8211; The Design Museum"},"content":{"rendered":"<section class='wp-block-ho-pattern ' data-pattern='ho\/header-text'>\n\n<div  class='container-fluid margin-top-7 margin-bottom-4'>\n\n<div  class='row'>\n\n<div  class='col col-xs-12 col-md-6'>\n\n<div  class='margin-bottom-4'>\n<h1>Die Neue Sammlung &#8211; The Design Museum<\/h1>\n<\/div>\n<\/div>\n<\/div>\n\n\n\n\n<div  class='row'>\n\n<div  class='col col-xs-12 col-md-6'>\n\n<div  class='margin-bottom-4'><div class=body-large>\u00dcber 100 Jahre Design<\/div><\/div>\n<\/div>\n<\/div>\n\n\n\n\n<div  class='row'>\n\n<div  class='col col-xs-12'><div class=\"wp-block-ho-slot \">\n<div class=\"accessibility-menu\">\n\t<div class=\"wp-block-ho-buttons\">\n\t\t\t\t<div class=\"wp-block-ho-buttons-item\">\n\t\t\t<a href=\"https:\/\/www.ikmweiden.de\/die-neue-sammlung\/\" class=\"ho-button is-senary button-no-hover icon-with-text-outside-left is-small  invert\" aria-label=\"Leichte Sprache deaktivieren\" rel=\"alternate\">\n\t\t\t\t<span class=\"ho-button-icon icon-leichtesprache\" aria-hidden=\"true\"><\/span>\n\t\t\t\t<span class=\"ho-button-label\">Leichte Sprache deaktivieren<\/span>\n\t\t\t<\/a>\n\t\t<\/div>\n\t\t\n\t\t\n\n\t\t\t<\/div>\n<\/div>\n\n<\/div>\n<\/div>\n<\/div>\n<\/div>\n<\/section>\n\n<section class='wp-block-ho-pattern ' data-pattern='ho\/text-mit-button'>\n\n<div  class='container-fluid margin-bottom-7'>\n\n<div  class='row padding-bottom-4'>\n\n<div  class='col col-xs-12 col-md-8'>\t<p class='body'>Die Neue Sammlung ist ein sehr gro\u00dfes Design-Museum in M\u00fcnchen.<br>Das Museum ist \u00fcber 100 Jahre alt.<br>Es geh\u00f6rt zu den \u00e4ltesten und wichtigsten Museen f\u00fcr Design auf der Welt.<br>Design bedeutet: Dinge sind gestaltet.<br>Zum Beispiel: M\u00f6bel, Schmuck, Textilien oder Keramik.<br>Auch Gebrauchs-Gegenst\u00e4nde sind Design.<br>Zum Beispiel: Lampen, St\u00fchle oder Gl\u00e4ser.<br><br>Die Neue Sammlung hat viele Geb\u00e4ude.<br>Der wichtigste Ort ist die Pinakothek der Moderne in M\u00fcnchen.<br>Dort werden sehr viele Kunst-Objekte und Design-Objekte gezeigt.<br>Das Internationale Keramik-Museum Weiden geh\u00f6rt zu: Die Neue Sammlung.<br><br>In Weiden liegt der Schwerpunkt auf Keramik.<br>Keramik bedeutet: Kunst und Gegenst\u00e4nde aus gebranntem Ton.<br><br>Das gro\u00dfe Museum in M\u00fcnchen zeigt aber auch viele andere Dinge.<br>Zum Beispiel: <br>M\u00f6bel, Schmuck, Glas, Metall, Grafik-Design und <br>viele besondere Objekte aus 100 Jahren Design-Geschichte.<br>Wenn Sie mehr \u00fcber Die Neue Sammlung wissen m\u00f6chten:<br>Informationen finden Sie auf der Internet-Seite.<\/p>\n<\/div>\n<\/div>\n\n\n\n\n<div  class='row'>\n\n<div  class='col col-xs-12 col-md-8'>\n\n<div  class='wp-block-ho-buttons wp-block-ho-buttons'>\n<div class=\"wp-block-ho-buttons-item\">\n\t<a href=\"www.die-neue-sammlung.de\"  target=\"\" role=\"button\" aria-pressed=\"false\" rel=\"nofollow\" class=\"ho-button is-primary has-outgoing-link-icon-left\">\n\t\t\t\t\t<span class=\"ho-button-icon icon-arrow-link\"><\/span>\n\t\t\t\t<span class=\"ho-button-label \">www.die-neue-sammlung.de<\/span>\n\t<\/a>\n<\/div>\n<\/div>\n<\/div>\n<\/div>\n<\/div>\n<\/section>\n\n<section class='wp-block-ho-pattern ' data-pattern='ho\/grosses-bild'>\n\n<div  class='margin-bottom-7'><figure itemscope itemtype=\"http:\/\/schema.org\/ImageObject\" class=\"lazy-media-inline \" role=\"group\" aria-describedby=\"media_Q7cGk0\">\n<script type=\"application\/json\">{\n\"id\" : 470,\n\"sizes\" : {\"medium\":{\"file\":\"dns-xd_CF214410_kellermann-1920x1440-1-300x225.jpg\",\"width\":300,\"height\":225,\"mime-type\":\"image\\\/jpeg\",\"filesize\":18733},\"large\":{\"file\":\"dns-xd_CF214410_kellermann-1920x1440-1-1024x768.jpg\",\"width\":1024,\"height\":768,\"mime-type\":\"image\\\/jpeg\",\"filesize\":129667},\"medium_large\":{\"file\":\"dns-xd_CF214410_kellermann-1920x1440-1-768x576.jpg\",\"width\":768,\"height\":576,\"mime-type\":\"image\\\/jpeg\",\"filesize\":82951},\"1536x1536\":{\"file\":\"dns-xd_CF214410_kellermann-1920x1440-1-1536x1152.jpg\",\"width\":1536,\"height\":1152,\"mime-type\":\"image\\\/jpeg\",\"filesize\":244767},\"small\":{\"file\":\"dns-xd_CF214410_kellermann-1920x1440-1-440x330.jpg\",\"width\":440,\"height\":330,\"mime-type\":\"image\\\/jpeg\",\"filesize\":33921},\"semi\":{\"file\":\"dns-xd_CF214410_kellermann-1920x1440-1-580x435.jpg\",\"width\":580,\"height\":435,\"mime-type\":\"image\\\/jpeg\",\"filesize\":53534},\"mobile\":{\"file\":\"dns-xd_CF214410_kellermann-1920x1440-1-720x540.jpg\",\"width\":720,\"height\":540,\"mime-type\":\"image\\\/jpeg\",\"filesize\":74907},\"hd\":{\"file\":\"dns-xd_CF214410_kellermann-1920x1440-1-1280x960.jpg\",\"width\":1280,\"height\":960,\"mime-type\":\"image\\\/jpeg\",\"filesize\":186910},\"original\":{\"file\":\"dns-xd_CF214410_kellermann-1920x1440-1.jpg\",\"width\":1920,\"height\":1440}},\n\"alt\" : \"Modernes Ausstellungsdesign: Regale mit bunten Objekten in einem hellen, offenen Raum f\\u00fcr einen Rundgang.\",\n\"path\" : \"\\\/wp-content\\\/uploads\\\/2025\\\/10\\\/\",\n\"video\" : null,\n\"autoplay\" : null,\n\"youtube\" : null,\n\"youtubelabel\" : \"play\",\n\"brightness\" : 100,\n\"crop\" : null,\n\"background\" : false,\n\"scale\" : 1,\n\"zoom\" : false,\n\"annotations\" : null}<\/script>\n<div class=\"height-container \" style=\"padding-bottom:75%;   \">\n\t<div class=\"height-container-contents lazy-media-contents\">\n\t\n\t<div class=\"lazy-media-preview\" style=\"background-image: url('data:image\/jpeg;base64,\/9j\/4AAQSkZJRgABAQEAYABgAAD\/\/gA7Q1JFQVRPUjogZ2QtanBlZyB2MS4wICh1c2luZyBJSkcgSlBFRyB2NjIpLCBxdWFsaXR5ID0gOTAK\/9sAQwADAgIDAgIDAwMDBAMDBAUIBQUEBAUKBwcGCAwKDAwLCgsLDQ4SEA0OEQ4LCxAWEBETFBUVFQwPFxgWFBgSFBUU\/9sAQwEDBAQFBAUJBQUJFA0LDRQUFBQUFBQUFBQUFBQUFBQUFBQUFBQUFBQUFBQUFBQUFBQUFBQUFBQUFBQUFBQUFBQU\/8AAEQgAEgAYAwEiAAIRAQMRAf\/EAB8AAAEFAQEBAQEBAAAAAAAAAAABAgMEBQYHCAkKC\/\/EALUQAAIBAwMCBAMFBQQEAAABfQECAwAEEQUSITFBBhNRYQcicRQygZGhCCNCscEVUtHwJDNicoIJChYXGBkaJSYnKCkqNDU2Nzg5OkNERUZHSElKU1RVVldYWVpjZGVmZ2hpanN0dXZ3eHl6g4SFhoeIiYqSk5SVlpeYmZqio6Slpqeoqaqys7S1tre4ubrCw8TFxsfIycrS09TV1tfY2drh4uPk5ebn6Onq8fLz9PX29\/j5+v\/EAB8BAAMBAQEBAQEBAQEAAAAAAAABAgMEBQYHCAkKC\/\/EALURAAIBAgQEAwQHBQQEAAECdwABAgMRBAUhMQYSQVEHYXETIjKBCBRCkaGxwQkjM1LwFWJy0QoWJDThJfEXGBkaJicoKSo1Njc4OTpDREVGR0hJSlNUVVZXWFlaY2RlZmdoaWpzdHV2d3h5eoKDhIWGh4iJipKTlJWWl5iZmqKjpKWmp6ipqrKztLW2t7i5usLDxMXGx8jJytLT1NXW19jZ2uLj5OXm5+jp6vLz9PX29\/j5+v\/aAAwDAQACEQMRAD8A+Z9Z+B\/ibRbh3t7Ka8gQfPHjawqHRvCWpW1hHcNp80UoZ0CyAnj1r6n+Fd94v1vW5LSBjqVlMmZnu8Yiz1JP9Kl1j47+G\/DvxLtfBwtba5toP3DXDICDJ3qY3e6KmlF6O58xeLNvh\/Q9Bn09LkazHcFVEKkALj+E+tFfSn7QWreGZ7XwhZrCmmWcl9m4u4lB2qRzgetFF0I9V+Dkaw\/CMyxqEka3cs6jBJwepr80PFtxKfiOZDI5f+0vvbjn73rRRWhB9o\/YrfUdKshdQRXIUAgTIHwce9FFFA0f\/9k='); background-position: 50% 50%; height: 100%; width: 100%;\"><\/div>\n\n\t\n<div class=\"lazy-media loaded\">\n\t<img decoding=\"async\" src=\"https:\/\/www.ikmweiden.de\/wp-content\/uploads\/2025\/10\/dns-xd_CF214410_kellermann-1920x1440-1.jpg\" srcset=\"https:\/\/www.ikmweiden.de\/wp-content\/uploads\/2025\/10\/dns-xd_CF214410_kellermann-1920x1440-1.jpg 1920w, https:\/\/www.ikmweiden.de\/wp-content\/uploads\/2025\/10\/dns-xd_CF214410_kellermann-1920x1440-1-300x225.jpg 300w, https:\/\/www.ikmweiden.de\/wp-content\/uploads\/2025\/10\/dns-xd_CF214410_kellermann-1920x1440-1-1024x768.jpg 1024w, https:\/\/www.ikmweiden.de\/wp-content\/uploads\/2025\/10\/dns-xd_CF214410_kellermann-1920x1440-1-768x576.jpg 768w, https:\/\/www.ikmweiden.de\/wp-content\/uploads\/2025\/10\/dns-xd_CF214410_kellermann-1920x1440-1-1536x1152.jpg 1536w, https:\/\/www.ikmweiden.de\/wp-content\/uploads\/2025\/10\/dns-xd_CF214410_kellermann-1920x1440-1-440x330.jpg 440w, https:\/\/www.ikmweiden.de\/wp-content\/uploads\/2025\/10\/dns-xd_CF214410_kellermann-1920x1440-1-580x435.jpg 580w, https:\/\/www.ikmweiden.de\/wp-content\/uploads\/2025\/10\/dns-xd_CF214410_kellermann-1920x1440-1-720x540.jpg 720w, https:\/\/www.ikmweiden.de\/wp-content\/uploads\/2025\/10\/dns-xd_CF214410_kellermann-1920x1440-1-1280x960.jpg 1280w\" sizes=\"(max-width: 763px) 100vw, (qmin-width: 764px) and (max-width: 1023px) 100vw, (min-width: 1024px) 100vw\" alt=\"Modernes Ausstellungsdesign: Regale mit bunten Objekten in einem hellen, offenen Raum f\u00fcr einen Rundgang.\" loading=\"lazy\" \/>\n<\/div>\t\t<\/div>\n<\/div>\n\n\n\n\n\n\t\t<figcaption class=\"\" id=\"media_Q7cGk0\">\n\t\t\t<div class=\"figcaption-wrapper\">\n\t\t\t\t\t\t\t<div class=\"lazy-media-image-label\">Blick ins X-D-E-P-O-T<\/div>\n\t\t\t\t\t\t\t\t\t\t<div class=\"lazy-media-image-description\">\u00a9 Die Neue Sammlung <\/div>\n\t\t\t\t\t\t\t\t\t<\/div>\n\t\t<\/figcaption>\n\t\n<\/figure>\n\n\t\t<\/div>\n<\/section>","protected":false},"excerpt":{"rendered":"<p>\u00dcber 100 Jahre Design<\/p>\n","protected":false},"author":2,"featured_media":144,"parent":0,"menu_order":0,"comment_status":"closed","ping_status":"closed","template":"","meta":{"_acf_changed":false,"ho_image_focal_point":"","footnotes":""},"class_list":["post-2116","page","type-page","status-publish","has-post-thumbnail","hentry"],"acf":{"audio":"","video":"","poster":"","noindex":false,"keywords":"","seo_titel":""},"_links":{"self":[{"href":"https:\/\/www.ikmweiden.de\/ls\/wp-json\/wp\/v2\/pages\/2116","targetHints":{"allow":["GET"]}}],"collection":[{"href":"https:\/\/www.ikmweiden.de\/ls\/wp-json\/wp\/v2\/pages"}],"about":[{"href":"https:\/\/www.ikmweiden.de\/ls\/wp-json\/wp\/v2\/types\/page"}],"author":[{"embeddable":true,"href":"https:\/\/www.ikmweiden.de\/ls\/wp-json\/wp\/v2\/users\/2"}],"replies":[{"embeddable":true,"href":"https:\/\/www.ikmweiden.de\/ls\/wp-json\/wp\/v2\/comments?post=2116"}],"version-history":[{"count":4,"href":"https:\/\/www.ikmweiden.de\/ls\/wp-json\/wp\/v2\/pages\/2116\/revisions"}],"predecessor-version":[{"id":2169,"href":"https:\/\/www.ikmweiden.de\/ls\/wp-json\/wp\/v2\/pages\/2116\/revisions\/2169"}],"wp:featuredmedia":[{"embeddable":true,"href":"https:\/\/www.ikmweiden.de\/ls\/wp-json\/wp\/v2\/media\/144"}],"wp:attachment":[{"href":"https:\/\/www.ikmweiden.de\/ls\/wp-json\/wp\/v2\/media?parent=2116"}],"curies":[{"name":"wp","href":"https:\/\/api.w.org\/{rel}","templated":true}]}}