{"id":2112,"date":"2025-09-15T12:12:07","date_gmt":"2025-09-15T10:12:07","guid":{"rendered":"https:\/\/www.ikmweiden.de\/das-team\/"},"modified":"2025-12-19T15:06:14","modified_gmt":"2025-12-19T14:06:14","slug":"das-team","status":"publish","type":"page","link":"https:\/\/www.ikmweiden.de\/ls\/das-team\/","title":{"rendered":"Das Team"},"content":{"rendered":"<section class='wp-block-ho-pattern ' data-pattern='ho\/header-text'>\n\n<div  class='container-fluid margin-top-7 margin-bottom-4'>\n\n<div  class='row'>\n\n<div  class='col col-xs-12 col-md-6'>\n\n<div  class='margin-bottom-4'>\n<h1>Das Team<\/h1>\n<\/div>\n<\/div>\n<\/div>\n\n\n\n\n<div  class='row'>\n\n<div  class='col col-xs-12 col-md-6'>\n\n<div  class='margin-bottom-4'><div class=body-large>Zust\u00e4ndigkeiten und Kontakte<\/div><\/div>\n<\/div>\n<\/div>\n\n\n\n\n<div  class='row'>\n\n<div  class='col col-xs-12'><div class=\"wp-block-ho-slot \">\n<div class=\"accessibility-menu\">\n\t<div class=\"wp-block-ho-buttons\">\n\t\t\t\t<div class=\"wp-block-ho-buttons-item\">\n\t\t\t<a href=\"https:\/\/www.ikmweiden.de\/das-team\/\" class=\"ho-button is-senary button-no-hover icon-with-text-outside-left is-small  invert\" aria-label=\"Leichte Sprache deaktivieren\" rel=\"alternate\">\n\t\t\t\t<span class=\"ho-button-icon icon-leichtesprache\" aria-hidden=\"true\"><\/span>\n\t\t\t\t<span class=\"ho-button-label\">Leichte Sprache deaktivieren<\/span>\n\t\t\t<\/a>\n\t\t<\/div>\n\t\t\n\t\t\n\n\t\t\t<\/div>\n<\/div>\n\n<\/div>\n<\/div>\n<\/div>\n<\/div>\n<\/section>\n\n<section class='wp-block-ho-pattern ' data-pattern='ho\/einfacher-text'>\n\n<div  class='container-fluid margin-bottom-7'>\n\n<div  class='row'>\n\n<div  class='col col-xs-12 col-md-8'>\t<p class='body'>2 Einrichtungen sind gemeinsam verantwortlich f\u00fcr <br>das Internationale Keramik-Museum Weiden:<br>&#8211; die Stadt Weiden<br>&#8211; Die Neue Sammlung \u2013 The Design Museum in M\u00fcnchen.<br>Das Museum hat ein Team in M\u00fcnchen und ein Team in Weiden.<br>Die Aufgaben sind zwischen beiden Orten aufgeteilt.<br>Fachliche Betreuung aus M\u00fcnchen<br>In M\u00fcnchen arbeiten Fach-Leute, <br>die sich sehr gut mit Keramik und Design auskennen.<br>Sie hei\u00dfen:<br><br>Prof. Dr. Angelika Nollert<br>Sie ist die Direktorin von Die Neue Sammlung.<br>Eine Direktorin leitet ein Museum.<br><br>Dr. Josef Stra\u00dfer<br>Er ist Haupt-Konservator und stellvertretender Direktor.<br>Ein Konservator ist ein Fach-Mann f\u00fcr Kunst-Werke.<br>Er sorgt daf\u00fcr, <br>dass die Objekte gut erhalten bleiben.<br><br>Auch das ganze Team von Die Neue Sammlung arbeitet mit Weiden zusammen.<br>Sie geben Fach-Wissen und Unterst\u00fctzung.<br>\u2003<br>Team vor Ort in Weiden<br>Johannes Listewnik ist der Museums-Leiter in Weiden.<br><br>Ute Frigger ist die leitende Aufsicht.<br>Sie hilft bei der Organisation im Museum.<br><br>Dazu gibt es mehrere Museums-Aufsichten.<br>Museums-Aufsichten helfen den Besuchern.<br><br>Sie passen auf die R\u00e4ume und die Kunst auf.<br>Die Aufsichten hei\u00dfen:<br>Ursula Braun<br>Dagmar H\u00f6llering<br>Heidi Kleimt<br>Wolfgang M\u00fcller<br>Sonja Obermaier<br><br>Viele Abteilungen von der Stadt Weiden unterst\u00fctzen das Museums-Team. <br>Zum Beispiel:<br>das Hochbau-Amt, der Hausmeister-Dienst oder die Presse-Stelle.<br>Diese Abteilungen helfen bei Geb\u00e4uden, Reparaturen und Informationen f\u00fcr die \u00d6ffentlichkeit.<\/p>\n<\/div>\n<\/div>\n<\/div>\n<\/section>","protected":false},"excerpt":{"rendered":"<p>Zust\u00e4ndigkeiten und Kontakte<\/p>\n","protected":false},"author":2,"featured_media":1350,"parent":0,"menu_order":0,"comment_status":"closed","ping_status":"closed","template":"","meta":{"_acf_changed":false,"ho_image_focal_point":"","footnotes":""},"class_list":["post-2112","page","type-page","status-publish","has-post-thumbnail","hentry"],"acf":{"audio":"","video":"","poster":"","noindex":false,"keywords":"","seo_titel":""},"_links":{"self":[{"href":"https:\/\/www.ikmweiden.de\/ls\/wp-json\/wp\/v2\/pages\/2112","targetHints":{"allow":["GET"]}}],"collection":[{"href":"https:\/\/www.ikmweiden.de\/ls\/wp-json\/wp\/v2\/pages"}],"about":[{"href":"https:\/\/www.ikmweiden.de\/ls\/wp-json\/wp\/v2\/types\/page"}],"author":[{"embeddable":true,"href":"https:\/\/www.ikmweiden.de\/ls\/wp-json\/wp\/v2\/users\/2"}],"replies":[{"embeddable":true,"href":"https:\/\/www.ikmweiden.de\/ls\/wp-json\/wp\/v2\/comments?post=2112"}],"version-history":[{"count":3,"href":"https:\/\/www.ikmweiden.de\/ls\/wp-json\/wp\/v2\/pages\/2112\/revisions"}],"predecessor-version":[{"id":2166,"href":"https:\/\/www.ikmweiden.de\/ls\/wp-json\/wp\/v2\/pages\/2112\/revisions\/2166"}],"wp:featuredmedia":[{"embeddable":true,"href":"https:\/\/www.ikmweiden.de\/ls\/wp-json\/wp\/v2\/media\/1350"}],"wp:attachment":[{"href":"https:\/\/www.ikmweiden.de\/ls\/wp-json\/wp\/v2\/media?parent=2112"}],"curies":[{"name":"wp","href":"https:\/\/api.w.org\/{rel}","templated":true}]}}