{"id":2108,"date":"2025-09-15T11:47:20","date_gmt":"2025-09-15T09:47:20","guid":{"rendered":"https:\/\/www.ikmweiden.de\/besuch-planen\/"},"modified":"2026-01-29T15:37:19","modified_gmt":"2026-01-29T14:37:19","slug":"besuch-planen","status":"publish","type":"page","link":"https:\/\/www.ikmweiden.de\/ls\/besuch-planen\/","title":{"rendered":"Besuch planen"},"content":{"rendered":"<section class='wp-block-ho-pattern ' data-pattern='ho\/header-text'>\n\n<div  class='container-fluid margin-top-7 margin-bottom-4'>\n\n<div  class='row'>\n\n<div  class='col col-xs-12 col-md-6'>\n\n<div  class='margin-bottom-4'>\n<h1>Besuch planen<\/h1>\n<\/div>\n<\/div>\n<\/div>\n\n\n\n\n<div  class='row'>\n\n<div  class='col col-xs-12 col-md-6'>\n\n<div  class='margin-bottom-4'><div class=body-large>Alles Wissenswerte rund um Ihren Besuch<\/div><\/div>\n<\/div>\n<\/div>\n\n\n\n\n<div  class='row'>\n\n<div  class='col col-xs-12'><div class=\"wp-block-ho-slot \">\n<div class=\"accessibility-menu\">\n\t<div class=\"wp-block-ho-buttons\">\n\t\t\t\t<div class=\"wp-block-ho-buttons-item\">\n\t\t\t<a href=\"https:\/\/www.ikmweiden.de\/besuch-planen\/\" class=\"ho-button is-senary button-no-hover icon-with-text-outside-left is-small  invert\" aria-label=\"Leichte Sprache deaktivieren\" rel=\"alternate\">\n\t\t\t\t<span class=\"ho-button-icon icon-leichtesprache\" aria-hidden=\"true\"><\/span>\n\t\t\t\t<span class=\"ho-button-label\">Leichte Sprache deaktivieren<\/span>\n\t\t\t<\/a>\n\t\t<\/div>\n\t\t\n\t\t\n\n\t\t\t<\/div>\n<\/div>\n\n<\/div>\n<\/div>\n<\/div>\n<\/div>\n<\/section>\n\n<section class='wp-block-ho-pattern toggle-optional-headline show-optional-headline toggle-optional-button show-optional-button' data-pattern='ho\/infos-zum-besuch-home'>\n\n<div  class='container-fluid margin-bottom-7'>\n\n<div  class='row padding-bottom-2'>\n\n<div  class='col col-xs-12 padding-bottom-3'>\n\n<div  class='line-light-grey'><\/div>\n<\/div>\n\n\n\n\n<div  class='col col-xs-12 col-md-8'>\n<h3 class='h3' style=\"white-space: normal;\">Wo?<\/h3>\n<\/div>\n<\/div>\n\n\n\n\n<div  class='row padding-bottom-4'>\n\n<div  class='col col-xs-12 padding-bottom-3 col-md-12'><ul class=\"wp-block wp-block-ho-grid row grid-infos-zum-besuch\">\n\t<li class=\"wp-block-ho-grid-item \">\n\t\t<p class='body'>Luitpoldstrasse 25, 92637 Weiden i.d.OPf.<\/p>\n<\/li><li class=\"wp-block-ho-grid-item \">\n\t\t<p class='body'><strong><a href=\"https:\/\/maps.app.goo.gl\/gD8PK9oFS4G8pvNc9\" data-type=\"link\" data-id=\"https:\/\/maps.app.goo.gl\/RMFzgDmLxkoorbNf9\" target=\"_blank\" rel=\"noreferrer noopener\">Auf Google Maps zeigen<\/a><\/strong><\/p>\n<\/li><\/ul><\/div>\n\n\n\n\n<div  class='col col-xs-12'>\n\n<div  class='line-light-grey'><\/div>\n<\/div>\n<\/div>\n\n\n\n\n<div  class='row padding-bottom-2'>\n\n<div  class='col col-xs-12 col-md-8'>\n<h3 class='h3' style=\"white-space: normal;\">Wann ist das Museum ge\u00f6ffnet?<\/h3>\n<\/div>\n<\/div>\n\n\n\n\n<div  class='row padding-bottom-4'>\n\n<div  class='col col-xs-12 padding-bottom-3 col-md-12'><ul class=\"wp-block wp-block-ho-grid row grid-infos-zum-besuch\">\n\t<li class=\"wp-block-ho-grid-item \">\n\t\t<p class='body'><strong>Dienstag <\/strong>\u2013<strong> Sonntag <\/strong>+<strong> Feiertage<\/strong> 11:00 \u2013 17:00 Uhr<br><br><strong>Wann ist das Museum geschlossen?<\/strong><br>Jeden Montag <br>Rosenmontag<br>Faschingsdienstag<br>Heiligabend<br>Weihnachtsfeiertag<br>Silvester<\/p>\n<\/li><li class=\"wp-block-ho-grid-item \">\n\t\t<p class='body'><br><\/p>\n<\/li><\/ul><\/div>\n\n\n\n\n<div  class='col col-xs-12 padding-bottom-3'>\n\n<div  class='line-light-grey'><\/div>\n<\/div>\n<\/div>\n\n\n\n\n<div  class='row ho-pattern-optional-button'>\n\n<div  class='col col-xs-12 col-md-8'>\n\n<div  class='wp-block-ho-buttons wp-block-ho-buttons'>\n<div class=\"wp-block-ho-buttons-item\">\n\t<a href=\"\"  target=\"\" role=\"button\" aria-pressed=\"false\" rel=\"nofollow\" class=\"ho-button is-tertiary has-outgoing-link-icon-left\">\n\t\t\t\t<span class=\"ho-button-label \">Ticket kaufen<\/span>\n\t<\/a>\n<\/div>\n\n\n\n<div class=\"wp-block-ho-buttons-item\">\n\t<a href=\"https:\/\/www.ikmweiden.de\/besuch-planen\/\"  target=\"\" role=\"button\" aria-pressed=\"false\" rel=\"nofollow\" class=\"ho-button is-primary has-outgoing-link-icon-left\">\n\t\t\t\t\t<span class=\"ho-button-icon icon-arrow-link\"><\/span>\n\t\t\t\t<span class=\"ho-button-label \">Besuch planen<\/span>\n\t<\/a>\n<\/div>\n<\/div>\n<\/div>\n<\/div>\n<\/div>\n<\/section>\n\n<section class='wp-block-ho-pattern ' data-pattern='ho\/bild-links'>\n\n<div  class='container-fluid margin-bottom-7'>\n\n<div  class='row'>\n\n<div  class='col col-xs-8 col-md-6'><figure itemscope itemtype=\"http:\/\/schema.org\/ImageObject\" class=\"lazy-media-inline \" role=\"group\" aria-describedby=\"media_CNJlAh\">\n<script type=\"application\/json\">{\n\"id\" : 681,\n\"sizes\" : {\"medium\":{\"file\":\"FY303942-Verbessert-RR-300x200.jpg\",\"width\":300,\"height\":200,\"mime-type\":\"image\\\/jpeg\",\"filesize\":13664},\"large\":{\"file\":\"FY303942-Verbessert-RR-1024x683.jpg\",\"width\":1024,\"height\":683,\"mime-type\":\"image\\\/jpeg\",\"filesize\":100094},\"medium_large\":{\"file\":\"FY303942-Verbessert-RR-768x512.jpg\",\"width\":768,\"height\":512,\"mime-type\":\"image\\\/jpeg\",\"filesize\":61458},\"1536x1536\":{\"file\":\"FY303942-Verbessert-RR-1536x1024.jpg\",\"width\":1536,\"height\":1024,\"mime-type\":\"image\\\/jpeg\",\"filesize\":202558},\"2048x2048\":{\"file\":\"FY303942-Verbessert-RR-2048x1365.jpg\",\"width\":2048,\"height\":1365,\"mime-type\":\"image\\\/jpeg\",\"filesize\":343482},\"small\":{\"file\":\"FY303942-Verbessert-RR-440x293.jpg\",\"width\":440,\"height\":293,\"mime-type\":\"image\\\/jpeg\",\"filesize\":25094},\"semi\":{\"file\":\"FY303942-Verbessert-RR-580x387.jpg\",\"width\":580,\"height\":387,\"mime-type\":\"image\\\/jpeg\",\"filesize\":39592},\"mobile\":{\"file\":\"FY303942-Verbessert-RR-720x480.jpg\",\"width\":720,\"height\":480,\"mime-type\":\"image\\\/jpeg\",\"filesize\":55298},\"hd\":{\"file\":\"FY303942-Verbessert-RR-1280x853.jpg\",\"width\":1280,\"height\":853,\"mime-type\":\"image\\\/jpeg\",\"filesize\":146928},\"full\":{\"file\":\"FY303942-Verbessert-RR-1920x1280.jpg\",\"width\":1920,\"height\":1280,\"mime-type\":\"image\\\/jpeg\",\"filesize\":304637},\"xxl\":{\"file\":\"FY303942-Verbessert-RR-4048x2698.jpg\",\"width\":4048,\"height\":2698,\"mime-type\":\"image\\\/jpeg\",\"filesize\":1164133},\"original\":{\"file\":\"FY303942-Verbessert-RR.jpg\",\"width\":5846,\"height\":3897}},\n\"alt\" : \"Eine junge Frau im Rollstuhl schaut sich alte Dinge in einem Museum mit einem Freund an.\",\n\"path\" : \"\\\/wp-content\\\/uploads\\\/2025\\\/10\\\/\",\n\"video\" : null,\n\"autoplay\" : null,\n\"youtube\" : null,\n\"youtubelabel\" : \"play\",\n\"brightness\" : 100,\n\"crop\" : null,\n\"background\" : false,\n\"scale\" : 1,\n\"zoom\" : false,\n\"annotations\" : null}<\/script>\n<div class=\"height-container \" style=\"padding-bottom:66.660964762231%;   \">\n\t<div class=\"height-container-contents lazy-media-contents\">\n\t\n\t<div class=\"lazy-media-preview\" style=\"background-image: url('data:image\/jpeg;base64,\/9j\/4AAQSkZJRgABAQEAYABgAAD\/\/gA7Q1JFQVRPUjogZ2QtanBlZyB2MS4wICh1c2luZyBJSkcgSlBFRyB2NjIpLCBxdWFsaXR5ID0gOTAK\/9sAQwADAgIDAgIDAwMDBAMDBAUIBQUEBAUKBwcGCAwKDAwLCgsLDQ4SEA0OEQ4LCxAWEBETFBUVFQwPFxgWFBgSFBUU\/9sAQwEDBAQFBAUJBQUJFA0LDRQUFBQUFBQUFBQUFBQUFBQUFBQUFBQUFBQUFBQUFBQUFBQUFBQUFBQUFBQUFBQUFBQU\/8AAEQgADwAYAwEiAAIRAQMRAf\/EAB8AAAEFAQEBAQEBAAAAAAAAAAABAgMEBQYHCAkKC\/\/EALUQAAIBAwMCBAMFBQQEAAABfQECAwAEEQUSITFBBhNRYQcicRQygZGhCCNCscEVUtHwJDNicoIJChYXGBkaJSYnKCkqNDU2Nzg5OkNERUZHSElKU1RVVldYWVpjZGVmZ2hpanN0dXZ3eHl6g4SFhoeIiYqSk5SVlpeYmZqio6Slpqeoqaqys7S1tre4ubrCw8TFxsfIycrS09TV1tfY2drh4uPk5ebn6Onq8fLz9PX29\/j5+v\/EAB8BAAMBAQEBAQEBAQEAAAAAAAABAgMEBQYHCAkKC\/\/EALURAAIBAgQEAwQHBQQEAAECdwABAgMRBAUhMQYSQVEHYXETIjKBCBRCkaGxwQkjM1LwFWJy0QoWJDThJfEXGBkaJicoKSo1Njc4OTpDREVGR0hJSlNUVVZXWFlaY2RlZmdoaWpzdHV2d3h5eoKDhIWGh4iJipKTlJWWl5iZmqKjpKWmp6ipqrKztLW2t7i5usLDxMXGx8jJytLT1NXW19jZ2uLj5OXm5+jp6vLz9PX29\/j5+v\/aAAwDAQACEQMRAD8A9X0r4qXVzp+oFL4WZTLpE7g5HoK85vPijd+JNfsNJlliuHmy7sOPKx61c074cpL500o83gkbnwM\/Sub8G\/Ce+0zxlPqzNFdRsGAt3chcHpj0r5OrmmHpKMartp16n0FLA1pXcFf06Hq+hfF288N6ZcWcUq+VnGR1+tFZMXhOG7edby0itUH3UiYtk+pNFeZUz+NN8sU2jthlc5K8tz\/\/2Q=='); background-position: 50% 50%; height: 100%; width: 100%;\"><\/div>\n\n\t\n<div class=\"lazy-media loaded\">\n\t<img decoding=\"async\" src=\"https:\/\/www.ikmweiden.de\/wp-content\/uploads\/2025\/10\/FY303942-Verbessert-RR-1920x1280.jpg\" srcset=\"https:\/\/www.ikmweiden.de\/wp-content\/uploads\/2025\/10\/FY303942-Verbessert-RR-1920x1280.jpg 1920w, https:\/\/www.ikmweiden.de\/wp-content\/uploads\/2025\/10\/FY303942-Verbessert-RR-300x200.jpg 300w, https:\/\/www.ikmweiden.de\/wp-content\/uploads\/2025\/10\/FY303942-Verbessert-RR-1024x683.jpg 1024w, https:\/\/www.ikmweiden.de\/wp-content\/uploads\/2025\/10\/FY303942-Verbessert-RR-768x512.jpg 768w, https:\/\/www.ikmweiden.de\/wp-content\/uploads\/2025\/10\/FY303942-Verbessert-RR-1536x1024.jpg 1536w, https:\/\/www.ikmweiden.de\/wp-content\/uploads\/2025\/10\/FY303942-Verbessert-RR-2048x1365.jpg 2048w, https:\/\/www.ikmweiden.de\/wp-content\/uploads\/2025\/10\/FY303942-Verbessert-RR-440x293.jpg 440w, https:\/\/www.ikmweiden.de\/wp-content\/uploads\/2025\/10\/FY303942-Verbessert-RR-580x387.jpg 580w, https:\/\/www.ikmweiden.de\/wp-content\/uploads\/2025\/10\/FY303942-Verbessert-RR-720x480.jpg 720w, https:\/\/www.ikmweiden.de\/wp-content\/uploads\/2025\/10\/FY303942-Verbessert-RR-1280x853.jpg 1280w\" sizes=\"(max-width: 763px) 100vw, (qmin-width: 764px) and (max-width: 1023px) 100vw, (min-width: 1024px) 100vw\" alt=\"Eine junge Frau im Rollstuhl schaut sich alte Dinge in einem Museum mit einem Freund an.\" loading=\"lazy\" \/>\n<\/div>\t\t<\/div>\n<\/div>\n\n\n\n\n\n\t\t<figcaption class=\"image_copyright_only\" id=\"media_CNJlAh\">\n\t\t\t<div class=\"figcaption-wrapper\">\n\t\t\t\t\t\t\t\t\t\t<div class=\"lazy-media-image-description\">\u00a9 Tourist-Information Stadt Weiden i.d.OPf. \u2013 Lukas Frey <\/div>\n\t\t\t\t\t\t\t\t\t<\/div>\n\t\t<\/figcaption>\n\t\n<\/figure>\n\n\t\t<\/div>\n<\/div>\n<\/div>\n<\/section>\n\n<section class='wp-block-ho-pattern ' data-pattern='ho\/uberschrift-mit-text'>\n\n<div  class='container-fluid margin-bottom-7'>\n\n<div  class='row padding-bottom-4'>\n\n<div  class='col col-xs-12 col-md-8'>\n<h2 class='h2' style=\"white-space: normal;\">Zug\u00e4nglichkeit zum Geb\u00e4ude<\/h2>\n<\/div>\n<\/div>\n\n\n\n\n<div  class='row'>\n\n<div  class='col col-xs-12 col-md-8'>\t<p class='body'>Im Museum gibt es einen Aufzug.<br>Damit k\u00f6nnen Sie viele R\u00e4ume gut erreichen.<br>Zwei R\u00e4ume sind schwer zug\u00e4nglich.<br>Es gibt ein barriere-freies WC.<br><\/p>\n<\/div>\n<\/div>\n<\/div>\n<\/section>\n\n<section class='wp-block-ho-pattern ' data-pattern='ho\/akkordeon-auf-grauem-hintergrund'>\n\n<div  class='margin-bottom-7'><div class=\"structure-content-color\" style=\"--content-color-foreground: #000000;--content-color-background: #EEEEEE;color: #000000;background: #EEEEEE;\">\n<div class='structure-content-color-content'>\n\n<div  class='container-fluid padding-bottom-7'>\n\n<div  class='row padding-top-5 padding-bottom-5'>\n\n<div  class='col col-xs-12'>\n<h2 class='h2' style=\"white-space: normal;\">Fragen und Antworten<\/h2>\n<\/div>\n<\/div>\n\n\n\n\n<div  class='row'>\n\n<div  class='col col-xs-12'>\n<accordion inline-template>\n\t<div class=\"accordion block-accordion\" role=\"tablist\">\n\t\t<accordion-item inline-template >\t<div ref=\"item\" data-id=\"Preise\" class=\"block-accordion-item vue-initialize\" :class=\"{'block-accordion-item-open': active}\">\n\t\t<button class=\"block-accordion-item-head\" tabindex=\"0\" :class=\"{'button-active': active}\" ref=\"head\" aria-controls=\"acc_69eb41d325b1d\" id=\"acc_title_69eb41d325b1f\" @click=\"toggle\" @keydown=\"key\" aria-expanded=\"false\" :aria-expanded=\"active ? 'true' : 'false'\">\n\t\t\t<span class=\"button-icon icon-open\" aria-hidden=\"true\"><\/span>\n\t\t\t<span class=\"button-label body-bold\">Preise<\/span>\n\t\t<\/button>\n\t\t<div ref=\"body\" class=\"block-accordion-item-content\" id=\"acc_69eb41d325b1d\" role=\"region\" aria-labelledby=\"acc_title_69eb41d325b1f\">\n\t\t\t<div class=\"wrapper\"><p class=\"copy\">Das sind die Eintritts-Preise:<br>Erwachsene: 4 Euro.<br>Erwachsene Personen mit einem erm\u00e4\u00dfigten Eintritt: 3 Euro.<br>Kinder und Jugendliche: 2 Euro.<br>Kinder bis 6 Jahre haben freien Eintritt.<br>Wenn die Er\u00f6ffnung von einer Ausstellung ist, <br>dann ist der Eintritt frei.<br>Eine F\u00fchrung f\u00fcr Gruppen kostet 45 Euro zus\u00e4tzlich zum Eintritt.<\/p><\/div>\n\t\t<\/div>\n\t<\/div>\n\t<\/accordion-item>\n<accordion-item inline-template >\t<div ref=\"item\" data-id=\"KannichdenEintrittmitKartebezahlen\" class=\"block-accordion-item vue-initialize\" :class=\"{'block-accordion-item-open': active}\">\n\t\t<button class=\"block-accordion-item-head\" tabindex=\"0\" :class=\"{'button-active': active}\" ref=\"head\" aria-controls=\"acc_69eb41d325bc8\" id=\"acc_title_69eb41d325bc9\" @click=\"toggle\" @keydown=\"key\" aria-expanded=\"false\" :aria-expanded=\"active ? 'true' : 'false'\">\n\t\t\t<span class=\"button-icon icon-open\" aria-hidden=\"true\"><\/span>\n\t\t\t<span class=\"button-label body-bold\">Kann ich den Eintritt mit Karte bezahlen?<\/span>\n\t\t<\/button>\n\t\t<div ref=\"body\" class=\"block-accordion-item-content\" id=\"acc_69eb41d325bc8\" role=\"region\" aria-labelledby=\"acc_title_69eb41d325bc9\">\n\t\t\t<div class=\"wrapper\"><p class=\"copy\">Ja.<br>Sie k\u00f6nnen mit allen bekannten Geld-Karten bezahlen.<\/p><\/div>\n\t\t<\/div>\n\t<\/div>\n\t<\/accordion-item>\n<accordion-item inline-template >\t<div ref=\"item\" data-id=\"ffnungs-Zeiten\" class=\"block-accordion-item vue-initialize\" :class=\"{'block-accordion-item-open': active}\">\n\t\t<button class=\"block-accordion-item-head\" tabindex=\"0\" :class=\"{'button-active': active}\" ref=\"head\" aria-controls=\"acc_69eb41d325c70\" id=\"acc_title_69eb41d325c71\" @click=\"toggle\" @keydown=\"key\" aria-expanded=\"false\" :aria-expanded=\"active ? 'true' : 'false'\">\n\t\t\t<span class=\"button-icon icon-open\" aria-hidden=\"true\"><\/span>\n\t\t\t<span class=\"button-label body-bold\">\u00d6ffnungs-Zeiten<\/span>\n\t\t<\/button>\n\t\t<div ref=\"body\" class=\"block-accordion-item-content\" id=\"acc_69eb41d325c70\" role=\"region\" aria-labelledby=\"acc_title_69eb41d325c71\">\n\t\t\t<div class=\"wrapper\"><p class=\"copy\">Das Museum ist von Dienstag bis Sonntag von 11 Uhr bis 17 Uhr offen.<br>Am Montag ist das Museum geschlossen.<br><br>An vielen Feier-Tagen ist das Museum offen.<br><br>Das Museum ist an folgenden Feiertagen von 11 Uhr bis 17 Uhr ge\u00f6ffnet:<br>Neujahr, Heilige Drei K\u00f6nige, Oster-Samstag, Oster-Sonntag, Oster-Montag, Mai-Feiertag, <br>Christi Himmelfahrt, Pfingst-Sonntag, Pfingst-Montag, Fronleichnam, Tag der Deutschen Einheit, <br>Allerheiligen, 2. Weihnachts-Feiertag<br><br>Das Museum ist an folgenden Tagen geschlossen: <br>Rosen-Montag, Faschings-Dienstag, Heilig-Abend, 1. Weihnachts-Feiertag, Silvester<br><br><br><\/p><\/div>\n\t\t<\/div>\n\t<\/div>\n\t<\/accordion-item>\n<accordion-item inline-template >\t<div ref=\"item\" data-id=\"WievielZeitsollteicheinplanen\" class=\"block-accordion-item vue-initialize\" :class=\"{'block-accordion-item-open': active}\">\n\t\t<button class=\"block-accordion-item-head\" tabindex=\"0\" :class=\"{'button-active': active}\" ref=\"head\" aria-controls=\"acc_69eb41d325d11\" id=\"acc_title_69eb41d325d12\" @click=\"toggle\" @keydown=\"key\" aria-expanded=\"false\" :aria-expanded=\"active ? 'true' : 'false'\">\n\t\t\t<span class=\"button-icon icon-open\" aria-hidden=\"true\"><\/span>\n\t\t\t<span class=\"button-label body-bold\">Wie viel Zeit sollte ich einplanen?<\/span>\n\t\t<\/button>\n\t\t<div ref=\"body\" class=\"block-accordion-item-content\" id=\"acc_69eb41d325d11\" role=\"region\" aria-labelledby=\"acc_title_69eb41d325d12\">\n\t\t\t<div class=\"wrapper\"><p class=\"copy\">F\u00fcr einen Besuch im ganzen Museum brauchen Sie ungef\u00e4hr 1 bis 2 Stunden.<\/p><\/div>\n\t\t<\/div>\n\t<\/div>\n\t<\/accordion-item>\n<accordion-item inline-template >\t<div ref=\"item\" data-id=\"Anfahrt\" class=\"block-accordion-item vue-initialize\" :class=\"{'block-accordion-item-open': active}\">\n\t\t<button class=\"block-accordion-item-head\" tabindex=\"0\" :class=\"{'button-active': active}\" ref=\"head\" aria-controls=\"acc_69eb41d325db5\" id=\"acc_title_69eb41d325db6\" @click=\"toggle\" @keydown=\"key\" aria-expanded=\"false\" :aria-expanded=\"active ? 'true' : 'false'\">\n\t\t\t<span class=\"button-icon icon-open\" aria-hidden=\"true\"><\/span>\n\t\t\t<span class=\"button-label body-bold\">Anfahrt<\/span>\n\t\t<\/button>\n\t\t<div ref=\"body\" class=\"block-accordion-item-content\" id=\"acc_69eb41d325db5\" role=\"region\" aria-labelledby=\"acc_title_69eb41d325db6\">\n\t\t\t<div class=\"wrapper\"><p class=\"copy\">Das Museum ist nah an der Alt-Stadt von Weiden.<br>Sie k\u00f6nnen dort gut zu Fu\u00df hingehen.<br>In der N\u00e4he gibt es Park-H\u00e4user und Park-Pl\u00e4tze.<br>Sie k\u00f6nnen auch mit dem Bus oder der Bahn zum Museum kommen.<br>Viele Bus-Linien halten in der N\u00e4he:<br><br>&#8211; Maria-Seltmann-Haus: Linie 1901<br>&#8211; Justizgeb\u00e4ude\/Klinikum: Linien 1843, 1845, 1951 und Bus 6272 und Bus 6295<br>&#8211; Josefs-Kirche: Bus 2503, Bus 6285 und Bus 6291<br><br>Vom Bahnhof in Weiden k\u00f6nnen Sie zu Fu\u00df gehen oder den Bus nehmen.<\/p><\/div>\n\t\t<\/div>\n\t<\/div>\n\t<\/accordion-item>\n<accordion-item inline-template >\t<div ref=\"item\" data-id=\"Garderobe\" class=\"block-accordion-item vue-initialize\" :class=\"{'block-accordion-item-open': active}\">\n\t\t<button class=\"block-accordion-item-head\" tabindex=\"0\" :class=\"{'button-active': active}\" ref=\"head\" aria-controls=\"acc_69eb41d325e57\" id=\"acc_title_69eb41d325e58\" @click=\"toggle\" @keydown=\"key\" aria-expanded=\"false\" :aria-expanded=\"active ? 'true' : 'false'\">\n\t\t\t<span class=\"button-icon icon-open\" aria-hidden=\"true\"><\/span>\n\t\t\t<span class=\"button-label body-bold\">Garderobe<\/span>\n\t\t<\/button>\n\t\t<div ref=\"body\" class=\"block-accordion-item-content\" id=\"acc_69eb41d325e57\" role=\"region\" aria-labelledby=\"acc_title_69eb41d325e58\">\n\t\t\t<div class=\"wrapper\"><p class=\"copy\">Bitte geben Sie Ihre Taschen und Rucks\u00e4cke an der Garderobe ab.<br>Das Museum \u00fcbernimmt keine Haftung f\u00fcr Ihre Sachen.<br>Aus Sicherheits-Gr\u00fcnden d\u00fcrfen gro\u00dfe Taschen, Koffer, Regenschirme oder <br>gro\u00dfe Gegenst\u00e4nde nicht in die Ausstellung.<br>Wenn etwas unklar ist, <br>hilft das Kassen-Personal oder das Aufsichts-Personal.<\/p><\/div>\n\t\t<\/div>\n\t<\/div>\n\t<\/accordion-item>\n<accordion-item inline-template >\t<div ref=\"item\" data-id=\"DarfichimMuseumfotografieren\" class=\"block-accordion-item vue-initialize\" :class=\"{'block-accordion-item-open': active}\">\n\t\t<button class=\"block-accordion-item-head\" tabindex=\"0\" :class=\"{'button-active': active}\" ref=\"head\" aria-controls=\"acc_69eb41d325f08\" id=\"acc_title_69eb41d325f09\" @click=\"toggle\" @keydown=\"key\" aria-expanded=\"false\" :aria-expanded=\"active ? 'true' : 'false'\">\n\t\t\t<span class=\"button-icon icon-open\" aria-hidden=\"true\"><\/span>\n\t\t\t<span class=\"button-label body-bold\">Darf ich im Museum fotografieren?<\/span>\n\t\t<\/button>\n\t\t<div ref=\"body\" class=\"block-accordion-item-content\" id=\"acc_69eb41d325f08\" role=\"region\" aria-labelledby=\"acc_title_69eb41d325f09\">\n\t\t\t<div class=\"wrapper\"><p class=\"copy\">Ja, aber nur f\u00fcr die private Erinnerung.<br>Sie d\u00fcrfen ohne Blitz und ohne Stativ fotografieren.<br>F\u00fcr andere Gr\u00fcnde brauchen Sie vorher die schriftliche Erlaubnis vom Museum.<\/p><\/div>\n\t\t<\/div>\n\t<\/div>\n\t<\/accordion-item>\n<accordion-item inline-template >\t<div ref=\"item\" data-id=\"GibtesSitz-Mglichkeiten\" class=\"block-accordion-item vue-initialize\" :class=\"{'block-accordion-item-open': active}\">\n\t\t<button class=\"block-accordion-item-head\" tabindex=\"0\" :class=\"{'button-active': active}\" ref=\"head\" aria-controls=\"acc_69eb41d325fb0\" id=\"acc_title_69eb41d325fb1\" @click=\"toggle\" @keydown=\"key\" aria-expanded=\"false\" :aria-expanded=\"active ? 'true' : 'false'\">\n\t\t\t<span class=\"button-icon icon-open\" aria-hidden=\"true\"><\/span>\n\t\t\t<span class=\"button-label body-bold\">Gibt es Sitz-M\u00f6glichkeiten?<\/span>\n\t\t<\/button>\n\t\t<div ref=\"body\" class=\"block-accordion-item-content\" id=\"acc_69eb41d325fb0\" role=\"region\" aria-labelledby=\"acc_title_69eb41d325fb1\">\n\t\t\t<div class=\"wrapper\"><p class=\"copy\">In der Ausstellung gibt es Sitz-B\u00e4nke und Hocker.<br>Es gibt auch Falt-Hocker,<br>die sie in die Ausstellung mitnehmen k\u00f6nnen.<\/p><\/div>\n\t\t<\/div>\n\t<\/div>\n\t<\/accordion-item>\n<accordion-item inline-template >\t<div ref=\"item\" data-id=\"GibteseinCaf\" class=\"block-accordion-item vue-initialize\" :class=\"{'block-accordion-item-open': active}\">\n\t\t<button class=\"block-accordion-item-head\" tabindex=\"0\" :class=\"{'button-active': active}\" ref=\"head\" aria-controls=\"acc_69eb41d326055\" id=\"acc_title_69eb41d326056\" @click=\"toggle\" @keydown=\"key\" aria-expanded=\"false\" :aria-expanded=\"active ? 'true' : 'false'\">\n\t\t\t<span class=\"button-icon icon-open\" aria-hidden=\"true\"><\/span>\n\t\t\t<span class=\"button-label body-bold\">Gibt es ein Caf\u00e9?<\/span>\n\t\t<\/button>\n\t\t<div ref=\"body\" class=\"block-accordion-item-content\" id=\"acc_69eb41d326055\" role=\"region\" aria-labelledby=\"acc_title_69eb41d326056\">\n\t\t\t<div class=\"wrapper\"><p class=\"copy\">Im Museum gibt es kein Caf\u00e9.<br>Im gleichen Geb\u00e4ude gibt es aber ein Lese-Caf\u00e9 von der Regional-Bibliothek.<br>In der Alt-Stadt von Weiden gibt es viele Caf\u00e9s und Restaurants.<\/p><\/div>\n\t\t<\/div>\n\t<\/div>\n\t<\/accordion-item>\n<accordion-item inline-template >\t<div ref=\"item\" data-id=\"DarfmeinHundinsMuseum\" class=\"block-accordion-item vue-initialize\" :class=\"{'block-accordion-item-open': active}\">\n\t\t<button class=\"block-accordion-item-head\" tabindex=\"0\" :class=\"{'button-active': active}\" ref=\"head\" aria-controls=\"acc_69eb41d3260f7\" id=\"acc_title_69eb41d3260f8\" @click=\"toggle\" @keydown=\"key\" aria-expanded=\"false\" :aria-expanded=\"active ? 'true' : 'false'\">\n\t\t\t<span class=\"button-icon icon-open\" aria-hidden=\"true\"><\/span>\n\t\t\t<span class=\"button-label body-bold\">Darf mein Hund ins Museum?<\/span>\n\t\t<\/button>\n\t\t<div ref=\"body\" class=\"block-accordion-item-content\" id=\"acc_69eb41d3260f7\" role=\"region\" aria-labelledby=\"acc_title_69eb41d3260f8\">\n\t\t\t<div class=\"wrapper\"><p class=\"copy\">Nein. <br>Hunde und andere Tiere d\u00fcrfen nicht in das Museum.<br>Nur Assistenz-Hunde d\u00fcrfen in das Museum.<br>Bitte sagen Sie an der Kasse Bescheid.<\/p><\/div>\n\t\t<\/div>\n\t<\/div>\n\t<\/accordion-item>\n\t<\/div>\n<\/accordion>\n<\/div>\n<\/div>\n<\/div>\n<\/div>\n<\/div>\n<\/div>\n<\/section>","protected":false},"excerpt":{"rendered":"<p>Alles Wissenswerte rund um Ihren Besuch<\/p>\n","protected":false},"author":2,"featured_media":686,"parent":0,"menu_order":0,"comment_status":"closed","ping_status":"closed","template":"","meta":{"_acf_changed":false,"ho_image_focal_point":"","footnotes":""},"class_list":["post-2108","page","type-page","status-publish","has-post-thumbnail","hentry"],"acf":{"audio":"","video":"","poster":"","noindex":false,"keywords":"adresse, \u00f6ffnungszeiten, anfahrt, parken, \u00f6ffentliche verkehrsmittel, \u00f6pnv","seo_titel":""},"_links":{"self":[{"href":"https:\/\/www.ikmweiden.de\/ls\/wp-json\/wp\/v2\/pages\/2108","targetHints":{"allow":["GET"]}}],"collection":[{"href":"https:\/\/www.ikmweiden.de\/ls\/wp-json\/wp\/v2\/pages"}],"about":[{"href":"https:\/\/www.ikmweiden.de\/ls\/wp-json\/wp\/v2\/types\/page"}],"author":[{"embeddable":true,"href":"https:\/\/www.ikmweiden.de\/ls\/wp-json\/wp\/v2\/users\/2"}],"replies":[{"embeddable":true,"href":"https:\/\/www.ikmweiden.de\/ls\/wp-json\/wp\/v2\/comments?post=2108"}],"version-history":[{"count":7,"href":"https:\/\/www.ikmweiden.de\/ls\/wp-json\/wp\/v2\/pages\/2108\/revisions"}],"predecessor-version":[{"id":2426,"href":"https:\/\/www.ikmweiden.de\/ls\/wp-json\/wp\/v2\/pages\/2108\/revisions\/2426"}],"wp:featuredmedia":[{"embeddable":true,"href":"https:\/\/www.ikmweiden.de\/ls\/wp-json\/wp\/v2\/media\/686"}],"wp:attachment":[{"href":"https:\/\/www.ikmweiden.de\/ls\/wp-json\/wp\/v2\/media?parent=2108"}],"curies":[{"name":"wp","href":"https:\/\/api.w.org\/{rel}","templated":true}]}}