{"id":1242,"date":"2025-11-04T13:57:27","date_gmt":"2025-11-04T12:57:27","guid":{"rendered":"https:\/\/www.ikmweiden.de\/?page_id=1242"},"modified":"2026-03-14T12:23:18","modified_gmt":"2026-03-14T11:23:18","slug":"informationen-in-leicht-verstaendlicher-sprache","status":"publish","type":"page","link":"https:\/\/www.ikmweiden.de\/ls\/informationen-in-leicht-verstaendlicher-sprache\/","title":{"rendered":"Informationen in leicht verst\u00e4ndlicher Sprache"},"content":{"rendered":"<section class='wp-block-ho-pattern ' data-pattern='ho\/header-text'>\n\n<div  class='container-fluid margin-top-7 margin-bottom-4'>\n\n<div  class='row'>\n\n<div  class='col col-xs-12 col-md-6'>\n\n<div  class='margin-bottom-4'>\n<h1>Informationen in leicht verst\u00e4ndlicher Sprache<\/h1>\n<\/div>\n<\/div>\n<\/div>\n\n\n\n\n<div  class='row'>\n\n<div  class='col col-xs-12 col-md-6'>\n\n<div  class='margin-bottom-4'><div class=body-large>Das Internationalen Keramik-Museum Weiden in leicht verst\u00e4ndlicher Sprache <\/div><\/div>\n<\/div>\n<\/div>\n\n\n\n\n<div  class='row'>\n\n<div  class='col col-xs-12'><div class=\"wp-block-ho-slot \">\n<div class=\"accessibility-menu\">\n\t<div class=\"wp-block-ho-buttons\">\n\t\t\t\t<div class=\"wp-block-ho-buttons-item\">\n\t\t\t<a href=\"https:\/\/www.ikmweiden.de\/informationen-in-leicht-verstaendlicher-sprache\/\" class=\"ho-button is-senary button-no-hover icon-with-text-outside-left is-small  invert\" aria-label=\"Leichte Sprache deaktivieren\" rel=\"alternate\">\n\t\t\t\t<span class=\"ho-button-icon icon-leichtesprache\" aria-hidden=\"true\"><\/span>\n\t\t\t\t<span class=\"ho-button-label\">Leichte Sprache deaktivieren<\/span>\n\t\t\t<\/a>\n\t\t<\/div>\n\t\t\n\t\t\n\n\t\t\t<\/div>\n<\/div>\n\n<\/div>\n<\/div>\n<\/div>\n<\/div>\n<\/section>\n\n<section class='wp-block-ho-pattern ' data-pattern='ho\/text-mit-button'>\n\n<div  class='container-fluid margin-bottom-7'>\n\n<div  class='row padding-bottom-4'>\n\n<div  class='col col-xs-12 col-md-8'>\t<p class='body'><strong>Willkommen<\/strong> auf der Website vom Internationalen Keramik-Museum Weiden.<br>Auf dieser Internet-Seite finden Sie Informationen \u00fcber:<br>\u2022 das Museum<br>\u2022 die Ausstellungen<br>\u2022 die \u00d6ffnungszeiten und Eintrittspreise<br>\u2022 die barriere-freien Angebote<br><br><strong>Was ist das Internationale Keramik-Museum Weiden?<\/strong><br>Das Internationale Keramik-Museum Weiden ist ein Museum.<br>Das Museum gibt es seit 1990.<br>Es ist ein Zweig-Museum von Die Neue Sammlung \u2013 The Design Museum in M\u00fcnchen.<br>Ein Zweig-Museum ist ein Teil von einem anderen Museum.<br><br>Das Internationale Keramik-Museum Weiden ist in einem sch\u00f6nen Geb\u00e4ude aus dem 18. Jahrhundert.<br>Das Museum wurde modernisiert.<br>Seit Oktober 2025 gibt es neue Ausstellungsr\u00e4ume.<br><br><strong>Was stellt das Museum aus?<\/strong><br>In dem Museum zeigen 6 bayerische Staatsmuseen ihre Keramik-Sammlungen:<br>\u2022 Die Neue Sammlung \u2013 The Design Museum<br>\u2022 Staatliche Antikensammlungen<br>\u2022 Arch\u00e4ologische Staatssammlung<br>\u2022 Museum F\u00fcnf Kontinente<br>\u2022 Staatliches Museum \u00c4gyptischer Kunst<br>\u2022 Bayerisches Nationalmuseum<br><br><strong>Keramik <\/strong>ist ein Material.<br>Das Material ist aus Ton, Lehm und Wasser.<br>Das Material wird in einem Ofen bei sehr hohen Temperaturen gebrannt.<br>Dann ist Keramik hart und bricht leicht.<br>Man kann aus Keramik viele Dinge machen.<br>Zum Beispiel: <br>\u2022 Tassen <br>\u2022 Teller<br>\u2022 Vasen<br><br>Das Museum zeigt auch <strong>Sonderausstellungen<\/strong>.<br>Sonderausstellungen sind zu besonderen Themen.<br>Sonderausstellungen werden nur f\u00fcr kurze Zeit gezeigt.<br>Der F\u00f6rderverein \u201eDie Keramischen e.V.\u201c hilft dem Museum bei Sonderausstellungen und Veranstaltungen.<br><\/p>\n<\/div>\n<\/div>\n\n\n\n\n<div  class='row'>\n\n<div  class='col col-xs-12 col-md-8'>\n\n<div  class='wp-block-ho-buttons wp-block-ho-buttons'>\n<div class=\"wp-block-ho-buttons-item\">\n\t<a href=\"https:\/\/www.ikmweiden.de\/ls\/alle-ausstellungen\/\"  target=\"\" role=\"button\" aria-pressed=\"false\" rel=\"nofollow\" class=\"ho-button is-primary has-outgoing-link-icon-left\">\n\t\t\t\t\t<span class=\"ho-button-icon icon-arrow-link\"><\/span>\n\t\t\t\t<span class=\"ho-button-label \">Zu den Ausstellungen<\/span>\n\t<\/a>\n<\/div>\n<\/div>\n<\/div>\n<\/div>\n<\/div>\n<\/section>\n\n<section class='wp-block-ho-pattern ' data-pattern='ho\/einfacher-text'>\n\n<div  class='container-fluid margin-bottom-7'>\n\n<div  class='row'>\n\n<div  class='col col-xs-12 col-md-8'>\t<p class='body'><strong>Wann hat das Museum ge\u00f6ffnet?<\/strong><br>Das Museum hat ge\u00f6ffnet:<br>von Dienstag bis Sonntag von 11:00 bis 17:00 Uhr,<br>An den Feiertagen hat das Museum auch von 11:00 bis 17:00 Uhr offen.<br>Am Montag ist das Museum geschlossen.<br><br><strong>Was kostet der Eintritt?<\/strong><br>F\u00fcr Kinder bis 6 Jahre ist der Eintritt frei.<br>F\u00fcr Kinder und Jugendliche zwischen 7 und 18 Jahren kostet der <br>Eintritt 2 Euro.<br>Der Eintritt kostet f\u00fcr Erwachsene 4 Euro.<br><br>Der Eintritt ist f\u00fcr bestimmte Personen auf 3 Euro erm\u00e4\u00dfigt.<br>Zum Beispiel f\u00fcr:<br>\u2022 Studierende<br>\u2022 Erwachsene ab 65 Jahren<br>\u2022 Menschen mit schweren Behinderungen<br><br>F\u00fcr eingetragene Begleit-Personen kostet der Eintritt nichts.<br>Bitte bringen Sie Ihren Ausweis mit.<br><br><br><strong>Welche barriere-freien Angebote gibt es?<\/strong><br><br>Das Internationale Keramik-Museum Weiden bietet Texte in leicht verst\u00e4ndlicher Sprache.<br>Die Texte finden sich<br>\u2022 auf der Website<br>\u2022 im Museum<br>\u2022 im Begleitheft zur Ausstellung.<br><br>Wie komme ich zu den Texten in leicht verst\u00e4ndlicher Sprache?<br><br>Auf der Website:<br>Klicken Sie auf der Website auf das Symbol mit dem Buch.<br>Das Symbol befindet sich direkt unter der \u00dcberschrift auf einer Website.<br>Dann k\u00f6nnen Sie alle Inhalte in leicht verst\u00e4ndlicher Sprache lesen.<br>Wenn das Symbol fehlt,<br>dann gibt es keine leicht verst\u00e4ndlichen Texte.<br><br>Im Museum:<br>Scannen Sie den QR-Code unter dem Ausstellungstext an der Wand.<br>Benutzen Sie daf\u00fcr Ihr Handy.<br>Dann kommen Sie auf die Seite mit den Informationen in leicht verst\u00e4ndlicher Sprache oder easy-to-read.<br><br>Im Begleitheft:<br>In dem Begleitheft finden Sie QR-Codes f\u00fcr Deutsch oder Englisch.<br>Scannen Sie den QR-Code jeweils mit Ihrem Handy.<br>Dann \u00f6ffnet sich eine Webseite.<br>Klicken Sie auf der Webseite auf das Symbol mit dem Buch.<br>Dann k\u00f6nnen Sie alle Inhalte in leicht verst\u00e4ndlicher Sprache oder easy-to-read lesen.<br><br>Kann ich mir die Texte auch anh\u00f6ren?<br>Ja, wenn Sie den Screen Reader angestellt haben.<br>Screen Reader ist Englisch und bedeutet:<br>Bildschirm-Leser.<br>Ein Screen Reader ist eine technische Funktion auf der Website.<br>Der Screen Reader liest die Texte vor.<br>Das hilft blinden Menschen.<\/p>\n<\/div>\n<\/div>\n<\/div>\n<\/section>","protected":false},"excerpt":{"rendered":"<p>Das Internationalen Keramik-Museum Weiden in leicht verst\u00e4ndlicher Sprache <\/p>\n","protected":false},"author":32,"featured_media":1359,"parent":0,"menu_order":0,"comment_status":"closed","ping_status":"closed","template":"","meta":{"_acf_changed":false,"ho_image_focal_point":"","footnotes":""},"class_list":["post-1242","page","type-page","status-publish","has-post-thumbnail","hentry"],"acf":{"audio":"","video":"","poster":"","noindex":false,"keywords":"","seo_titel":""},"_links":{"self":[{"href":"https:\/\/www.ikmweiden.de\/ls\/wp-json\/wp\/v2\/pages\/1242","targetHints":{"allow":["GET"]}}],"collection":[{"href":"https:\/\/www.ikmweiden.de\/ls\/wp-json\/wp\/v2\/pages"}],"about":[{"href":"https:\/\/www.ikmweiden.de\/ls\/wp-json\/wp\/v2\/types\/page"}],"author":[{"embeddable":true,"href":"https:\/\/www.ikmweiden.de\/ls\/wp-json\/wp\/v2\/users\/32"}],"replies":[{"embeddable":true,"href":"https:\/\/www.ikmweiden.de\/ls\/wp-json\/wp\/v2\/comments?post=1242"}],"version-history":[{"count":9,"href":"https:\/\/www.ikmweiden.de\/ls\/wp-json\/wp\/v2\/pages\/1242\/revisions"}],"predecessor-version":[{"id":2604,"href":"https:\/\/www.ikmweiden.de\/ls\/wp-json\/wp\/v2\/pages\/1242\/revisions\/2604"}],"wp:featuredmedia":[{"embeddable":true,"href":"https:\/\/www.ikmweiden.de\/ls\/wp-json\/wp\/v2\/media\/1359"}],"wp:attachment":[{"href":"https:\/\/www.ikmweiden.de\/ls\/wp-json\/wp\/v2\/media?parent=1242"}],"curies":[{"name":"wp","href":"https:\/\/api.w.org\/{rel}","templated":true}]}}