{"id":1319,"date":"2025-10-09T13:04:56","date_gmt":"2025-10-09T11:04:56","guid":{"rendered":"https:\/\/www.ikmweiden.de\/tour\/"},"modified":"2026-03-14T12:53:50","modified_gmt":"2026-03-14T11:53:50","slug":"tour","status":"publish","type":"page","link":"https:\/\/www.ikmweiden.de\/er\/tour\/","title":{"rendered":"Tour"},"content":{"rendered":"<section class='wp-block-ho-pattern ' data-pattern='ho\/header-text'>\n\n<div  class='container-fluid margin-top-7 margin-bottom-4'>\n\n<div  class='row'>\n\n<div  class='col col-xs-12 col-md-6'>\n\n<div  class='margin-bottom-4'>\n<h1>Tour<\/h1>\n<\/div>\n<\/div>\n<\/div>\n\n\n\n\n<div  class='row'>\n\n<div  class='col col-xs-12 col-md-6'>\n\n<div  class='margin-bottom-4'><div class=body-large><\/div><\/div>\n<\/div>\n<\/div>\n\n\n\n\n<div  class='row'>\n\n<div  class='col col-xs-12'><div class=\"wp-block-ho-slot \">\n<div class=\"accessibility-menu\">\n\t<div class=\"wp-block-ho-buttons\">\n\t\t\t\t<div class=\"wp-block-ho-buttons-item\">\n\t\t\t<a href=\"https:\/\/www.ikmweiden.de\/en\/tour\/\" class=\"ho-button is-senary button-no-hover icon-with-text-outside-left is-small  invert\" aria-label=\"Close Easy-to-read\" rel=\"alternate\">\n\t\t\t\t<span class=\"ho-button-icon icon-leichtesprache\" aria-hidden=\"true\"><\/span>\n\t\t\t\t<span class=\"ho-button-label\">Close Easy-to-read<\/span>\n\t\t\t<\/a>\n\t\t<\/div>\n\t\t\n\t\t\n\n\t\t\t<\/div>\n<\/div>\n\n<\/div>\n<\/div>\n<\/div>\n<\/div>\n<\/section>\n\n<section class='wp-block-ho-pattern ' data-pattern='ho\/zwischenuberschrift' id=introduction>\n\n<div  class='container-fluid margin-bottom-4'>\n\n<div  class='row'>\n\n<div  class='col col-xs-12 col-md-8'>\n<h3 class='h3' style=\"white-space: normal;\">Introduction<\/h3>\n<\/div>\n<\/div>\n<\/div>\n<\/section>\n\n<section class='wp-block-ho-pattern ' data-pattern='ho\/einfacher-text'>\n\n<div  class='container-fluid margin-bottom-7'>\n\n<div  class='row'>\n\n<div  class='col col-xs-12 col-md-8'>\t<p class='body'>The International Museum of Ceramics in Weiden is part of <br>Die Neue Sammlung \u2013 The Design Museum in Munich. <br>This is called a branch museum. <br>The museum shows valuable ceramic objects. <br>Ceramics means: <br>The objects are made of clay. <br>Clay is a special type of earth <br>that is easy to shape or mold.<br>There are different types of ceramics:<br>\u2022\tEarthenware<br>It is usually red or brown. <br>It can be fired in a special oven called a kiln. <br>Earthenware is not very hard and breaks easily. <br>For example: Old pots and bowls  are <br>usually made of earthenware.<br>\u2022\tHot-fired Earthenware<br>This earthenware is usually white or grey. <br>It is fired at a higher temperature than <br>regular earthenware. <br>The surface is usually covered with a glaze. <br>A glaze is a thin layer over the ceramic. <br>At first, the glaze is liquid, <br>but high heat turns it hard like glass. <br>The glaze makes the ceramic waterproof. <br>Everyday tableware is usually made of <br>hot-fired earthenware. <br>For example: plates and cups.<br>\u2022\tStoneware <br>Stoneware is fired at even higher temperatures. <br>This makes it very hard and dense. <br>It is waterproof even without glazing. <br>It is often grey.<br>For example: beer mugs or vessels.<br>\u2022\tFaience or majolica <br>This is a special type of hot-fired earthenware. <br>It usually has a white glaze and is often painted. <br>For example: tiles, plates or vases.<br>\u2022\tPorcelain <br>Porcelain is made from very fine clay.<br>This clay is called kaolin.<br>Porcelain also has the minerals feldspar and quartz. <br>Porcelain must be fired at a very high temperature. <br>It then becomes white and hard. <br>Porcelain is very delicate and often expensive. <br>For example: coffee sets, vases or figurines. <br>This exhibition shows ceramic objects from many countries. <br>Some objects are 7,000 years old.<br>There are simple pottery works, art objects and modern design objects.<br>The museum has been open since 1990. <br>It has objects from 6 Bavarian museums: <br>\u2022\tState Collections of Antiquities in Munich<br>Antiquity is the name of a very old time period <br>that lasted around 1,500 years.<br>It was the time of the ancient Egyptians, Greeks and Romans.<br>It ended around 1,500 years ago.<br>\u2022\tArchaeological State Collection in Munich<br>\u2022\tMuseum F\u00fcnf Kontinente in Munich <br>That means Museum of Five Continents.<br>\u2022\tState Museum of Egyptian Art in Munich<br>\u2022\tBayerisches National-Museum in Munich <br>That means Bavarian National Museum.<br>\u2022\tDie Neue Sammlung \u2013 The Design Museum in Munich. <br> <br>Here in the museum, there are alternating exhibitions of <br>old and new ceramics.<br>These are called special exhibitions. <br>The museum is in a building from the Baroque period.<br>Baroque is an art period. <br>The architect and monk Johann Jakob Philipp Muttone <br>designed the building about 300 years ago.<br>The building is called the Waldsassener Kasten. <br>In the beginning, it belonged to the Waldsassen monastery. <br>The monastery is near the museum. <br>Here is what you can learn about the objects in the exhibition:<br>\u2022\tWhat is the name of the object?<br>\u2022\tWho designed and made the object?<br>\u2022\tWhen was the object designed and made?<br>\u2022\tWhere was the object made?<br>\u2022\tWhat is the material of the object and what technique was used?<br>\u2022\tIs the object a gift to the museum?<br>\u2022\tWhat is the number of the object in the museum&#8217;s collection?<\/p>\n<\/div>\n<\/div>\n<\/div>\n<\/section>\n\n<section class='wp-block-ho-pattern ' data-pattern='ho\/zwischenuberschrift' id=die-neue-sammlung>\n\n<div  class='container-fluid margin-bottom-4'>\n\n<div  class='row'>\n\n<div  class='col col-xs-12 col-md-8'>\n<h3 class='h3' style=\"white-space: normal;\">Die Neue Sammlung<\/h3>\n<\/div>\n<\/div>\n<\/div>\n<\/section>\n\n<section class='wp-block-ho-pattern ' data-pattern='ho\/einfacher-text'>\n\n<div  class='container-fluid margin-bottom-7'>\n\n<div  class='row'>\n\n<div  class='col col-xs-12 col-md-8'>\t<p class='body'>Modernism is an art movement <br>that started around 130 years ago. <br>It lasted until around 1950. <br>Modern ceramics began <br>during the period called Art Nouveau. <br>This is an art movement, <br>in which natural shapes were very important. <br>For example: leaves and flowers.<br>At that time, Japanese art had <br>a big influence on ceramic designs. <br>Ceramic vessels often looked like natural objects. <br>Then the artist put a glaze over the ceramics. <br>A glaze is a thin layer that covers the ceramic object. <br>It is liquid at first, but heat makes it hard like glass. <br>Today, people use ceramics less for everyday objects. <br>Ceramics changed over the last 100 years: <br>from special individual pieces to ceramic figures to <br>artistic installations. <br>An installation is an art project used <br>to design a room or a place.<br>After around 1960, ceramics developed into <br>an art form of its own. <br>This was the beginning of modern ceramics today. <br>Modern ceramics are everyday objects, <br>but also art objects.<\/p>\n<\/div>\n<\/div>\n<\/div>\n<\/section>\n\n<section class='wp-block-ho-pattern ' data-pattern='ho\/zwischenuberschrift' id=staatliche-antikensammlungen>\n\n<div  class='container-fluid margin-bottom-4'>\n\n<div  class='row'>\n\n<div  class='col col-xs-12 col-md-8'>\n<h3 class='h3' style=\"white-space: normal;\">Staatliche Antikensammlungen<\/h3>\n<\/div>\n<\/div>\n<\/div>\n<\/section>\n\n<section class='wp-block-ho-pattern ' data-pattern='ho\/einfacher-text'>\n\n<div  class='container-fluid margin-bottom-7'>\n\n<div  class='row'>\n\n<div  class='col col-xs-12 col-md-8'>\t<p class='body'>The objects in the exhibition come from Ancient Greece. <br>They are from around the years 900 to 300 BC. <br>This means they are around 2,300 to 2,900 years old.<br>There were 4 important periods in Ancient Greece:<br>\u2022\tThe Geometric period <br>This was around 3,000 years ago <br>and lasted for about 300 years. <br>\u2022\tThe Archaic period <br>This was around 2,700 years ago <br>and lasted for around 200 years. <br>\u2022\tThe Classical period <br>This was around 2,500 years ago <br>and lasted for around 200 years. <br>\u2022\tThe Hellenistic period <br>This was around 2,300 years ago <br>and lasted for about 300 years. <br>Each of these 4 periods has its own artistic style. <br>The ceramics first had strict patterns, <br>for example with lines and simple shapes. <br>Around 2,000 years ago, people in the city of Corinth <br>painted black figures on vases. <br>Around 1,500 years ago, people in the city of Athens <br>painted red figures on vases. <br>Ceramic objects were used for many purposes. <br>For example: <br>\u2022\tPeople placed them in graves.<br>\u2022\tPeople used them in everyday life. <br>\u2022\tDealers sold them. <br>The Wittelsbach Compensation Fund loaned many ceramics to the museum. <\/p>\n<\/div>\n<\/div>\n<\/div>\n<\/section>\n\n<section class='wp-block-ho-pattern ' data-pattern='ho\/zwischenuberschrift' id=archaologische-staatssammlung>\n\n<div  class='container-fluid margin-bottom-4'>\n\n<div  class='row'>\n\n<div  class='col col-xs-12 col-md-8'>\n<h3 class='h3' style=\"white-space: normal;\">Arch\u00e4ologische Staatssammlung<\/h3>\n<\/div>\n<\/div>\n<\/div>\n<\/section>\n\n<section class='wp-block-ho-pattern ' data-pattern='ho\/einfacher-text'>\n\n<div  class='container-fluid margin-bottom-7'>\n\n<div  class='row'>\n\n<div  class='col col-xs-12 col-md-8'>\t<p class='body'>The Near East is the area in <br>south-eastern Europe and western Asia. <br>For example, <br>the countries of Turkey, Syria and Jordan.<br>Researchers have found ceramics <br>from different time periods in Bavaria. <br>The oldest ceramics they found are <br>from to the Stone Age. <br>The Stone Age began over 2 million years ago and <br>lasted until about 4,000 years ago. <br>The more recent ceramic objects are from <br>the Bronze Age and the Iron Age. <br>Other ceramics are from the Roman period and <br>the Middle Ages. <br>The most recent ceramics are from <br>the last few centuries. <br>The objects in the exhibition show <br>that ceramics were always important to people. <br>People all over the world used them <br>for many different things.<br>Ceramics were used for everyday objects, <br>for example cups and tableware.<br>But they were also used for special events. <br>For example, for celebrations as gifts to the gods. <br>People also wrote on clay tablets <br>while the clay was still soft.<br><br>Clay was also used to build things. <br>Researchers found old ceramics in Mesopotamia <br>that prove this.<br>Mesopotamia is a large area in the Near East between <br>the rivers Euphrates and Tigris.<br>Today, this is where the countries Iraq and Syria are located.<\/p>\n<\/div>\n<\/div>\n<\/div>\n<\/section>\n\n<section class='wp-block-ho-pattern ' data-pattern='ho\/zwischenuberschrift' id=museum-fuenf-kontinente>\n\n<div  class='container-fluid margin-bottom-4'>\n\n<div  class='row'>\n\n<div  class='col col-xs-12 col-md-8'>\n<h3 class='h3' style=\"white-space: normal;\">Museum F\u00fcnf Kontinente<\/h3>\n<\/div>\n<\/div>\n<\/div>\n<\/section>\n\n<section class='wp-block-ho-pattern ' data-pattern='ho\/einfacher-text'>\n\n<div  class='container-fluid margin-bottom-7'>\n\n<div  class='row'>\n\n<div  class='col col-xs-12 col-md-8'>\t<p class='body'>Very old societies lived in the country of Peru in South America. <br>They had a very advanced culture and way of living. <br>For example, the way they made arts and crafts. <br>The exhibition shows ceramics from these peoples. <br>For example, from the:<br>\u2022\tNazca culture <br>The Nazca people lived between around 2,000 <br>and 1,300 years ago. <br>\u2022\tChim\u00fa culture <br>Chim\u00fa is pronounced Chee-moo. <br>The Chim\u00fa people lived between around 900 <br>and 600 years ago. <br>\u2022\tChancay culture <br>Chancay is pronounced: Chahn-kai. <br>The Chancay people lived between around 1,000 <br>and 600 years ago. <br>People from the city of Multan in Pakistan created <br>a very famous type of pottery: Blue Pottery. <br>This type of pottery is many hundred years old. <br>The patterns show that many ideas for pottery came <br>from Persia and South Asia.<br>In Thailand, there is pottery with red patterns. <br>This pottery is from the Ban Chiang culture. <br>Ban Chiang is pronounced Ban-chahng. <br>The Ban Chiang culture is several thousand years old.<\/p>\n<\/div>\n<\/div>\n<\/div>\n<\/section>\n\n<section class='wp-block-ho-pattern ' data-pattern='ho\/zwischenuberschrift' id=staatliches-museum-aegyptischer-kunst>\n\n<div  class='container-fluid margin-bottom-4'>\n\n<div  class='row'>\n\n<div  class='col col-xs-12 col-md-8'>\n<h3 class='h3' style=\"white-space: normal;\">Staatliches Museum \u00c4gyptischer Kunst<\/h3>\n<\/div>\n<\/div>\n<\/div>\n<\/section>\n\n<section class='wp-block-ho-pattern ' data-pattern='ho\/einfacher-text'>\n\n<div  class='container-fluid margin-bottom-7'>\n\n<div  class='row'>\n\n<div  class='col col-xs-12 col-md-8'>\t<p class='body'>from the State Museum of Egyptian Art<br>People in Ancient Egypt and Nubia had <br>a very advanced culture and way of living. <br>Nubia is the name of the area <br>to the right and left of the River Nile.<br>The Nile flows through Egypt.<br>Part of the culture was <br>that people used writing and made works of art.<br>In these regions, researchers found <br>many different ceramic vessels. <br>They also found the ceramic type faience. <br>Faience is a special type of ceramics that has a white glaze. <br>The name comes from the city of Faenza in Italy.<br>Ceramics changed over time. <br>This way, researchers know <br>how old pieces of ceramics are. <br>The ceramics from each period have differences. <br>For example: <br>&#8211; the shape of the vessels <br>&#8211; the look of the surface <br>The surface can be smooth or polished, <br>it can be colored or painted.<br>The technique to make ceramics also changed: <br>At first, clay was only shaped by hand. <br>Later, it was placed on a frame that could move. <br>And finally, people invented potter&#8217;s wheels. <br>The potter\u2019s wheel keeps turning the clay <br>to form vessels. The display cases in the exhibition show this change. <br>They also show that ceramics and faience were <br>not only used to make vessels, but also art objects. <\/p>\n<\/div>\n<\/div>\n<\/div>\n<\/section>\n\n<section class='wp-block-ho-pattern ' data-pattern='ho\/zwischenuberschrift' id=bayerisches-nationalmuseum>\n\n<div  class='container-fluid margin-bottom-4'>\n\n<div  class='row'>\n\n<div  class='col col-xs-12 col-md-8'>\n<h3 class='h3' style=\"white-space: normal;\">Bayerisches Nationalmuseum<\/h3>\n<\/div>\n<\/div>\n<\/div>\n<\/section>\n\n<section class='wp-block-ho-pattern ' data-pattern='ho\/einfacher-text'>\n\n<div  class='container-fluid margin-bottom-7'>\n\n<div  class='row'>\n\n<div  class='col col-xs-12 col-md-8'>\t<p class='body'>The Bavarian National Museum <br>has a large collection of ceramics. <br>This exhibition shows all types of ceramics from southern Germany:<br>faience, porcelain, stoneware, and earthenware.<br>The ceramic factories in Amberg and Sulzbach worked <br>in the same way as the famous factories in Nuremberg. <br>They produced faience. <br>Faience is a special type of stoneware ceramic. <br>These objects usually have a white glaze and are often painted.<br>A glaze is a thin, transparent layer on the ceramic.<br>The exhibition also shows ceramics from Creu\u00dfen. <br>Creu\u00dfen is pronounced: Kroy-sen. <br>It is a town in northern Bavaria. <br>It had a stoneware factory about 350 to 450 years ago. <br>Stoneware is a very hard type of ceramic, and it is waterproof.<br>Objects from Creu\u00dfen include, for example: <br>\u2022\tBottles <br>Stoneware bottles can hold high pressure. <br>You can even transport mineral water in them.<br>\u2022\tJugs <br>The jugs have many colorful decorations.<br>\u2022\tEveryday tableware <br>The tableware is brown and <br>has simple shapes and decorations.<br>Many of the porcelain pieces <br>show a connection to Elector Karl Theodor. <br>Karl Theodor was Elector of Bavaria. <br>That means he was part of the Bavarian aristocracy. <br>Karl Theodor had a porcelain factory in <br>the town of Frankenthal. <br>This factory produced porcelain <br>similar to porcelain from the famous factory in <br>the town of Meissen.<br>The exhibition shows plates <br>made using techniques from China. <br>They show the coat of arms of: <br>Count Palatine Johann Christian von Sulzbach. <br>He was the father of Elector Karl Theodor. <br>The plates also show the coat of arms of <br>the father&#8217;s second wife. <\/p>\n<\/div>\n<\/div>\n<\/div>\n<\/section>\n\n<section class='wp-block-ho-pattern ' data-pattern='ho\/zwischenuberschrift' id=seltmann-collection>\n\n<div  class='container-fluid margin-bottom-4'>\n\n<div  class='row'>\n\n<div  class='col col-xs-12 col-md-8'>\n<h3 class='h3' style=\"white-space: normal;\"><\/h3>\n<\/div>\n<\/div>\n<\/div>\n<\/section>\n\n<section class='wp-block-ho-pattern ' data-pattern='ho\/einfacher-text'>\n\n<div  class='container-fluid margin-bottom-7'>\n\n<div  class='row'>\n\n<div  class='col col-xs-12 col-md-8'>\t<p class='body'><\/p>\n<\/div>\n<\/div>\n<\/div>\n<\/section>\n\n<section class='wp-block-ho-pattern ' data-pattern='ho\/zwischenuberschrift' id=form-2000>\n\n<div  class='container-fluid margin-bottom-4'>\n\n<div  class='row'>\n\n<div  class='col col-xs-12 col-md-8'>\n<h3 class='h3' style=\"white-space: normal;\">Form 2000<\/h3>\n<\/div>\n<\/div>\n<\/div>\n<\/section>\n\n<section class='wp-block-ho-pattern ' data-pattern='ho\/einfacher-text'>\n\n<div  class='container-fluid margin-bottom-7'>\n\n<div  class='row'>\n\n<div  class='col col-xs-12 col-md-8'>\t<p class='body'>In 1952, Philip Rosenthal and Raymond Loewy <br>started to work together.<br>Philip Rosenthal owned the Rosenthal company. <br>The company still produces porcelain, glass, and ceramics today. <br>Raymond Loewy was a designer from America. <br>And he knew a lot about advertising. <br>The 2 men wanted more people to know the Rosenthal company. <br>And they also wanted to make the company successful in America. <br>Raymond Loewy knew that a product had to look good. <br>It should be modern, but not too unusual. <br>The Form 2000 tableware and coffee set <br>fulfilled these criteria.<br>Richard S. Latham designed the tableware in 1953. <br>He was the chief designer at Raymond Loewy. <br>The coffee pot has a very unusual shape: <br>it looks a bit like the letter X.<br>The Form 2000 set combines handcrafts and design. <br>It served as a model for modern ceramic design and <br>was built to last. <br>Form 2000 was produced from 1954 to 1978.<br>Several famous designers have created <br>a total of 165 designs for this tableware. <br>For example:<br>\u2022\tBj\u00f6rn Wiinblad from Denmark<br>\u2022\tTapio Wirkkala from Finland<br>\u2022\tAlain Le Foll from France<br>\u2022\tMargaret Hildebrand from Germany. <br>The designs were very different: <br>Some were plain white or cream or grey. <br>Some designs had straight lines or <br>highlighted the shape of the tableware. <br>Other designs were like shadows on the tableware or <br>used colors that were popular at the time. <br>There were also floral designs and simplified shapes from nature. <br>The handles and lids were often a different color from the pot.<br>The Form 2000 set shows that you can combine <br>beautiful design and large-scale production.<\/p>\n<\/div>\n<\/div>\n<\/div>\n<\/section>\n\n<section class='wp-block-ho-pattern ' data-pattern='ho\/zwischenuberschrift' id=production>\n\n<div  class='container-fluid margin-bottom-4'>\n\n<div  class='row'>\n\n<div  class='col col-xs-12 col-md-8'>\n<h3 class='h3' style=\"white-space: normal;\">Production<\/h3>\n<\/div>\n<\/div>\n<\/div>\n<\/section>\n\n<section class='wp-block-ho-pattern ' data-pattern='ho\/einfacher-text'>\n\n<div  class='container-fluid margin-bottom-7'>\n\n<div  class='row'>\n\n<div  class='col col-xs-12 col-md-8'>\t<p class='body'>There are different ways to make ceramics. <br>For example: <br>Making porcelain in a factory <br>or making ceramics in a small workshop.<br>These 2 approaches use different materials and techniques and <br>the ceramic objects look different.<br>Porcelain was invented in China around 1,400 years ago. <br>People in Europe only found out how to make porcelain <br>around 300 years ago. <br>To make porcelain, you have to <br>mix the right materials well, form an object <br>and then fire it in a special oven at a high temperature. <br>This oven is called a kiln. <br>The materials for porcelain are: <br>very fine clay called kaolin and the minerals feldspar and quartz.<br>Production in factories<br>In 1931, Hermann Gretsch designed <br>a special kind of porcelain for the Arzberg porcelain factory. <br>It is called 1382. <br>It is a good example of porcelain production in factories.<br>These are the steps to make a porcelain coffee pot:<br>\u2022\tStep 1<br>First, mix the raw materials with water. <br>This liquid mixture is called slip. <br>Pour the slip into a mold made of plaster, <br>for example the mold for a coffee pot. <br>The plaster then draws some of the water out of the slip. <br>This way the slip dries a little. <br>Then the slip is almost dry on the outside of the pot, <br>pour out the rest of the liquid. <br>Only the dried clay stays in the mold. <br>This way the pot becomes hollow. <br>Then remove the mold. <br>The pot is now about as hard as leather. <br>The lid and handle are also poured into a mold. <br>Put all parts together and smooth all the edges.<br>\u2022\tStep 2<br>Then comes the first firing. <br>It is called the biscuit firing. <br>During this firing, the pot shrinks a little.<br>\u2022\tStep 3<br>Then apply the glaze and decorations. <br>A glaze is a thin, transparent layer over the ceramic.<br>\u2022\tStep 4<br>The second firing fuses the glaze with the ceramic. <br>This creates a smooth and dense surface. <br>This firing is called the glaze firing. <br>Afterwards, you can continue to decorate the pot.<br>Production in small workshops<br>Ceramics are produced quite differently in small workshops. <br>Usually, people do this by hand. <br>You can do this for all types of ceramics.<br>There are different ways to shape the clay: <br>&#8211; spin the clay on a potter&#8217;s wheel, <br>&#8211; pour the slip into a mold, <br>&#8211; stick together strips or slabs of clay, <br>&#8211; shape the clay by hand.<br>Leave the objects to dry in the air first. <br>Then fire them in a kiln. <br>If necessary, do a glaze firing or further firings. <br>You can also skip the glaze and decorate the ceramics <br>using other techniques. <br>For example: with painting or carving.<br>Craftspeople often experiment in their work. <br>This means they try new things and <br>make objects that look very special and unique. <\/p>\n<\/div>\n<\/div>\n<\/div>\n<\/section>\n\n<section class='wp-block-ho-pattern ' data-pattern='ho\/zwischenuberschrift' id=the-location-weiden>\n\n<div  class='container-fluid margin-bottom-4'>\n\n<div  class='row'>\n\n<div  class='col col-xs-12 col-md-8'>\n<h3 class='h3' style=\"white-space: normal;\">The city of Weiden and the porcelain industry<\/h3>\n<\/div>\n<\/div>\n<\/div>\n<\/section>\n\n<section class='wp-block-ho-pattern ' data-pattern='ho\/einfacher-text'>\n\n<div  class='container-fluid margin-bottom-7'>\n\n<div  class='row'>\n\n<div  class='col col-xs-12 col-md-8'>\t<p class='body'>The city of Weiden is located on a very old road <br>between the important cities of Nuremberg and Prague. <br>Prague is now the capital of the country Czech Republic. <br>The road is known as the Golden Road.<br>About 700 years ago, this road made <br>Weiden an important place for trade. <br>In 1863, Weiden was connected to the railway network. <br>As a result, many factories were built in Weiden. <br>For example, glass factories and textile factories. <br>But the most important ones were the porcelain factories. <br>Weiden became an industrial town.<br>Porcelain is made from very fine clay. <br>This clay is called kaolin. <br>Porcelain also has the minerals feldspar and quartz. <br>Porcelain must be fired at a very high temperature. <br>It then becomes white and hard. <br>Porcelain is very delicate and often expensive. <br>For example, it is used for: coffee sets, vases, or figurines. <br>Weiden offered good conditions for the porcelain industry: <br>It is close to the town of Hirschau. <br>Hirschau has a lot of kaolin. <br>Weiden is also close the region Bohemia. <br>Bohemia has a lot of brown coal. <br>Brown coal was needed to fire the kilns. <br>Many people wanted to work in the factories. <br>This way, Weiden got 3 large porcelain factories.<br>The brothers August and Conrad Bauscher <br>founded the first porcelain factory in Weiden in 1881. <br>The company still makes porcelain for hotels, <br>restaurants, and canteens.<br>\u2003<br>Since 1998, the company\u2019s name is BHS Tabletop. <br>BHS is pronounced as individual letters. <br>They stand for the 3 porcelain companies <br>that were combined to form a new company: <br>Bauscher, Hutschenreuther and Sch\u00f6nwald. <br>Today, the new company is <br>one of the largest porcelain factories in Europe. <br>In 1910, Christian Wilhelm Seltmann founded <br>the second porcelain factory in Weiden. <br>This company had very modern machines. <br>It could produce tableware without any manual labor. <br>Today, it is one of the most modern porcelain factories in Europe. <br>The company only produces in Germany. <br>The third porcelain factory in Weiden <br>was the Bavaria company. <br>It was built in the Ullersricht district of Weiden. <br>Between 1920 and 1931, it produced <br>porcelain for everyday use as well as porcelain figurines. <br>This company no longer exists today. <br>But the city of Weiden still has the porcelain companies <br>of Bauscher and Seltmann. <\/p>\n<\/div>\n<\/div>\n<\/div>\n<\/section>","protected":false},"excerpt":{"rendered":"","protected":false},"author":2,"featured_media":542,"parent":0,"menu_order":0,"comment_status":"closed","ping_status":"closed","template":"","meta":{"_acf_changed":false,"ho_image_focal_point":"","footnotes":""},"class_list":["post-1319","page","type-page","status-publish","has-post-thumbnail","hentry"],"acf":{"audio":"","video":"","poster":"","noindex":true,"keywords":"","seo_titel":""},"_links":{"self":[{"href":"https:\/\/www.ikmweiden.de\/er\/wp-json\/wp\/v2\/pages\/1319","targetHints":{"allow":["GET"]}}],"collection":[{"href":"https:\/\/www.ikmweiden.de\/er\/wp-json\/wp\/v2\/pages"}],"about":[{"href":"https:\/\/www.ikmweiden.de\/er\/wp-json\/wp\/v2\/types\/page"}],"author":[{"embeddable":true,"href":"https:\/\/www.ikmweiden.de\/er\/wp-json\/wp\/v2\/users\/2"}],"replies":[{"embeddable":true,"href":"https:\/\/www.ikmweiden.de\/er\/wp-json\/wp\/v2\/comments?post=1319"}],"version-history":[{"count":7,"href":"https:\/\/www.ikmweiden.de\/er\/wp-json\/wp\/v2\/pages\/1319\/revisions"}],"predecessor-version":[{"id":2620,"href":"https:\/\/www.ikmweiden.de\/er\/wp-json\/wp\/v2\/pages\/1319\/revisions\/2620"}],"wp:featuredmedia":[{"embeddable":true,"href":"https:\/\/www.ikmweiden.de\/er\/wp-json\/wp\/v2\/media\/542"}],"wp:attachment":[{"href":"https:\/\/www.ikmweiden.de\/er\/wp-json\/wp\/v2\/media?parent=1319"}],"curies":[{"name":"wp","href":"https:\/\/api.w.org\/{rel}","templated":true}]}}