{"id":1723,"date":"2025-10-02T08:38:28","date_gmt":"2025-10-02T06:38:28","guid":{"rendered":"https:\/\/www.ikmweiden.de\/kooperationsmuseen\/"},"modified":"2025-12-14T13:38:14","modified_gmt":"2025-12-14T12:38:14","slug":"kooperationsmuseen","status":"publish","type":"page","link":"https:\/\/www.ikmweiden.de\/cz\/kooperationsmuseen\/","title":{"rendered":"Partnersk\u00e1 muzea"},"content":{"rendered":"<section class='wp-block-ho-pattern ' data-pattern='ho\/header-text'>\n\n<div  class='container-fluid margin-top-7 margin-bottom-4'>\n\n<div  class='row'>\n\n<div  class='col col-xs-12 col-md-6'>\n\n<div  class='margin-bottom-4'>\n<h1>Partnersk\u00e1 muzea<\/h1>\n<\/div>\n<\/div>\n<\/div>\n\n\n\n\n<div  class='row'>\n\n<div  class='col col-xs-12 col-md-6'>\n\n<div  class='margin-bottom-4'><div class=body-large>P\u011bt bavorsk\u00fdch muze\u00ed spolupracuje ve Weidenu s Novou sb\u00edrkou (Die Neue Sammlung)<\/div><\/div>\n<\/div>\n<\/div>\n\n\n\n\n<div  class='row'>\n\n<div  class='col col-xs-12'><div class=\"wp-block-ho-slot \">\n<div class=\"accessibility-menu\">\n\t<div class=\"wp-block-ho-buttons\">\n\t\t\n\t\t\n\n\t\t\t<\/div>\n<\/div>\n\n<\/div>\n<\/div>\n<\/div>\n<\/div>\n<\/section>\n\n<section class='wp-block-ho-pattern ' data-pattern='ho\/einfacher-text'>\n\n<div  class='container-fluid margin-bottom-7'>\n\n<div  class='row'>\n\n<div  class='col col-xs-12 col-md-8'>\t<p class='body'>Mezin\u00e1rodn\u00ed muzeum keramiky Weiden je jedine\u010dn\u00e9 d\u00edky mimo\u0159\u00e1dn\u00e9 spolupr\u00e1ci:<br>V horn\u00edm pat\u0159e p\u011bt v\u00fdznamn\u00fdch bavorsk\u00fdch st\u00e1tn\u00edch muze\u00ed prezentuj\u00ed sv\u00e9 keramick\u00e9 sb\u00edrky.<br>Takov\u00e1 jedine\u010dn\u00e1 rozmanitost umo\u017e\u0148uje na jednom m\u00edst\u011b vid\u011bt mistrovsk\u00e1 d\u00edla, kter\u00e1 by jinak byla roztrou\u0161en\u011b um\u00edst\u011bn\u00e1 v r\u016fzn\u00fdch velk\u00fdch mnichovsk\u00fdch muze\u00edch.<\/p>\n<\/div>\n<\/div>\n<\/div>\n<\/section>\n\n<section class='wp-block-ho-pattern ' data-pattern='ho\/uberschrift-mit-text-und-button'>\n\n<div  class='container-fluid margin-bottom-7'>\n\n<div  class='row padding-bottom-4'>\n\n<div  class='col col-xs-12 col-md-8'>\n<h2 class='h2' style=\"white-space: normal;\">St\u00e1tn\u00ed antick\u00e9 sb\u00edrky<\/h2>\n<\/div>\n<\/div>\n\n\n\n\n<div  class='row padding-bottom-4'>\n\n<div  class='col col-xs-12 col-md-8'>\t<p class='body'>St\u00e1tn\u00ed antick\u00e9 sb\u00edrky pat\u0159\u00ed mezi mezin\u00e1rodn\u011b nejv\u00fdznamn\u011bj\u0161\u00ed muzea antick\u00e9ho um\u011bn\u00ed.<br>P\u0159edstavuj\u00ed \u0159eck\u00e1, \u0159\u00edmsk\u00e1 a etrusk\u00e1 mistrovsk\u00e1 d\u00edla \u2013 od v\u00e1z a soch p\u0159es zlat\u00e9 \u0161perky a sklo a\u017e po bronzov\u00e9 pr\u00e1ce od 3. tis\u00edcilet\u00ed p\u0159. n. l. do cca. 500 n. l.<\/p>\n<\/div>\n<\/div>\n\n\n\n\n<div  class='row'>\n\n<div  class='col col-xs-12 col-md-8'>\n\n<div  class='wp-block-ho-buttons wp-block-ho-buttons'>\n<div class=\"wp-block-ho-buttons-item\">\n\t<a href=\"https:\/\/www.antike-am-koenigsplatz.mwn.de\/index.php\/de\/staatliche-antikensammlungen\"  target=\"\" role=\"button\" aria-pressed=\"false\" rel=\"nofollow\" class=\"ho-button is-primary has-outgoing-link-icon-left\">\n\t\t\t\t\t<span class=\"ho-button-icon icon-arrow-link\"><\/span>\n\t\t\t\t<span class=\"ho-button-label \">Na webov\u00e9 str\u00e1nky St\u00e1tn\u00edch antick\u00fdch sb\u00edrek<\/span>\n\t<\/a>\n<\/div>\n<\/div>\n<\/div>\n<\/div>\n<\/div>\n<\/section>\n\n<section class='wp-block-ho-pattern ' data-pattern='ho\/uberschrift-mit-text-und-button'>\n\n<div  class='container-fluid margin-bottom-7'>\n\n<div  class='row padding-bottom-4'>\n\n<div  class='col col-xs-12 col-md-8'>\n<h2 class='h2' style=\"white-space: normal;\">St\u00e1tn\u00ed archeologick\u00e1 sb\u00edrka <\/h2>\n<\/div>\n<\/div>\n\n\n\n\n<div  class='row padding-bottom-4'>\n\n<div  class='col col-xs-12 col-md-8'>\t<p class='body'>St\u00e1tn\u00ed archeologick\u00e1 sb\u00edrka je centr\u00e1ln\u00ed bavorsk\u00e9 zemsk\u00e9 muzeum pro historii prav\u011bku a ran\u00fdho st\u0159edov\u011bku. P\u0159edstavuje archeologick\u00e9 n\u00e1lezy od paleolitu a\u017e po ran\u00fd st\u0159edov\u011bk \u2013 z Bavorska i z oblasti St\u0159edomo\u0159\u00ed a Bl\u00edzk\u00e9ho v\u00fdchodu, aby uk\u00e1zala nadregion\u00e1ln\u00ed \u0161ir\u0161\u00ed kulturn\u00ed souvislosti.<\/p>\n<\/div>\n<\/div>\n\n\n\n\n<div  class='row'>\n\n<div  class='col col-xs-12 col-md-8'>\n\n<div  class='wp-block-ho-buttons wp-block-ho-buttons'>\n<div class=\"wp-block-ho-buttons-item\">\n\t<a href=\"www.archaeologie.bayern\"  target=\"\" role=\"button\" aria-pressed=\"false\" rel=\"nofollow\" class=\"ho-button is-primary has-outgoing-link-icon-left\">\n\t\t\t\t\t<span class=\"ho-button-icon icon-arrow-link\"><\/span>\n\t\t\t\t<span class=\"ho-button-label \">Zur Website der Arch\u00e4ologischen Staatssammlung<\/span>\n\t<\/a>\n<\/div>\n<\/div>\n<\/div>\n<\/div>\n<\/div>\n<\/section>\n\n<section class='wp-block-ho-pattern ' data-pattern='ho\/uberschrift-mit-text-und-button'>\n\n<div  class='container-fluid margin-bottom-7'>\n\n<div  class='row padding-bottom-4'>\n\n<div  class='col col-xs-12 col-md-8'>\n<h2 class='h2' style=\"white-space: normal;\">Muzeum p\u011bti kontinent\u016f<\/h2>\n<\/div>\n<\/div>\n\n\n\n\n<div  class='row padding-bottom-4'>\n\n<div  class='col col-xs-12 col-md-8'>\t<p class='body'>Muzeum p\u011bti kontinent\u016f uchov\u00e1v\u00e1 s p\u0159ibli\u017en\u011b 160 000 expon\u00e1ty jednu z nejv\u011bt\u0161\u00edch a celosv\u011btov\u011b nejv\u00fdznamn\u011bj\u0161\u00edch etnologick\u00fdch sb\u00edrek. Prezentuje um\u011bn\u00ed a ka\u017edodenn\u00ed kulturu z Afriky, Ameriky, Asie, Oce\u00e1nie (tichomo\u0159sk\u00e9ho \u00fazem\u00ed) a Orientu.<\/p>\n<\/div>\n<\/div>\n\n\n\n\n<div  class='row'>\n\n<div  class='col col-xs-12 col-md-8'>\n\n<div  class='wp-block-ho-buttons wp-block-ho-buttons'>\n<div class=\"wp-block-ho-buttons-item\">\n\t<a href=\"www.museum-fuenf-kontinente.de\"  target=\"\" role=\"button\" aria-pressed=\"false\" rel=\"nofollow\" class=\"ho-button is-primary has-outgoing-link-icon-left\">\n\t\t\t\t\t<span class=\"ho-button-icon icon-arrow-link\"><\/span>\n\t\t\t\t<span class=\"ho-button-label \">Na webov\u00e9 str\u00e1nky Muzea p\u011bti kontinent\u016f<\/span>\n\t<\/a>\n<\/div>\n<\/div>\n<\/div>\n<\/div>\n<\/div>\n<\/section>\n\n<section class='wp-block-ho-pattern ' data-pattern='ho\/uberschrift-mit-text-und-button'>\n\n<div  class='container-fluid margin-bottom-7'>\n\n<div  class='row padding-bottom-4'>\n\n<div  class='col col-xs-12 col-md-8'>\n<h2 class='h2' style=\"white-space: normal;\">St\u00e1tn\u00ed muzeum egyptsk\u00e9ho um\u011bn\u00ed<\/h2>\n<\/div>\n<\/div>\n\n\n\n\n<div  class='row padding-bottom-4'>\n\n<div  class='col col-xs-12 col-md-8'>\t<p class='body'>St\u00e1tn\u00ed muzeum egyptsk\u00e9ho um\u011bn\u00ed pat\u0159\u00ed k nejv\u00fdznamn\u011bj\u0161\u00edm sb\u00edrk\u00e1m egyptsk\u00e9ho um\u011bn\u00ed. P\u0159edstavuje 5 000 let staroegyptsk\u00e9 kultury \u2013 sochy, reli\u00e9fy, zlat\u00e9 \u0161perky, p\u0159edm\u011bty ka\u017edodenn\u00edho \u017eivota a n\u00e1bo\u017eenstv\u00ed.<\/p>\n<\/div>\n<\/div>\n\n\n\n\n<div  class='row'>\n\n<div  class='col col-xs-12 col-md-8'>\n\n<div  class='wp-block-ho-buttons wp-block-ho-buttons'>\n<div class=\"wp-block-ho-buttons-item\">\n\t<a href=\"www.smaek.de\"  target=\"\" role=\"button\" aria-pressed=\"false\" rel=\"nofollow\" class=\"ho-button is-primary has-outgoing-link-icon-left\">\n\t\t\t\t\t<span class=\"ho-button-icon icon-arrow-link\"><\/span>\n\t\t\t\t<span class=\"ho-button-label \">Na webov\u00e9 str\u00e1nky St\u00e1tn\u00edho muzea egyptsk\u00e9ho um\u011bn\u00ed<\/span>\n\t<\/a>\n<\/div>\n<\/div>\n<\/div>\n<\/div>\n<\/div>\n<\/section>\n\n<section class='wp-block-ho-pattern ' data-pattern='ho\/uberschrift-mit-text-und-button'>\n\n<div  class='container-fluid margin-bottom-7'>\n\n<div  class='row padding-bottom-4'>\n\n<div  class='col col-xs-12 col-md-8'>\n<h2 class='h2' style=\"white-space: normal;\">Bavorsk\u00e9 n\u00e1rodn\u00ed muzeum <\/h2>\n<\/div>\n<\/div>\n\n\n\n\n<div  class='row padding-bottom-4'>\n\n<div  class='col col-xs-12 col-md-8'>\t<p class='body'>Bavorsk\u00e9 n\u00e1rodn\u00ed muzeum je jedn\u00edm z nejv\u011bt\u0161\u00edch evropsk\u00fdch muze\u00ed um\u011bleck\u00e9 a kulturn\u00ed historie.<br>Prezentuje evropsk\u00e9 um\u011bn\u00ed od pozdn\u00ed antiky a\u017e po secesi: sochy, obrazy, n\u00e1bytek, textil, um\u011bleck\u00e9 \u0159emeslo.<br><\/p>\n<\/div>\n<\/div>\n\n\n\n\n<div  class='row'>\n\n<div  class='col col-xs-12 col-md-8'>\n\n<div  class='wp-block-ho-buttons wp-block-ho-buttons'>\n<div class=\"wp-block-ho-buttons-item\">\n\t<a href=\"www.bayerisches-nationalmuseum.de\"  target=\"\" role=\"button\" aria-pressed=\"false\" rel=\"nofollow\" class=\"ho-button is-primary has-outgoing-link-icon-left\">\n\t\t\t\t\t<span class=\"ho-button-icon icon-arrow-link\"><\/span>\n\t\t\t\t<span class=\"ho-button-label \">Na webov\u00e9 str\u00e1nky Bavorsk\u00e9ho n\u00e1rodn\u00edho muzea<\/span>\n\t<\/a>\n<\/div>\n<\/div>\n<\/div>\n<\/div>\n<\/div>\n<\/section>","protected":false},"excerpt":{"rendered":"<p>P\u011bt bavorsk\u00fdch muze\u00ed spolupracuje ve Weidenu s Novou sb\u00edrkou (Die Neue Sammlung)<\/p>\n","protected":false},"author":2,"featured_media":320,"parent":0,"menu_order":0,"comment_status":"closed","ping_status":"closed","template":"","meta":{"_acf_changed":false,"ho_image_focal_point":"","footnotes":""},"class_list":["post-1723","page","type-page","status-publish","has-post-thumbnail","hentry"],"acf":{"audio":"","video":"","poster":"","noindex":false,"keywords":"","seo_titel":""},"_links":{"self":[{"href":"https:\/\/www.ikmweiden.de\/cz\/wp-json\/wp\/v2\/pages\/1723","targetHints":{"allow":["GET"]}}],"collection":[{"href":"https:\/\/www.ikmweiden.de\/cz\/wp-json\/wp\/v2\/pages"}],"about":[{"href":"https:\/\/www.ikmweiden.de\/cz\/wp-json\/wp\/v2\/types\/page"}],"author":[{"embeddable":true,"href":"https:\/\/www.ikmweiden.de\/cz\/wp-json\/wp\/v2\/users\/2"}],"replies":[{"embeddable":true,"href":"https:\/\/www.ikmweiden.de\/cz\/wp-json\/wp\/v2\/comments?post=1723"}],"version-history":[{"count":5,"href":"https:\/\/www.ikmweiden.de\/cz\/wp-json\/wp\/v2\/pages\/1723\/revisions"}],"predecessor-version":[{"id":1731,"href":"https:\/\/www.ikmweiden.de\/cz\/wp-json\/wp\/v2\/pages\/1723\/revisions\/1731"}],"wp:featuredmedia":[{"embeddable":true,"href":"https:\/\/www.ikmweiden.de\/cz\/wp-json\/wp\/v2\/media\/320"}],"wp:attachment":[{"href":"https:\/\/www.ikmweiden.de\/cz\/wp-json\/wp\/v2\/media?parent=1723"}],"curies":[{"name":"wp","href":"https:\/\/api.w.org\/{rel}","templated":true}]}}