{"id":1325,"date":"2025-10-09T13:04:56","date_gmt":"2025-10-09T11:04:56","guid":{"rendered":"https:\/\/www.ikmweiden.de\/rundgang\/"},"modified":"2026-03-14T12:55:49","modified_gmt":"2026-03-14T11:55:49","slug":"prohlidka","status":"publish","type":"page","link":"https:\/\/www.ikmweiden.de\/cz\/prohlidka\/","title":{"rendered":"Prohl\u00eddka"},"content":{"rendered":"<section class='wp-block-ho-pattern ' data-pattern='ho\/header-text'>\n\n<div  class='container-fluid margin-top-7 margin-bottom-4'>\n\n<div  class='row'>\n\n<div  class='col col-xs-12 col-md-6'>\n\n<div  class='margin-bottom-4'>\n<h1>Prohl\u00eddka<\/h1>\n<\/div>\n<\/div>\n<\/div>\n\n\n\n\n<div  class='row'>\n\n<div  class='col col-xs-12 col-md-6'>\n\n<div  class='margin-bottom-4'><div class=body-large><\/div><\/div>\n<\/div>\n<\/div>\n\n\n\n\n<div  class='row'>\n\n<div  class='col col-xs-12'><div class=\"wp-block-ho-slot \">\n<div class=\"accessibility-menu\">\n\t<div class=\"wp-block-ho-buttons\">\n\t\t\n\t\t\n\n\t\t\t<\/div>\n<\/div>\n\n<\/div>\n<\/div>\n<\/div>\n<\/div>\n<\/section>\n\n<section class='wp-block-ho-pattern ' data-pattern='ho\/zwischenuberschrift' id=einfuehrung>\n\n<div  class='container-fluid margin-bottom-4'>\n\n<div  class='row'>\n\n<div  class='col col-xs-12 col-md-8'>\n<h3 class='h3' style=\"white-space: normal;\">\u00davod<\/h3>\n<\/div>\n<\/div>\n<\/div>\n<\/section>\n\n<section class='wp-block-ho-pattern ' data-pattern='ho\/einfacher-text'>\n\n<div  class='container-fluid margin-bottom-7'>\n\n<div  class='row'>\n\n<div  class='col col-xs-12 col-md-8'>\t<p class='body'>Na plo\u0161e p\u0159ibli\u017en\u011b 1 000 metr\u016f \u010dtvere\u010dn\u00edch vystavuje tato pobo\u010dka mnichovsk\u00e9ho muzea Die Neue Sammlung \u0159emesln\u00e9 v\u00fdrobky, vz\u00e1cn\u00e1 um\u011bleck\u00e1 d\u00edla a inovativn\u00ed designov\u00e9 koncepty ze sedmi tis\u00edcilet\u00ed um\u011bleck\u00e9 a kulturn\u00ed historie. Od jednoduch\u00e9 keramiky po faj\u00e1ns\/majoliku, od kameniny a hlin\u011bn\u00e9ho n\u00e1dob\u00ed po porcel\u00e1n \u2013 vystaven\u00e9 p\u0159edm\u011bty n\u00e1zorn\u011b ilustruj\u00ed r\u016fzn\u00e9 aspekty a techniky keramiky.\u202f<br>K mimo\u0159\u00e1dn\u00e9 rozmanitosti vystaven\u00fdch keramick\u00fdch um\u011bleck\u00fdch p\u0159edm\u011bt\u016f p\u0159isp\u00edvaj\u00ed jedine\u010dn\u00e9 expon\u00e1ty, kter\u00e9 poskytlo \u0161est bavorsk\u00fdch st\u00e1tn\u00edch muze\u00ed: Arch\u00e4ologische Staatssammlung, Bayerisches Nationalmuseum, Die Neue Sammlung \u2013 The Design Museum, Museum F\u00fcnf Kontinente, Staatliches Museum \u00c4gyptischer Kunst a Staatliche Antikensammlungen.  P\u0159\u00edle\u017eitostn\u00e9 speci\u00e1ln\u00ed v\u00fdstavy v muzeu se zam\u011b\u0159uj\u00ed na sou\u010dasn\u00e9 trendy a historick\u00e9 aspekty keramiky.<br>Internationales Keramik-Museum (IKM) bylo otev\u0159eno v roce 1990 a s\u00eddl\u00ed v takzvan\u00e9m \u201eWaldsassener Kasten\u201c, barokn\u00ed hospod\u00e1\u0159sk\u00e9 budov\u011b postaven\u00e9 podle n\u00e1vrhu Johanna Jacoba Philippa Muttoneho (1699\u20131775), kter\u00e1 p\u016fvodn\u011b pat\u0159ila k nedalek\u00e9mu kl\u00e1\u0161teru Waldsassen.<\/p>\n<\/div>\n<\/div>\n<\/div>\n<\/section>\n\n<section class='wp-block-ho-pattern ' data-pattern='ho\/zwischenuberschrift' id=die-neue-sammlung>\n\n<div  class='container-fluid margin-bottom-4'>\n\n<div  class='row'>\n\n<div  class='col col-xs-12 col-md-8'>\n<h3 class='h3' style=\"white-space: normal;\">Die Neue Sammlung<\/h3>\n<\/div>\n<\/div>\n<\/div>\n<\/section>\n\n<section class='wp-block-ho-pattern ' data-pattern='ho\/einfacher-text'>\n\n<div  class='container-fluid margin-bottom-7'>\n\n<div  class='row'>\n\n<div  class='col col-xs-12 col-md-8'>\t<p class='body'>Po\u010d\u00e1tky modern\u00ed keramiky sahaj\u00ed do obdob\u00ed secese. Pod japonsk\u00fdm vlivem se objevily tekut\u00e9 glazury, kter\u00e9 \u010dasto pokr\u00fdvaly tvary inspirovan\u00e9 p\u0159\u00edrodou. V pr\u016fb\u011bhu 20. stolet\u00ed se funk\u010dn\u00ed keramika je\u0161t\u011b v\u00edce emancipovala. Tento v\u00fdvoj vedl od um\u011blecky navr\u017een\u00e9, jedine\u010dn\u00e9 n\u00e1doby ke keramick\u00e9 plastice a um\u011bleck\u00e9 instalaci. Keramika jako um\u011bleck\u00e1 forma se za\u010dala definitivn\u011b etablovat v 60. letech 20. stolet\u00ed. T\u00edm byl polo\u017een z\u00e1klad dne\u0161n\u00ed keramiky, kter\u00e1 se ve sv\u00e9 pluralistick\u00e9 rozmanitosti nach\u00e1z\u00ed n\u011bkde mezi um\u011bn\u00edm a u\u017eitkem.<\/p>\n<\/div>\n<\/div>\n<\/div>\n<\/section>\n\n<section class='wp-block-ho-pattern ' data-pattern='ho\/zwischenuberschrift' id=staatliche-antikensammlungen>\n\n<div  class='container-fluid margin-bottom-4'>\n\n<div  class='row'>\n\n<div  class='col col-xs-12 col-md-8'>\n<h3 class='h3' style=\"white-space: normal;\">Staatliche Antikensammlungen<\/h3>\n<\/div>\n<\/div>\n<\/div>\n<\/section>\n\n<section class='wp-block-ho-pattern ' data-pattern='ho\/einfacher-text'>\n\n<div  class='container-fluid margin-bottom-7'>\n\n<div  class='row'>\n\n<div  class='col col-xs-12 col-md-8'>\t<p class='body'>Expon\u00e1ty pokr\u00fdvaj\u00ed stalet\u00ed mezi lety cca 900 p\u0159. n. l. a cca 300 p\u0159. n. l. P\u0159edstavuj\u00ed r\u016fzn\u00e1 obdob\u00ed a jejich styly: geometrick\u00e9 obdob\u00ed (1000\u2013700 p\u0159. n. l.), archaick\u00e9 obdob\u00ed (700\u2013480 p\u0159. n. l.), klasick\u00e9 obdob\u00ed (480\u2013323 p\u0159. n. l.) a hel\u00e9nistick\u00e9 obdob\u00ed (323\u201330 p\u0159. n. l.). Po abstraktn\u00edch geometrick\u00fdch dekorac\u00edch se v Korintu rozvinula \u010dernofigurov\u00e1 v\u00e1zov\u00e1 malba, kterou kolem roku 530 v At\u00e9n\u00e1ch nahradila \u010dervenofigurov\u00e1 v\u00e1zov\u00e1 malba. Keramika slou\u017eila jako hrobov\u00e9 milodary, p\u0159edm\u011bty pro dom\u00e1cnost a obchodn\u00ed zbo\u017e\u00ed. Velk\u00e1 \u010d\u00e1st n\u00e1dob je ve sb\u00edrk\u00e1ch Staatliche Antikensammlungen jako trval\u00e1 z\u00e1p\u016fj\u010dka z instituce Wittelsbacher Ausgleichsfonds\/Wittelsbach\u016fv vyrovn\u00e1vac\u00ed fond (WAF).<\/p>\n<\/div>\n<\/div>\n<\/div>\n<\/section>\n\n<section class='wp-block-ho-pattern ' data-pattern='ho\/zwischenuberschrift' id=archaeologische-staatssammlung>\n\n<div  class='container-fluid margin-bottom-4'>\n\n<div  class='row'>\n\n<div  class='col col-xs-12 col-md-8'>\n<h3 class='h3' style=\"white-space: normal;\">Arch\u00e4ologische Staatssammlung<\/h3>\n<\/div>\n<\/div>\n<\/div>\n<\/section>\n\n<section class='wp-block-ho-pattern ' data-pattern='ho\/einfacher-text'>\n\n<div  class='container-fluid margin-bottom-7'>\n\n<div  class='row'>\n\n<div  class='col col-xs-12 col-md-8'>\t<p class='body'>Vykop\u00e1vky v Bavorsku odhalily keramiku ze v\u0161ech obdob\u00ed lidsk\u00fdch d\u011bjin \u2013 od doby kamenn\u00e9, bronzov\u00e9 a \u017eelezn\u00e9 p\u0159es \u0159\u00edmsk\u00e9 obdob\u00ed a st\u0159edov\u011bk a\u017e po novov\u011bk. Objekty v odd\u011blen\u00ed \u201eSt\u0159edomo\u0159\u00ed a Bl\u00edzk\u00fd v\u00fdchod\u201c ilustruj\u00ed v\u00fdvoj keramiky, archeologicky dominantn\u00ed formy, v \u0161ir\u0161\u00edm kulturn\u00edm kontextu. Krom\u011b n\u00e1dob a stoln\u00edho n\u00e1dob\u00ed pro ka\u017edodenn\u00ed pou\u017eit\u00ed existovaly i speci\u00e1ln\u00ed formy pro kultovn\u00ed a ob\u011btn\u00ed zvyky. Hl\u00edna slou\u017eila tak\u00e9 jako psac\u00ed m\u00e9dium a j\u00edl jako stavebn\u00ed materi\u00e1l, jak dokl\u00e1daj\u00ed p\u0159\u00edklady z Mezopot\u00e1mie.<\/p>\n<\/div>\n<\/div>\n<\/div>\n<\/section>\n\n<section class='wp-block-ho-pattern ' data-pattern='ho\/zwischenuberschrift' id=museum-fuenf-kontinente>\n\n<div  class='container-fluid margin-bottom-4'>\n\n<div  class='row'>\n\n<div  class='col col-xs-12 col-md-8'>\n<h3 class='h3' style=\"white-space: normal;\">Museum F\u00fcnf Kontinente<\/h3>\n<\/div>\n<\/div>\n<\/div>\n<\/section>\n\n<section class='wp-block-ho-pattern ' data-pattern='ho\/einfacher-text'>\n\n<div  class='container-fluid margin-bottom-7'>\n\n<div  class='row'>\n\n<div  class='col col-xs-12 col-md-8'>\t<p class='body'>D\u00edla z p\u0159edhisp\u00e1nsk\u00e9ho Peru poch\u00e1zej\u00ed z obdob\u00ed p\u0159ed Inky, nap\u0159\u00edklad v\u00fdrobky kultury Nazca (100 p\u0159. n. l. \u2013 700 n. l.), kultury Chim\u00fa (1100\u20131450) a kultury Chancay (1000\u20131450). <br>Z p\u00e1kist\u00e1nsk\u00e9ho Mult\u00e1nu poch\u00e1z\u00ed slavn\u00e1 modr\u00e1 keramika, jej\u00ed\u017e ko\u0159eny sahaj\u00ed stalet\u00ed do minulosti a jej\u00ed\u017e dekory odr\u00e1\u017eej\u00ed sm\u011bs persk\u00fdch a jihoasijsk\u00fdch vliv\u016f. <br>V Thajsku keramika s charakteristick\u00fdmi \u010derven\u00fdmi dekory odkazuje na tis\u00edciletou tradici kultury Ban Chiang.<br><br><\/p>\n<\/div>\n<\/div>\n<\/div>\n<\/section>\n\n<section class='wp-block-ho-pattern ' data-pattern='ho\/zwischenuberschrift' id=staatliches-museum-aegyptischer-kunst>\n\n<div  class='container-fluid margin-bottom-4'>\n\n<div  class='row'>\n\n<div  class='col col-xs-12 col-md-8'>\n<h3 class='h3' style=\"white-space: normal;\">Staatliches Museum \u00c4gyptischer Kunst<\/h3>\n<\/div>\n<\/div>\n<\/div>\n<\/section>\n\n<section class='wp-block-ho-pattern ' data-pattern='ho\/einfacher-text'>\n\n<div  class='container-fluid margin-bottom-7'>\n\n<div  class='row'>\n\n<div  class='col col-xs-12 col-md-8'>\t<p class='body'>Keramika ze starov\u011bk\u00e9ho Egypta a N\u00fabie je stejn\u011b rozmanit\u00e1 jako samotn\u00e9 tyto kultury a z\u00e1rove\u0148 p\u0159edstavuje d\u016fle\u017eit\u00fd archeologick\u00fd n\u00e1stroj pro datov\u00e1n\u00ed. Tvary n\u00e1dob a povrchov\u00e9 \u00fapravy, jako je vyhlazov\u00e1n\u00ed, le\u0161t\u011bn\u00ed, engobov\u00e1n\u00ed a malov\u00e1n\u00ed, charakterizuj\u00ed ka\u017edou \u00e9ru. Technika se vyvinula od ru\u010dn\u011b tvarovan\u00fdch n\u00e1dob p\u0159es ran\u00e9 to\u010dny a\u017e po hrn\u010d\u00ed\u0159sk\u00fd kruh. Vitr\u00edny ukazuj\u00ed tento v\u00fdvoj, stejn\u011b jako rozmanit\u00e9 vyu\u017eit\u00ed keramiky a faj\u00e1nse nad r\u00e1mec pouh\u00fdch forem n\u00e1dob.<\/p>\n<\/div>\n<\/div>\n<\/div>\n<\/section>\n\n<section class='wp-block-ho-pattern ' data-pattern='ho\/zwischenuberschrift' id=bayerisches-nationalmuseum>\n\n<div  class='container-fluid margin-bottom-4'>\n\n<div  class='row'>\n\n<div  class='col col-xs-12 col-md-8'>\n<h3 class='h3' style=\"white-space: normal;\">Bayerisches Nationalmuseum<\/h3>\n<\/div>\n<\/div>\n<\/div>\n<\/section>\n\n<section class='wp-block-ho-pattern ' data-pattern='ho\/einfacher-text'>\n\n<div  class='container-fluid margin-bottom-7'>\n\n<div  class='row'>\n\n<div  class='col col-xs-12 col-md-8'>\t<p class='body'>Expon\u00e1ty vybran\u00e9 z bohat\u00fdch keramick\u00fdch sb\u00edrek muzea Bayerisches Nationalmuseum se zam\u011b\u0159uj\u00ed p\u0159edev\u0161\u00edm na faj\u00e1ns, porcel\u00e1n, kameninu a u\u017eitkovou kameninu se vztahem k regionu. Faj\u00e1nsov\u00e9 manufaktury v Ambergu a Sulzbachu se inspirovaly norimberskou v\u00fdrobou. Kamenina ze 17. stolet\u00ed z Creu\u00dfenu se svou propracovanou v\u00fdzdobou spl\u0148ovala vysok\u00e9 standardy. Tvrd\u00e1, p\u0159i vysok\u00fdch teplot\u00e1ch vypalovan\u00e1 kamenina je velmi odoln\u00e1, a byla proto vhodn\u00e1 pro p\u0159epravu miner\u00e1ln\u00ed vody. Hrn\u010d\u00ed\u0159sk\u00e9 v\u00fdrobky zaujmou sv\u00fdmi praktick\u00fdmi tvary a prost\u00fdm dekorem. Mnoho porcel\u00e1nov\u00fdch objekt\u016f se vztahuje k falck\u00e9mu kurfi\u0159tovi Karlu Teodorovi, kter\u00fd provozoval vlastn\u00ed manufakturu ve Frankenthalu, je\u017e konkurovala M\u00ed\u0161ni. Na \u010d\u00ednsk\u00fdch tal\u00ed\u0159\u00edch je vyobrazen alian\u010dn\u00ed erb jeho otce, falckrab\u011bte Jana Kristi\u00e1na ze Sulzbachu, a jeho druh\u00e9 choti.<\/p>\n<\/div>\n<\/div>\n<\/div>\n<\/section>\n\n<section class='wp-block-ho-pattern ' data-pattern='ho\/zwischenuberschrift' id=sammlung-seltmann>\n\n<div  class='container-fluid margin-bottom-4'>\n\n<div  class='row'>\n\n<div  class='col col-xs-12 col-md-8'>\n<h3 class='h3' style=\"white-space: normal;\"><\/h3>\n<\/div>\n<\/div>\n<\/div>\n<\/section>\n\n<section class='wp-block-ho-pattern ' data-pattern='ho\/einfacher-text'>\n\n<div  class='container-fluid margin-bottom-7'>\n\n<div  class='row'>\n\n<div  class='col col-xs-12 col-md-8'>\t<p class='body'><\/p>\n<\/div>\n<\/div>\n<\/div>\n<\/section>\n\n<section class='wp-block-ho-pattern ' data-pattern='ho\/zwischenuberschrift' id=form-2000>\n\n<div  class='container-fluid margin-bottom-4'>\n\n<div  class='row'>\n\n<div  class='col col-xs-12 col-md-8'>\n<h3 class='h3' style=\"white-space: normal;\">Form 2000<\/h3>\n<\/div>\n<\/div>\n<\/div>\n<\/section>\n\n<section class='wp-block-ho-pattern ' data-pattern='ho\/einfacher-text'>\n\n<div  class='container-fluid margin-bottom-7'>\n\n<div  class='row'>\n\n<div  class='col col-xs-12 col-md-8'>\t<p class='body'>V roce 1925 vznikla bl\u00edzk\u00e1 spolupr\u00e1ce mezi Phillipem Rosenthalem (1916 2001) a americk\u00fdm n\u00e1vrh\u00e1\u0159em Raymondem Loewy (1893-1986) Z\u00e1m\u011br byl podnik Rosenthal nov\u011b um\u00edstit na trhu, ekonomicky prosperovat firmu a t\u00edm t\u00e9\u017e z\u00edskat americk\u00fd trh.<br>Jako vynikaj\u00edc\u00ed marketingov\u00fd expert kladl Loewy d\u016fraz, na to, \u017ee u dobr\u00e9ho designu v\u00fdrobku podle psychologie trhu mus\u00ed b\u00fdt vych\u00e1zeno vst\u0159\u00edc spot\u0159ebitel\u016fm. K\u00e1vov\u00fd a j\u00eddeln\u00ed servis forma 2000 p\u0159edstavuje jeho hlavn\u00ed motiv \u201eMost advanced yet acceptable\u201c. T\u00edm je popsan\u00e9 to nejpokro\u010dilej\u0161\u00ed, kter\u00e9 je z hlediska spot\u0159ebitele je\u0161t\u011b p\u0159ijateln\u00e9. <br>Forma 2000 byla vyroben\u00e1 v roce 1953 od Loewysovo hlavn\u00edho design\u00e9ra Richarda S. Lathama (1920-1991). S jej\u00ed aerodynamickou, dvouk\u00f3nickou x-formou vznikl miln\u00edk mezi pr\u016fmyslov\u00fdm designem a \u0159emesln\u00fdm um\u011bn\u00edm keramiky, kter\u00fd z\u00e1rove\u0148 stanovuje nov\u00e1 m\u011b\u0159\u00edtka v ur\u010dov\u00e1n\u00ed tvaru a trvanlivosti. Vyr\u00e1b\u011bn\u00e1 byla forma 2000 od roku 1954 do 1978 ve v\u00edce ne\u017e 165 r\u016fzn\u00fdch v\u00fdzdob\u00e1c ch. N\u00e1vrhy na toto poch\u00e1zely od zn\u00e1m\u00fdch n\u00e1vrh\u00e1\u0159\u016f jako jsou nap\u0159\u00edklad Bj\u00f6rn Wiinblad (1918-2006), Tapio Wirkkala (1915-1985), Alain Le Foll (1934-1981) nebo Margret Hildebrand (1917-1998). <br>Rozmanitost dekor\u016f za\u010d\u00edn\u00e1 od monochromatick\u00fdch (jednobarevn\u00fdch) glazur v neutr\u00e1ln\u00edch barv\u00e1ch (b\u00edl\u00e1, kr\u00e9mov\u00e1, grafitov\u00e1 \u0161ed\u00e1), a\u017e po geometrick\u00e9 akcenty jako ostr\u00e9 linie a r\u00e1movac\u00ed obrysy, kter\u00e9 zd\u016fraz\u0148uj\u00ed formu, bez toho, aby p\u016fsobily dominantn\u011b. Grafick\u00e9 nebo abstraktn\u00ed vzory tvo\u0159\u00ed jemn\u00e9 kontrasty. Jin\u00e9 dekory spojuj\u00ed klasick\u00e9 siluety s modern\u00ed barevnost\u00ed, zachycuj\u00ed kv\u011btinov\u00e9 zjednodu\u0161en\u00e9 n\u00e1m\u011bty. Odst\u00edny nebo barevn\u00e9 akcenty zd\u016fraz\u0148uj\u00ed dr\u017eadla a knofl\u00edky v\u00edk. Jako \u017e\u00e1dn\u00fd jin\u00fd n\u00e1vrh forma 2000 odr\u00e1\u017e\u00ed \u00e9ru, ve kter\u00e9 hromadn\u00e9 u\u017e\u00edv\u00e1n\u00ed a um\u011bleck\u00e9 vytv\u00e1\u0159en\u00ed harmonicky spolup\u016fsob\u00ed.<br><\/p>\n<\/div>\n<\/div>\n<\/div>\n<\/section>\n\n<section class='wp-block-ho-pattern ' data-pattern='ho\/zwischenuberschrift' id=produktion>\n\n<div  class='container-fluid margin-bottom-4'>\n\n<div  class='row'>\n\n<div  class='col col-xs-12 col-md-8'>\n<h3 class='h3' style=\"white-space: normal;\">v\u00fdrobn\u00ed proces <\/h3>\n<\/div>\n<\/div>\n<\/div>\n<\/section>\n\n<section class='wp-block-ho-pattern ' data-pattern='ho\/einfacher-text'>\n\n<div  class='container-fluid margin-bottom-7'>\n\n<div  class='row'>\n\n<div  class='col col-xs-12 col-md-8'>\t<p class='body'>V\u00fdroba porcel\u00e1nu a ateli\u00e9rov\u00e9 keramiky ozna\u010duj\u00ed dva zp\u016fsoby keramick\u00e9ho vytv\u00e1\u0159en\u00ed, kter\u00e9 se odli\u0161uj\u00ed v materi\u00e1lov\u00e9 v\u011bd\u011b, technice a estetice. Podle historie porcel\u00e1n vznikl v \u010c\u00edn\u011b a pot\u00e9 na\u0161el svou cestu do Evropy. Typick\u00fd je t\u0159\u00edd\u00edln\u00fd proces: sm\u011bs surovin, tvarov\u00e1n\u00ed a proces vypalov\u00e1n\u00ed keramiky. Suroviny jako p\u0159\u00edrodn\u00ed j\u00edl obsahuj\u00edc\u00ed kaol\u00edn, \u017eivec, a k\u0159emen jsou pe\u010dliv\u011b m\u00edchan\u00e9, aby vznikly nejjemn\u011bj\u0161\u00ed \u010d\u00e1stice a skeln\u00e9 vazby.<br>Na p\u0159\u00edkladu p\u0159es stalet\u00ed vyr\u00e1b\u011bn\u00e9, od Hermanna Gretsch 1931 pro porcel\u00e1novou tov\u00e1rnu Arzberg navr\u017een\u00e9 k\u00e1vov\u00e9 formy konvice \u010d. 1382 se daj\u00ed zn\u00e1zornit jednotliv\u00e9 kroky v\u00fdrobn\u00edho procesu: <br>Tekut\u00e1 sm\u011bs surovin (\u0161likr) se vkl\u00e1d\u00e1 do s\u00e1drov\u00e9 formy. Po usu\u0161en\u00ed m\u016f\u017ee b\u00fdt konvice, kter\u00e1 je tvrd\u00e1 jako k\u016f\u017ee odebr\u00e1na. Jednotliv\u00e9 d\u00edly jako dr\u017eadlo a v\u00edko jsou spojen\u00e9, ostr\u00e9 hrany jsou vyhlazen\u00e9 a u konvice je poprv\u00e9 provedeno vypalov\u00e1n\u00ed keramiky (biskvitov\u00e9 vypalov\u00e1n\u00ed). U toho se zmen\u0161uje objem mezi 12 a 15 %. Pot\u00e9 n\u00e1sleduje nan\u00e1\u0161en\u00ed glazury ve spojen\u00ed s r\u016fzn\u00fdmi technikami dekorov\u00e1n\u00ed. Glazura se spojuje ve vysokoteplotn\u00edm vypalov\u00e1n\u00ed (hladk\u00e9 vypalov\u00e1n\u00ed) k hladk\u00e9mu hust\u00e9mu povrchu. N\u00e1sledn\u011b mohou b\u00fdt pou\u017eit\u00e9 r\u016fzn\u00e9 dodate\u010dn\u00e9 techniky zdoben\u00ed.<br> Ateli\u00e9rov\u00e1 keramika se naopak siln\u011bji zam\u011b\u0159uje na ru\u010dn\u00ed pr\u00e1ci, pokusy a in dividu\u00e1ln\u00ed formu vyjad\u0159ov\u00e1n\u00ed. Typick\u00e9 materi\u00e1ly jsou j\u00edl, kamenn\u00e1 hl\u00edna, \u0161amotov\u00e1 hl\u00edna nebo leh\u010d\u00ed keramiky, ale t\u00e9\u017e porcel\u00e1n. Formy vznikaj\u00ed p\u0159es to\u010den\u00ed na hrn\u010d\u00ed\u0159sk\u00e9m kruhu, odl\u00e9v\u00e1n\u00ed do forem, v\u00e1le\u010dkovou techniku a techniku stav\u011bn\u00ed pl\u00e1t\u016f nebo voln\u00e9 tvarov\u00e1n\u00ed keramiky. Po su\u0161en\u00ed n\u00e1sleduje vypalov\u00e1n\u00ed keramiky \u2013 v\u011bt\u0161inou p\u0159edp\u00e1len\u00ed keramiky (p\u0159e\u017eah), p\u0159\u00edpadn\u011b n\u00e1sleduje glazov\u00e1n\u00ed nebo dal\u0161\u00ed v\u00fdpaly. \u010c\u00e1ste\u010dn\u011b se vynech\u00e1v\u00e1 glazura a jsou pou\u017eit\u00e9 jin\u00e9 dekora\u010dn\u00ed techniky<\/p>\n<\/div>\n<\/div>\n<\/div>\n<\/section>\n\n<section class='wp-block-ho-pattern ' data-pattern='ho\/zwischenuberschrift' id=der-standort-weiden>\n\n<div  class='container-fluid margin-bottom-4'>\n\n<div  class='row'>\n\n<div  class='col col-xs-12 col-md-8'>\n<h3 class='h3' style=\"white-space: normal;\">Str\u00e1nka Willows<\/h3>\n<\/div>\n<\/div>\n<\/div>\n<\/section>\n\n<section class='wp-block-ho-pattern ' data-pattern='ho\/einfacher-text'>\n\n<div  class='container-fluid margin-bottom-7'>\n\n<div  class='row'>\n\n<div  class='col col-xs-12 col-md-8'>\t<p class='body'>M\u011bsto Weiden, le\u017e\u00edc\u00ed na &#8220;Zlat\u00e9 cest\u011b&#8221; z Norimberka do Prahy, se od 14. stolet\u00ed stalo v\u00fdznamn\u00fdm obchodn\u00edm centrem. Napojen\u00ed na \u017eelezni\u010dn\u00ed s\u00ed\u0165 &#8211; prvn\u00ed osobn\u00ed vlak do Weidenu dorazil v roce 1863 &#8211; napomohlo usazov\u00e1n\u00ed pr\u016fmyslov\u00fdch podnik\u016f. Vedle skl\u00e1\u0159sk\u00fdch a textiln\u00edch v\u00fdrobc\u016f to byly p\u0159edev\u0161\u00edm porcel\u00e1nky, kter\u00e9 charakterizovaly Weiden jako pr\u016fmyslov\u00e9 m\u00edsto. Bohat\u00e1 lo\u017eiska kaolinu v nedalek\u00e9m Hirschau (okres Amberg-Sulzbach) &#8211; b\u00edl\u00fd j\u00edl kaolin je jednou ze z\u00e1kladn\u00edch surovin pro v\u00fdrobu porcel\u00e1nu -, dostupnost \u010desk\u00e9ho hn\u011bd\u00e9ho uhl\u00ed a dostatek pracovn\u00edch sil nab\u00edzely ide\u00e1ln\u00ed podm\u00ednky pro rozvoj porcel\u00e1nov\u00e9ho pr\u016fmyslu. V roce 1881 zalo\u017eili brat\u0159i August a Conrad Bauscherovi ve Weidenu prvn\u00ed porcel\u00e1nku, kter\u00e1 dodnes vyr\u00e1b\u00ed p\u0159edev\u0161\u00edm pro hotelnictv\u00ed, gastronomii a ve\u0159ejn\u00e9 stravov\u00e1n\u00ed. Od roku 1998 p\u016fsob\u00ed spole\u010dnost Bauscher pod n\u00e1zvem BHS Tabletop a v sou\u010dasn\u00e9 dob\u011b je jedn\u00edm z nejv\u011bt\u0161\u00edch v\u00fdrobc\u016f porcel\u00e1nu v Evrop\u011b. Druhou dodnes existuj\u00edc\u00ed rodinnou firmu zalo\u017eil v roce 1910 Christian Wilhelm Seltmann. Po\u010d\u00e1te\u010dn\u00ed zam\u011b\u0159en\u00ed na automatizaci a modernizaci v\u00fdroby porcel\u00e1nu poskytlo z\u00e1klad pro dne\u0161n\u00ed pozici jedn\u00e9 z nejmodern\u011bj\u0161\u00edch porcel\u00e1nek v Evrop\u011b, kter\u00e1 nav\u00edc vyr\u00e1b\u00ed v\u00fdhradn\u011b v N\u011bmecku. T\u0159et\u00edm v\u00fdrobcem porcel\u00e1nu z Weidenu byla Porzellanfabrik Bavaria AG v okrese Ullersricht, kde se v letech 1920-1931 vyr\u00e1b\u011bl vysoce kvalitn\u00ed u\u017eitkov\u00fd a dekorativn\u00ed porcel\u00e1n. P\u0159esto\u017ee tato spole\u010dnost dnes ji\u017e neexistuje, porcel\u00e1n je s m\u011bstem Weiden neodmysliteln\u011b spjat pouze prost\u0159ednictv\u00edm firem Bauscher a Seltmann.<\/p>\n<\/div>\n<\/div>\n<\/div>\n<\/section>","protected":false},"excerpt":{"rendered":"","protected":false},"author":2,"featured_media":541,"parent":0,"menu_order":0,"comment_status":"closed","ping_status":"closed","template":"","meta":{"_acf_changed":false,"ho_image_focal_point":"","footnotes":""},"class_list":["post-1325","page","type-page","status-publish","has-post-thumbnail","hentry"],"acf":{"audio":"","video":"","poster":"","noindex":true,"keywords":"","seo_titel":""},"_links":{"self":[{"href":"https:\/\/www.ikmweiden.de\/cz\/wp-json\/wp\/v2\/pages\/1325","targetHints":{"allow":["GET"]}}],"collection":[{"href":"https:\/\/www.ikmweiden.de\/cz\/wp-json\/wp\/v2\/pages"}],"about":[{"href":"https:\/\/www.ikmweiden.de\/cz\/wp-json\/wp\/v2\/types\/page"}],"author":[{"embeddable":true,"href":"https:\/\/www.ikmweiden.de\/cz\/wp-json\/wp\/v2\/users\/2"}],"replies":[{"embeddable":true,"href":"https:\/\/www.ikmweiden.de\/cz\/wp-json\/wp\/v2\/comments?post=1325"}],"version-history":[{"count":7,"href":"https:\/\/www.ikmweiden.de\/cz\/wp-json\/wp\/v2\/pages\/1325\/revisions"}],"predecessor-version":[{"id":2621,"href":"https:\/\/www.ikmweiden.de\/cz\/wp-json\/wp\/v2\/pages\/1325\/revisions\/2621"}],"wp:featuredmedia":[{"embeddable":true,"href":"https:\/\/www.ikmweiden.de\/cz\/wp-json\/wp\/v2\/media\/541"}],"wp:attachment":[{"href":"https:\/\/www.ikmweiden.de\/cz\/wp-json\/wp\/v2\/media?parent=1325"}],"curies":[{"name":"wp","href":"https:\/\/api.w.org\/{rel}","templated":true}]}}