{"id":1197,"date":"2025-09-15T12:07:39","date_gmt":"2025-09-15T10:07:39","guid":{"rendered":"https:\/\/www.ikmweiden.de\/impressum\/"},"modified":"2025-12-12T16:29:42","modified_gmt":"2025-12-12T15:29:42","slug":"impressum","status":"publish","type":"page","link":"https:\/\/www.ikmweiden.de\/cz\/impressum\/","title":{"rendered":"Tir\u00e1\u017e"},"content":{"rendered":"<section class='wp-block-ho-pattern ' data-pattern='ho\/header-text'>\n\n<div  class='container-fluid margin-top-7 margin-bottom-4'>\n\n<div  class='row'>\n\n<div  class='col col-xs-12 col-md-6'>\n\n<div  class='margin-bottom-4'>\n<h1>Tir\u00e1\u017e<\/h1>\n<\/div>\n<\/div>\n<\/div>\n\n\n\n\n<div  class='row'>\n\n<div  class='col col-xs-12 col-md-6'>\n\n<div  class='margin-bottom-4'><div class=body-large>Tir\u00e1\u017e \u2013 Autorsk\u00e9 pr\u00e1vo \u2013 Odpov\u011bdnost \u2013 Pr\u00e1vn\u00ed upozorn\u011bn\u00ed<\/div><\/div>\n<\/div>\n<\/div>\n\n\n\n\n<div  class='row'>\n\n<div  class='col col-xs-12'><div class=\"wp-block-ho-slot \">\n<div class=\"accessibility-menu\">\n\t<div class=\"wp-block-ho-buttons\">\n\t\t\n\t\t\n\n\t\t\t<\/div>\n<\/div>\n\n<\/div>\n<\/div>\n<\/div>\n<\/div>\n<\/section>\n\n<section class='wp-block-ho-pattern ' data-pattern='ho\/einfacher-text'>\n\n<div  class='container-fluid margin-bottom-7'>\n\n<div  class='row'>\n\n<div  class='col col-xs-12 col-md-8'>\t<p class='body'>Pr\u00e1vn\u00ed upozorn\u011bn\u00ed:<br>Provozovatel t\u00e9to internetov\u00e9 prezentace je:<br><br>Die Neue Sammlung \u2013 The Design Museum<br>T\u00fcrkenstra\u00dfe 15<br>80333 M\u00fcnchen<br>Tel +49 (0)89 \/ 27 27 25-0<br>Fax +49 (0)89 \/ 27 27 25-561<br>E-Mail: info@die-neue-sammlung.de<br><br>USt-Identifikationsnummer: dle \u00a7 27 Umsatzsteuergestz (z\u00e1kon dan\u011b z p\u0159idan\u00e9 hodnoty) DE 811 335 517<br><br>Zastoupena:<br>Prof. Dr. Angelika Nollert<br><br>Nov\u00e1 sb\u00edrka (Die Neue Sammlung) je st\u00e1tn\u00ed muzeum a sou\u010d\u00e1st bavorsk\u00fdch st\u00e1tn\u00edch muze\u00ed.<br><br>Odpov\u011bdn\u00fd za online redakci:<br>Johannes Listewnik<br><br>Autorsk\u00e9 pr\u00e1vo \u2013 Copyright (Urheberrecht \u2013 Copyright)<br>\u00a9 Die Neue Sammlung \u2013 v\u0161echna pr\u00e1va vyhrazena.<br><br><br><strong>Podm\u00ednky u\u017eit\u00ed <\/strong><br>Texty, obr\u00e1zky, grafiky a tak\u00e9 grafick\u00e1 \u00faprava t\u011bchto webov\u00fdch str\u00e1nek jsou chr\u00e1n\u011bny autorsk\u00fdm pr\u00e1vem od Nov\u00e9 sb\u00edrky \u2013 The Design Museum.<br>Sm\u00edte je pou\u017e\u00edvat pouze pro soukrom\u00e9 a jin\u00e9 vlastn\u00ed \u00fa\u010dely v r\u00e1mci \u00a7 53 n\u011bmeck\u00e9ho autorsk\u00e9ho z\u00e1kona (UrhG). Jak\u00e9koliv rozmno\u017eov\u00e1n\u00ed nebo pou\u017eit\u00ed t\u011bchto str\u00e1nek \u010di jejich \u010d\u00e1st\u00ed v jin\u00fdch elektronick\u00fdch nebo ti\u0161t\u011bn\u00fdch publikac\u00edch a jejich zve\u0159ejn\u011bn\u00ed je mo\u017en\u00e9 jen s na\u0161\u00edm souhlasem.<br>Ten m\u016f\u017eete z\u00edskat na e-mailu: info@die-neue-sammlung.de. D\u00e1le mohou texty, obr\u00e1zky, grafiky a jin\u00e9 soubory zcela nebo \u010d\u00e1ste\u010dn\u011b podl\u00e9hat autorsk\u00fdm pr\u00e1v\u016fm t\u0159et\u00edch stran. Tak\u00e9 o t\u011bchto p\u0159\u00edpadn\u00fdch pr\u00e1vech t\u0159et\u00edch stran v\u00e1m r\u00e1di poskytneme informace.<br>Tiskov\u00e9 zpr\u00e1vy mohou b\u00fdt obecn\u011b reprodukov\u00e1ny a pou\u017e\u00edv\u00e1ny s uveden\u00edm zdroje.<br><br><strong>Uveden\u00ed zdroj\u016f obr\u00e1zk\u016f <\/strong><br>Autorsk\u00e1 pr\u00e1va k obr\u00e1zk\u016fm pou\u017eit\u00fdm na t\u011bchto webov\u00fdch str\u00e1nk\u00e1ch jsou vyjasn\u011bna. U obr\u00e1zk\u016f jsou uvedeny zdrojov\u00e9 informace v popisu. Obr\u00e1zky bez zvl\u00e1\u0161tn\u00edho ozna\u010den\u00ed jsou obecn\u011b uv\u00e1d\u011bny se zdrojem \u201eArchiv Die Neue Sammlung\u201c. Jejich pou\u017eit\u00ed vy\u017eaduje souhlas Nov\u00e9 sb\u00edrky. Pokud byste se i p\u0159es na\u0161i pe\u010dlivost domn\u00edvali, \u017ee je poru\u0161eno va\u0161e obrazov\u00e9 pr\u00e1vo, kontaktujte n\u00e1s pros\u00edm na: info@die-neue-sammlung.de<br><br><strong>Prohl\u00e1\u0161en\u00ed o vylou\u010den\u00ed odpov\u011bdnosti <\/strong><br>V\u0161echny informace na t\u011bchto str\u00e1nk\u00e1ch byly vytvo\u0159eny a prov\u011b\u0159eny s nejlep\u0161\u00edm v\u011bdom\u00edm a sv\u011bdom\u00edm. Nem\u016f\u017eeme v\u0161ak poskytnout z\u00e1ruku za jejich aktu\u00e1lnost, spr\u00e1vnost, \u00faplnost nebo dostupnost. N\u00e1v\u0161t\u011bvou webu nevznik\u00e1 \u017e\u00e1dn\u00fd pr\u00e1vn\u00ed n\u00e1rok na uzav\u0159en\u00ed smluvn\u00edho vztahu. Neodpov\u00edd\u00e1me za \u0161kody vznikl\u00e9 pou\u017e\u00edv\u00e1n\u00edm t\u00e9to webov\u00e9 str\u00e1nky. Rovn\u011b\u017e neneseme \u017e\u00e1dnou odpov\u011bdnost za p\u0159\u00edpadn\u00e9 \u0161kody zp\u016fsoben\u00e9 p\u0159\u00ed vyvol\u00e1v\u00e1n\u00ed nebo stahov\u00e1n\u00ed dat \u0161kodliv\u00fdm softwarem nebo p\u0159i instalaci \u010di pou\u017eit\u00edm softwaru.<br><br><br><strong>Odkazy a extern\u00ed obsah-vylou\u010den\u00ed odpov\u011bdnosti<\/strong><br>Na\u0161e vlastn\u00ed obsahov\u00e9 str\u00e1nky se li\u0161\u00ed od odkaz\u016f na str\u00e1nky jin\u00fdch poskytovatel\u016f. Odkazy pouze umo\u017e\u0148uj\u00ed p\u0159\u00edstup k ciz\u00edmu obsahu podle \u00a7 8 Telemediengesetz (n\u011bmeck\u00fd z\u00e1kon podobn\u00fd z\u00e1konu o elektronick\u00fdch komunikac\u00edch) P\u0159i prvn\u00edm propojen\u00ed jsme extern\u00ed obsah zkontrolovali, zda m\u016f\u017ee zp\u016fsobit ob\u010danskopr\u00e1vn\u00ed odpov\u011bdnost \u010d\u00ed trestn\u00ed odpov\u011bdnost. Nem\u016f\u017eeme v\u0161ak tyto extern\u00ed str\u00e1nky pr\u016fb\u011b\u017en\u011b monitorovat a nep\u0159eb\u00edr\u00e1me za n\u011b odpov\u011bdnost. Za neleg\u00e1ln\u00ed, chybn\u00e9 nebo ne\u00fapln\u00e9 obsahy a p\u0159edev\u0161\u00edm za \u0161kody vznikl\u00e9 v d\u016fsledku pou\u017eit\u00ed nebo nepou\u017eit\u00ed informac\u00ed t\u0159et\u00edch stran odpov\u00edd\u00e1 v\u00fdhradn\u011b p\u0159\u00edslu\u0161n\u00fd poskytovatel str\u00e1nky.<br><br><strong>Design a realizace<\/strong><br>Henne \/ Ordnung<br>Schinkestr. 9, 12047 Berlin<br><a href=\"https:\/\/www.henne-ordnung.de\">www.henne-ordnung.de<\/a><\/p>\n<\/div>\n<\/div>\n<\/div>\n<\/section>","protected":false},"excerpt":{"rendered":"<p>Tir\u00e1\u017e \u2013 Autorsk\u00e9 pr\u00e1vo \u2013 Odpov\u011bdnost \u2013 Pr\u00e1vn\u00ed upozorn\u011bn\u00ed<\/p>\n","protected":false},"author":2,"featured_media":1271,"parent":0,"menu_order":0,"comment_status":"closed","ping_status":"closed","template":"","meta":{"_acf_changed":false,"ho_image_focal_point":"","footnotes":""},"class_list":["post-1197","page","type-page","status-publish","has-post-thumbnail","hentry"],"acf":{"audio":"","video":"","poster":"","noindex":false,"keywords":"","seo_titel":""},"_links":{"self":[{"href":"https:\/\/www.ikmweiden.de\/cz\/wp-json\/wp\/v2\/pages\/1197","targetHints":{"allow":["GET"]}}],"collection":[{"href":"https:\/\/www.ikmweiden.de\/cz\/wp-json\/wp\/v2\/pages"}],"about":[{"href":"https:\/\/www.ikmweiden.de\/cz\/wp-json\/wp\/v2\/types\/page"}],"author":[{"embeddable":true,"href":"https:\/\/www.ikmweiden.de\/cz\/wp-json\/wp\/v2\/users\/2"}],"replies":[{"embeddable":true,"href":"https:\/\/www.ikmweiden.de\/cz\/wp-json\/wp\/v2\/comments?post=1197"}],"version-history":[{"count":5,"href":"https:\/\/www.ikmweiden.de\/cz\/wp-json\/wp\/v2\/pages\/1197\/revisions"}],"predecessor-version":[{"id":1716,"href":"https:\/\/www.ikmweiden.de\/cz\/wp-json\/wp\/v2\/pages\/1197\/revisions\/1716"}],"wp:featuredmedia":[{"embeddable":true,"href":"https:\/\/www.ikmweiden.de\/cz\/wp-json\/wp\/v2\/media\/1271"}],"wp:attachment":[{"href":"https:\/\/www.ikmweiden.de\/cz\/wp-json\/wp\/v2\/media?parent=1197"}],"curies":[{"name":"wp","href":"https:\/\/api.w.org\/{rel}","templated":true}]}}