{"id":1191,"date":"2025-10-02T08:35:31","date_gmt":"2025-10-02T06:35:31","guid":{"rendered":"https:\/\/www.ikmweiden.de\/freundeskreis\/"},"modified":"2025-12-12T16:27:19","modified_gmt":"2025-12-12T15:27:19","slug":"freundeskreis","status":"publish","type":"page","link":"https:\/\/www.ikmweiden.de\/cz\/freundeskreis\/","title":{"rendered":"Spolek p\u0159\u00e1tel"},"content":{"rendered":"<section class='wp-block-ho-pattern ' data-pattern='ho\/header-text'>\n\n<div  class='container-fluid margin-top-7 margin-bottom-4'>\n\n<div  class='row'>\n\n<div  class='col col-xs-12 col-md-6'>\n\n<div  class='margin-bottom-4'>\n<h1>Spolek p\u0159\u00e1tel<\/h1>\n<\/div>\n<\/div>\n<\/div>\n\n\n\n\n<div  class='row'>\n\n<div  class='col col-xs-12 col-md-6'>\n\n<div  class='margin-bottom-4'><div class=body-large>Keramische e.V. je oporou Mezin\u00e1rodn\u00edho muzea keramiky ve Weidenu.<\/div><\/div>\n<\/div>\n<\/div>\n\n\n\n\n<div  class='row'>\n\n<div  class='col col-xs-12'><div class=\"wp-block-ho-slot \">\n<div class=\"accessibility-menu\">\n\t<div class=\"wp-block-ho-buttons\">\n\t\t\n\t\t\n\n\t\t\t<\/div>\n<\/div>\n\n<\/div>\n<\/div>\n<\/div>\n<\/div>\n<\/section>\n\n<section class='wp-block-ho-pattern ' data-pattern='ho\/text-mit-button'>\n\n<div  class='container-fluid margin-bottom-7'>\n\n<div  class='row padding-bottom-4'>\n\n<div  class='col col-xs-12 col-md-8'>\t<p class='body'>\u201eDie Keramischen e.V.\u201c jsou velkou oporou Mezin\u00e1rodn\u00edho muzea keramiky Weiden.<br><br>Spolek podporovatel\u016f byl zalo\u017een v roce 2013 a od t\u00e9 doby podporuje mezin\u00e1rodn\u00ed muzeum keramiky ve Weidenu a m\u00e1 kolem 120 \u010dlen\u016f. Kdy\u017e bylo muzeum v roce 2015 za\u0159azeno N\u011bmeckou kulturn\u00ed radou na \u201e\u010derven\u00fd seznam ohro\u017een\u00fdch instituc\u00ed\u201c, sehr\u00e1l spolek z\u00e1sadn\u00ed roli p\u0159i jeho z\u00e1chran\u011b a n\u00e1sledn\u00e9 komplexn\u00ed modernizaci. Spolek se aktivn\u011b pod\u00edl\u00ed na v\u00fdstav\u00e1ch, akc\u00edch i muzejn\u00edch vzd\u011bl\u00e1vac\u00edch programech a v\u00fdznamn\u011b p\u0159isp\u00edv\u00e1 k tomu, aby muzeum fungovalo jako \u017eiv\u00e9 kulturn\u00ed centrum regionu. \u010clenov\u00e9 spolku podporovatel\u016f maj\u00ed voln\u00fd vstup do muzea, exkluzivn\u00ed prohl\u00eddky a speci\u00e1ln\u00ed akce.<br><br>Sta\u0148te se \u010dleny a podpo\u0159te muzeum!<\/p>\n<\/div>\n<\/div>\n\n\n\n\n<div  class='row'>\n\n<div  class='col col-xs-12 col-md-8'>\n\n<div  class='wp-block-ho-buttons wp-block-ho-buttons'>\n<div class=\"wp-block-ho-buttons-item\">\n\t<a href=\"mailto:info@keramischen.de?subject=Mitglied werden\"  target=\"\" role=\"button\" aria-pressed=\"false\" rel=\"nofollow\" class=\"ho-button is-primary has-outgoing-link-icon-left\">\n\t\t\t\t\t<span class=\"ho-button-icon icon-arrow-link\"><\/span>\n\t\t\t\t<span class=\"ho-button-label \">Sta\u0148te se \u010dleny<\/span>\n\t<\/a>\n<\/div>\n<\/div>\n<\/div>\n<\/div>\n<\/div>\n<\/section>\n\n<section class='wp-block-ho-pattern ' data-pattern='ho\/grosses-bild'>\n\n<div  class='margin-bottom-7'><figure itemscope itemtype=\"http:\/\/schema.org\/ImageObject\" class=\"lazy-media-inline \" role=\"group\" aria-describedby=\"media_Q7cGk0\">\n<script type=\"application\/json\">{\n\"id\" : 492,\n\"sizes\" : {\"medium\":{\"file\":\"474784626_1047174924121290_2901667550192988733_n-300x158.jpg\",\"width\":300,\"height\":158,\"mime-type\":\"image\\\/jpeg\",\"filesize\":7874},\"large\":{\"file\":\"474784626_1047174924121290_2901667550192988733_n-1024x541.jpg\",\"width\":1024,\"height\":541,\"mime-type\":\"image\\\/jpeg\",\"filesize\":61889},\"medium_large\":{\"file\":\"474784626_1047174924121290_2901667550192988733_n-768x406.jpg\",\"width\":768,\"height\":406,\"mime-type\":\"image\\\/jpeg\",\"filesize\":36757},\"1536x1536\":{\"file\":\"474784626_1047174924121290_2901667550192988733_n-1536x812.jpg\",\"width\":1536,\"height\":812,\"mime-type\":\"image\\\/jpeg\",\"filesize\":118353},\"small\":{\"file\":\"474784626_1047174924121290_2901667550192988733_n-440x232.jpg\",\"width\":440,\"height\":232,\"mime-type\":\"image\\\/jpeg\",\"filesize\":14291},\"semi\":{\"file\":\"474784626_1047174924121290_2901667550192988733_n-580x306.jpg\",\"width\":580,\"height\":306,\"mime-type\":\"image\\\/jpeg\",\"filesize\":23030},\"mobile\":{\"file\":\"474784626_1047174924121290_2901667550192988733_n-720x380.jpg\",\"width\":720,\"height\":380,\"mime-type\":\"image\\\/jpeg\",\"filesize\":32634},\"hd\":{\"file\":\"474784626_1047174924121290_2901667550192988733_n-1280x676.jpg\",\"width\":1280,\"height\":676,\"mime-type\":\"image\\\/jpeg\",\"filesize\":87265},\"full\":{\"file\":\"474784626_1047174924121290_2901667550192988733_n-1920x1014.jpg\",\"width\":1920,\"height\":1014,\"mime-type\":\"image\\\/jpeg\",\"filesize\":167712},\"original\":{\"file\":\"474784626_1047174924121290_2901667550192988733_n.jpg\",\"width\":2048,\"height\":1082}},\n\"alt\" : \"D\\u00edvka s kudrnat\\u00fdmi vlasy dr\\u017e\\u00ed s l\\u00e1skou v\\u00e1zu s kruhov\\u00fdmi vzory na tmav\\u00e9m pozad\\u00ed.\",\n\"path\" : \"\\\/wp-content\\\/uploads\\\/2025\\\/10\\\/\",\n\"video\" : null,\n\"autoplay\" : null,\n\"youtube\" : null,\n\"youtubelabel\" : \"play\",\n\"brightness\" : 100,\n\"crop\" : null,\n\"background\" : false,\n\"scale\" : 1,\n\"zoom\" : false,\n\"annotations\" : null}<\/script>\n<div class=\"height-container \" style=\"padding-bottom:52.83203125%;   \">\n\t<div class=\"height-container-contents lazy-media-contents\">\n\t\n\t<div class=\"lazy-media-preview\" style=\"background-image: url('data:image\/jpeg;base64,\/9j\/4AAQSkZJRgABAQEAYABgAAD\/\/gA7Q1JFQVRPUjogZ2QtanBlZyB2MS4wICh1c2luZyBJSkcgSlBFRyB2NjIpLCBxdWFsaXR5ID0gOTAK\/9sAQwADAgIDAgIDAwMDBAMDBAUIBQUEBAUKBwcGCAwKDAwLCgsLDQ4SEA0OEQ4LCxAWEBETFBUVFQwPFxgWFBgSFBUU\/9sAQwEDBAQFBAUJBQUJFA0LDRQUFBQUFBQUFBQUFBQUFBQUFBQUFBQUFBQUFBQUFBQUFBQUFBQUFBQUFBQUFBQUFBQU\/8AAEQgADAAYAwEiAAIRAQMRAf\/EAB8AAAEFAQEBAQEBAAAAAAAAAAABAgMEBQYHCAkKC\/\/EALUQAAIBAwMCBAMFBQQEAAABfQECAwAEEQUSITFBBhNRYQcicRQygZGhCCNCscEVUtHwJDNicoIJChYXGBkaJSYnKCkqNDU2Nzg5OkNERUZHSElKU1RVVldYWVpjZGVmZ2hpanN0dXZ3eHl6g4SFhoeIiYqSk5SVlpeYmZqio6Slpqeoqaqys7S1tre4ubrCw8TFxsfIycrS09TV1tfY2drh4uPk5ebn6Onq8fLz9PX29\/j5+v\/EAB8BAAMBAQEBAQEBAQEAAAAAAAABAgMEBQYHCAkKC\/\/EALURAAIBAgQEAwQHBQQEAAECdwABAgMRBAUhMQYSQVEHYXETIjKBCBRCkaGxwQkjM1LwFWJy0QoWJDThJfEXGBkaJicoKSo1Njc4OTpDREVGR0hJSlNUVVZXWFlaY2RlZmdoaWpzdHV2d3h5eoKDhIWGh4iJipKTlJWWl5iZmqKjpKWmp6ipqrKztLW2t7i5usLDxMXGx8jJytLT1NXW19jZ2uLj5OXm5+jp6vLz9PX29\/j5+v\/aAAwDAQACEQMRAD8A+V7CBDOFPQ1694V8MeHbPwZFrl7Gt1JuZZ4icsqg\/eArxOymcjOe1dDpdxL9v0VPMbZPO8EiZ+VkKnIxXmYiLnCydj2MLJQqJtXLPxnPhS71mx1DwpcQSWtxCPOhhbPlyDrmivHLC2TTdb1W2gyIo52CgnOOTRW9OPJBRvc5pyVSTlax\/9k='); background-position: 50% 50%; height: 100%; width: 100%;\"><\/div>\n\n\t\n<div class=\"lazy-media loaded\">\n\t<img decoding=\"async\" src=\"https:\/\/www.ikmweiden.de\/wp-content\/uploads\/2025\/10\/474784626_1047174924121290_2901667550192988733_n-1920x1014.jpg\" srcset=\"https:\/\/www.ikmweiden.de\/wp-content\/uploads\/2025\/10\/474784626_1047174924121290_2901667550192988733_n-1920x1014.jpg 1920w, https:\/\/www.ikmweiden.de\/wp-content\/uploads\/2025\/10\/474784626_1047174924121290_2901667550192988733_n-300x158.jpg 300w, https:\/\/www.ikmweiden.de\/wp-content\/uploads\/2025\/10\/474784626_1047174924121290_2901667550192988733_n-1024x541.jpg 1024w, https:\/\/www.ikmweiden.de\/wp-content\/uploads\/2025\/10\/474784626_1047174924121290_2901667550192988733_n-768x406.jpg 768w, https:\/\/www.ikmweiden.de\/wp-content\/uploads\/2025\/10\/474784626_1047174924121290_2901667550192988733_n-1536x812.jpg 1536w, https:\/\/www.ikmweiden.de\/wp-content\/uploads\/2025\/10\/474784626_1047174924121290_2901667550192988733_n-440x232.jpg 440w, https:\/\/www.ikmweiden.de\/wp-content\/uploads\/2025\/10\/474784626_1047174924121290_2901667550192988733_n-580x306.jpg 580w, https:\/\/www.ikmweiden.de\/wp-content\/uploads\/2025\/10\/474784626_1047174924121290_2901667550192988733_n-720x380.jpg 720w, https:\/\/www.ikmweiden.de\/wp-content\/uploads\/2025\/10\/474784626_1047174924121290_2901667550192988733_n-1280x676.jpg 1280w, https:\/\/www.ikmweiden.de\/wp-content\/uploads\/2025\/10\/474784626_1047174924121290_2901667550192988733_n.jpg 2048w\" sizes=\"(max-width: 763px) 100vw, (qmin-width: 764px) and (max-width: 1023px) 100vw, (min-width: 1024px) 100vw\" alt=\"D\u00edvka s kudrnat\u00fdmi vlasy dr\u017e\u00ed s l\u00e1skou v\u00e1zu s kruhov\u00fdmi vzory na tmav\u00e9m pozad\u00ed.\" loading=\"lazy\" \/>\n<\/div>\t\t<\/div>\n<\/div>\n\n\n\n\n\n\t\t<figcaption class=\"image_copyright_only\" id=\"media_Q7cGk0\">\n\t\t\t<div class=\"figcaption-wrapper\">\n\t\t\t\t\t\t\t\t\t\t<div class=\"lazy-media-image-description\">\u00a9 Die Keramischen e.V. <\/div>\n\t\t\t\t\t\t\t\t\t<\/div>\n\t\t<\/figcaption>\n\t\n<\/figure>\n\n\t\t<\/div>\n<\/section>","protected":false},"excerpt":{"rendered":"<p>Keramische e.V. je oporou Mezin\u00e1rodn\u00edho muzea keramiky ve Weidenu.<\/p>\n","protected":false},"author":2,"featured_media":492,"parent":0,"menu_order":0,"comment_status":"closed","ping_status":"closed","template":"","meta":{"_acf_changed":false,"ho_image_focal_point":"","footnotes":""},"class_list":["post-1191","page","type-page","status-publish","has-post-thumbnail","hentry"],"acf":{"audio":"","video":"","poster":"","noindex":false,"keywords":"","seo_titel":""},"_links":{"self":[{"href":"https:\/\/www.ikmweiden.de\/cz\/wp-json\/wp\/v2\/pages\/1191","targetHints":{"allow":["GET"]}}],"collection":[{"href":"https:\/\/www.ikmweiden.de\/cz\/wp-json\/wp\/v2\/pages"}],"about":[{"href":"https:\/\/www.ikmweiden.de\/cz\/wp-json\/wp\/v2\/types\/page"}],"author":[{"embeddable":true,"href":"https:\/\/www.ikmweiden.de\/cz\/wp-json\/wp\/v2\/users\/2"}],"replies":[{"embeddable":true,"href":"https:\/\/www.ikmweiden.de\/cz\/wp-json\/wp\/v2\/comments?post=1191"}],"version-history":[{"count":5,"href":"https:\/\/www.ikmweiden.de\/cz\/wp-json\/wp\/v2\/pages\/1191\/revisions"}],"predecessor-version":[{"id":1714,"href":"https:\/\/www.ikmweiden.de\/cz\/wp-json\/wp\/v2\/pages\/1191\/revisions\/1714"}],"wp:featuredmedia":[{"embeddable":true,"href":"https:\/\/www.ikmweiden.de\/cz\/wp-json\/wp\/v2\/media\/492"}],"wp:attachment":[{"href":"https:\/\/www.ikmweiden.de\/cz\/wp-json\/wp\/v2\/media?parent=1191"}],"curies":[{"name":"wp","href":"https:\/\/api.w.org\/{rel}","templated":true}]}}