{"id":1176,"date":"2025-09-18T11:58:44","date_gmt":"2025-09-18T09:58:44","guid":{"rendered":"https:\/\/www.ikmweiden.de\/erklaerung-zur-barrierefreiheit\/"},"modified":"2025-12-12T16:26:32","modified_gmt":"2025-12-12T15:26:32","slug":"erklaerung-zur-barrierefreiheit","status":"publish","type":"page","link":"https:\/\/www.ikmweiden.de\/cz\/erklaerung-zur-barrierefreiheit\/","title":{"rendered":"Prohl\u00e1\u0161en\u00ed o p\u0159\u00edstupnosti"},"content":{"rendered":"<section class='wp-block-ho-pattern ' data-pattern='ho\/header-text'>\n\n<div  class='container-fluid margin-top-7 margin-bottom-4'>\n\n<div  class='row'>\n\n<div  class='col col-xs-12 col-md-6'>\n\n<div  class='margin-bottom-4'>\n<h1>Prohl\u00e1\u0161en\u00ed o p\u0159\u00edstupnosti<\/h1>\n<\/div>\n<\/div>\n<\/div>\n\n\n\n\n<div  class='row'>\n\n<div  class='col col-xs-12 col-md-6'>\n\n<div  class='margin-bottom-4'><div class=body-large>Mezin\u00e1rodn\u00ed muzeum keramiky Weiden klade d\u016fraz a bere pr\u00e1vo na rovnocennou \u00fa\u010dast na kulturn\u00edm \u017eivot\u011b v\u00e1\u017en\u011b a aktivn\u011b podporuje proces sm\u011b\u0159uj\u00edc\u00ed k inkluzivn\u00edmu programu \u2013 v\u010detn\u011b v\u0161ech digit\u00e1ln\u00edch nab\u00eddek.<\/div><\/div>\n<\/div>\n<\/div>\n\n\n\n\n<div  class='row'>\n\n<div  class='col col-xs-12'><div class=\"wp-block-ho-slot \">\n<div class=\"accessibility-menu\">\n\t<div class=\"wp-block-ho-buttons\">\n\t\t\n\t\t\n\n\t\t\t<\/div>\n<\/div>\n\n<\/div>\n<\/div>\n<\/div>\n<\/div>\n<\/section>\n\n<section class='wp-block-ho-pattern ' data-pattern='ho\/zwischenuberschrift'>\n\n<div  class='container-fluid margin-bottom-4'>\n\n<div  class='row'>\n\n<div  class='col col-xs-12 col-md-8'>\n<h3 class='h3' style=\"white-space: normal;\">Stav souladu s po\u017eadavky na p\u0159\u00edstupnost <\/h3>\n<\/div>\n<\/div>\n<\/div>\n<\/section>\n\n<section class='wp-block-ho-pattern ' data-pattern='ho\/einfacher-text'>\n\n<div  class='container-fluid margin-bottom-7'>\n\n<div  class='row'>\n\n<div  class='col col-xs-12 col-md-8'>\t<p class='body'>Internetov\u00fd port\u00e1l odpov\u00edd\u00e1 na\u0159\u00edzen\u00ed BayEGovV.<br>Web www.ikmweiden.de byl spu\u0161t\u011bn 12. \u0159\u00edjna 2025.<br>P\u0159i jeho realizaci byla dodr\u017eena pravidla Bayerische E-Government-Verordnung (BayEGovV),( Bavorsk\u00fd z\u00e1kon) a to za podpory pr\u016fb\u011b\u017en\u00e9ho poradenstv\u00ed a testov\u00e1n\u00ed digit\u00e1ln\u00ed p\u0159\u00edstupnosti.<br>K dispozici jsou informa\u010dn\u00ed str\u00e1nky o muzeu v jednoduch\u00e9m srozumiteln\u00e9m jazyce.<br>Ke v\u0161em v\u00fdstav\u00e1m existuj\u00ed od roku 2025 texty v jednoduch\u00e9m srozumiteln\u00e9m jazyce.<br>V\u0161echny obr\u00e1zky maj\u00ed alternativn\u00ed popisy v n\u011bm\u010din\u011b a angli\u010dtin\u011b.<\/p>\n<\/div>\n<\/div>\n<\/div>\n<\/section>\n\n<section class='wp-block-ho-pattern ' data-pattern='ho\/zwischenuberschrift'>\n\n<div  class='container-fluid margin-bottom-4'>\n\n<div  class='row'>\n\n<div  class='col col-xs-12 col-md-8'>\n<h3 class='h3' style=\"white-space: normal;\">Vypracov\u00e1n\u00ed tohoto prohl\u00e1\u0161en\u00ed k bezbarierov\u00e9mu p\u0159\u00edstupu <\/h3>\n<\/div>\n<\/div>\n<\/div>\n<\/section>\n\n<section class='wp-block-ho-pattern ' data-pattern='ho\/einfacher-text'>\n\n<div  class='container-fluid margin-bottom-7'>\n\n<div  class='row'>\n\n<div  class='col col-xs-12 col-md-8'>\t<p class='body'>Toto prohl\u00e1\u0161en\u00ed bylo poprv\u00e9 vytvo\u0159eno: 06.10.2025<br>Naposledy bylo zkontrolov\u00e1no: 06.10.2025<\/p>\n<\/div>\n<\/div>\n<\/div>\n<\/section>\n\n<section class='wp-block-ho-pattern ' data-pattern='ho\/zwischenuberschrift'>\n\n<div  class='container-fluid margin-bottom-4'>\n\n<div  class='row'>\n\n<div  class='col col-xs-12 col-md-8'>\n<h3 class='h3' style=\"white-space: normal;\">Hl\u00e1\u0161en\u00ed bari\u00e9r<\/h3>\n<\/div>\n<\/div>\n<\/div>\n<\/section>\n\n<section class='wp-block-ho-pattern ' data-pattern='ho\/einfacher-text'>\n\n<div  class='container-fluid margin-bottom-7'>\n\n<div  class='row'>\n\n<div  class='col col-xs-12 col-md-8'>\t<p class='body'>Zp\u011btn\u00e1 vazba k bezbarierov\u00e9mu p\u0159\u00edstupu a kontaktn\u00ed \u00fadaje<br>Za va\u0161e dotazy a za p\u0159\u00edstupnost internetov\u00e9ho port\u00e1lu Nov\u00e1 sb\u00edrka \u2013 The Design Museum je odpov\u011bdn\u00e1:<br>Die Neue Sammlung \u2013 The Design Museum<br>T\u00fcrkenstra\u00dfe 15<br>80333 M\u00fcnchen<br>Telefon: 089 272 72 50<br>Fax: 089 272 72 55 61<br>P\u0159\u00edpadn\u00e9 nedostatky t\u00fdkaj\u00edc\u00ed se p\u0159\u00edstupnosti n\u00e1m m\u016f\u017eete sd\u011blit. Pros\u00edme abyste n\u00e1m v\u00e1\u0161 dotaz sd\u011blili e-mailem:<br>info@die-neue-sammlung.de<br><\/p>\n<\/div>\n<\/div>\n<\/div>\n<\/section>\n\n<section class='wp-block-ho-pattern ' data-pattern='ho\/zwischenuberschrift'>\n\n<div  class='container-fluid margin-bottom-4'>\n\n<div  class='row'>\n\n<div  class='col col-xs-12 col-md-8'>\n<h3 class='h3' style=\"white-space: normal;\">\u0158\u00edzen\u00ed o zaji\u0161t\u011bn\u00ed bezbari\u00e9rovosti <\/h3>\n<\/div>\n<\/div>\n<\/div>\n<\/section>\n\n<section class='wp-block-ho-pattern ' data-pattern='ho\/text-mit-button'>\n\n<div  class='container-fluid margin-bottom-7'>\n\n<div  class='row padding-bottom-4'>\n\n<div  class='col col-xs-12 col-md-8'>\t<p class='body'>Pokud do \u0161esti t\u00fddn\u016f neobdr\u017e\u00edte \u017e\u00e1dnou odpov\u011b\u010f na sv\u016fj podn\u011bt t\u00fdkaj\u00edc\u00ed se bezbarierov\u00e9ho p\u0159\u00edstupu, m\u016f\u017eete u Landesamt f\u00fcr Digitalisierung, Breitband und Vermessung (St\u00e1tn\u00ed \u00fa\u0159ad pro digitalizaci, \u0161irokop\u00e1smov\u00e9 p\u0159ipojen\u00ed a geod\u00e9zii) kter\u00fd je p\u0159\u00edslu\u0161n\u00fd org\u00e1n pro prosazov\u00e1n\u00ed pr\u00e1va, podat n\u00e1vrh na p\u0159ezkoum\u00e1n\u00ed dodr\u017eov\u00e1n\u00ed po\u017eadavk\u016f na p\u0159\u00edstupnost.<br>Zemsk\u00fd \u00fa\u0159ad na z\u00e1klad\u011b va\u0161\u00ed \u017e\u00e1dosti prov\u011b\u0159\u00ed, zda-li jsou pot\u0159eba nezbytn\u00e1 opat\u0159en\u00ed pro provozovatele webov\u00e9 str\u00e1nky.<br>Zde m\u016f\u017eete online poslat \u017e\u00e1dost na n\u00e1sleduj\u00edc\u00ed adresu:<br><br>Landesamt f\u00fcr Digitalisierung, Breitband und Vermessung (LDBV)<br>IT-Dienstleistungszentrum des Freistaats Bayern<br>Durchsetzungs- und \u00dcberwachungsstelle f\u00fcr barrierefreie Informationstechnik<br>St.-Martin-Stra\u00dfe 47<br>81541 M\u00fcnchen<br>E-Mail: bitv@bayern.de<br>Zemsk\u00fd \u00fa\u0159ad pro digitalizaci<br><\/p>\n<\/div>\n<\/div>\n\n\n\n\n<div  class='row'>\n\n<div  class='col col-xs-12 col-md-8'>\n\n<div  class='wp-block-ho-buttons wp-block-ho-buttons'>\n<div class=\"wp-block-ho-buttons-item\">\n\t<a href=\"https:\/\/www.ldbv.bayern.de\/digitalisierung\/bitv\/\"  target=\"\" role=\"button\" aria-pressed=\"false\" rel=\"nofollow\" class=\"ho-button is-primary has-outgoing-link-icon-left\">\n\t\t\t\t\t<span class=\"ho-button-icon icon-arrow-link\"><\/span>\n\t\t\t\t<span class=\"ho-button-label \"><strong>Zemsk\u00fd \u00fa\u0159ad pro digitalizaci<\/strong><\/span>\n\t<\/a>\n<\/div>\n<\/div>\n<\/div>\n<\/div>\n<\/div>\n<\/section>","protected":false},"excerpt":{"rendered":"<p>Mezin\u00e1rodn\u00ed muzeum keramiky Weiden klade d\u016fraz a bere pr\u00e1vo na rovnocennou \u00fa\u010dast na kulturn\u00edm \u017eivot\u011b v\u00e1\u017en\u011b a aktivn\u011b podporuje proces sm\u011b\u0159uj\u00edc\u00ed k inkluzivn\u00edmu programu \u2013 v\u010detn\u011b v\u0161ech digit\u00e1ln\u00edch nab\u00eddek.<\/p>\n","protected":false},"author":2,"featured_media":279,"parent":0,"menu_order":0,"comment_status":"closed","ping_status":"closed","template":"","meta":{"_acf_changed":false,"ho_image_focal_point":"","footnotes":""},"class_list":["post-1176","page","type-page","status-publish","has-post-thumbnail","hentry"],"acf":{"audio":"","video":"","poster":"","noindex":false,"keywords":"","seo_titel":""},"_links":{"self":[{"href":"https:\/\/www.ikmweiden.de\/cz\/wp-json\/wp\/v2\/pages\/1176","targetHints":{"allow":["GET"]}}],"collection":[{"href":"https:\/\/www.ikmweiden.de\/cz\/wp-json\/wp\/v2\/pages"}],"about":[{"href":"https:\/\/www.ikmweiden.de\/cz\/wp-json\/wp\/v2\/types\/page"}],"author":[{"embeddable":true,"href":"https:\/\/www.ikmweiden.de\/cz\/wp-json\/wp\/v2\/users\/2"}],"replies":[{"embeddable":true,"href":"https:\/\/www.ikmweiden.de\/cz\/wp-json\/wp\/v2\/comments?post=1176"}],"version-history":[{"count":5,"href":"https:\/\/www.ikmweiden.de\/cz\/wp-json\/wp\/v2\/pages\/1176\/revisions"}],"predecessor-version":[{"id":1712,"href":"https:\/\/www.ikmweiden.de\/cz\/wp-json\/wp\/v2\/pages\/1176\/revisions\/1712"}],"wp:featuredmedia":[{"embeddable":true,"href":"https:\/\/www.ikmweiden.de\/cz\/wp-json\/wp\/v2\/media\/279"}],"wp:attachment":[{"href":"https:\/\/www.ikmweiden.de\/cz\/wp-json\/wp\/v2\/media?parent=1176"}],"curies":[{"name":"wp","href":"https:\/\/api.w.org\/{rel}","templated":true}]}}