{"id":1168,"date":"2025-09-15T12:16:02","date_gmt":"2025-09-15T10:16:02","guid":{"rendered":"https:\/\/www.ikmweiden.de\/die-neue-sammlung\/"},"modified":"2025-12-22T09:33:23","modified_gmt":"2025-12-22T08:33:23","slug":"die-neue-sammlung-muzeum-designu","status":"publish","type":"page","link":"https:\/\/www.ikmweiden.de\/cz\/die-neue-sammlung-muzeum-designu\/","title":{"rendered":"Die Neue Sammlung &#8211; Muzeum designu"},"content":{"rendered":"<section class='wp-block-ho-pattern ' data-pattern='ho\/header-text'>\n\n<div  class='container-fluid margin-top-7 margin-bottom-4'>\n\n<div  class='row'>\n\n<div  class='col col-xs-12 col-md-6'>\n\n<div  class='margin-bottom-4'>\n<h1>Die Neue Sammlung &#8211; Muzeum designu<\/h1>\n<\/div>\n<\/div>\n<\/div>\n\n\n\n\n<div  class='row'>\n\n<div  class='col col-xs-12 col-md-6'>\n\n<div  class='margin-bottom-4'><div class=body-large>V\u00edce ne\u017e 100 let designu<\/div><\/div>\n<\/div>\n<\/div>\n\n\n\n\n<div  class='row'>\n\n<div  class='col col-xs-12'><div class=\"wp-block-ho-slot \">\n<div class=\"accessibility-menu\">\n\t<div class=\"wp-block-ho-buttons\">\n\t\t\n\t\t\n\n\t\t\t<\/div>\n<\/div>\n\n<\/div>\n<\/div>\n<\/div>\n<\/div>\n<\/section>\n\n<section class='wp-block-ho-pattern ' data-pattern='ho\/text-mit-bild-rechts-darunter'>\n\n<div  class='container-fluid margin-bottom-7'>\n\n<div  class='row margin-bottom-5'>\n\n<div  class='col col-md-8 col-xs-12'>\t<p class='body'>Nov\u00e1 sb\u00edrka pat\u0159\u00ed celosv\u011btov\u011b k nejstar\u0161\u00edm a nejv\u00fdznamn\u011bj\u0161\u00edm muze\u00edm u\u017eit\u00e9ho um\u011bn\u00ed a designu 20. a 21. stolet\u00ed. Zat\u00edmco na\u0161e pobo\u010dka ve Weidenu se zam\u011b\u0159uje na keramiku, hlavn\u00ed budova v Pinakot\u00e9ce Moderny v Mnichov\u011b pokr\u00fdv\u00e1 cel\u00fd obor designu a u\u017eit\u00e9ho um\u011bn\u00ed. Do zm\u00edn\u011bn\u00fdch sb\u00edrek pat\u0159\u00ed mimo jin\u00e9: n\u00e1bytek, sklo,kov, textil, \u0161perky, grafick\u00fd design, pr\u016fmyslov\u00fd design a mnoho dal\u0161\u00edch obor\u016f.<br>Podrobn\u00e9 informace o Die Neue Sammlung, jej\u00edch sb\u00edrk\u00e1ch, v\u00fdstav\u00e1ch a akc\u00edch najdete na <a href=\"http:\/\/www.die-neue-sammlung.de\">www.die-neue-sammlung.de<\/a><\/p>\n<\/div>\n<\/div>\n\n\n\n\n<div  class='row'>\n\n<div  class='col col-xs-8 col-md-6 col-md-offset-6 col-xs-offset-4'><figure itemscope itemtype=\"http:\/\/schema.org\/ImageObject\" class=\"lazy-media-inline \" role=\"group\" aria-describedby=\"media_2vKzbx\">\n<script type=\"application\/json\">{\n\"id\" : 467,\n\"sizes\" : {\"medium\":{\"file\":\"dns-xd_CF214410_kellermann-1920x1440-1-300x225.jpg\",\"width\":300,\"height\":225,\"mime-type\":\"image\\\/jpeg\",\"filesize\":18733},\"large\":{\"file\":\"dns-xd_CF214410_kellermann-1920x1440-1-1024x768.jpg\",\"width\":1024,\"height\":768,\"mime-type\":\"image\\\/jpeg\",\"filesize\":129667},\"medium_large\":{\"file\":\"dns-xd_CF214410_kellermann-1920x1440-1-768x576.jpg\",\"width\":768,\"height\":576,\"mime-type\":\"image\\\/jpeg\",\"filesize\":82951},\"1536x1536\":{\"file\":\"dns-xd_CF214410_kellermann-1920x1440-1-1536x1152.jpg\",\"width\":1536,\"height\":1152,\"mime-type\":\"image\\\/jpeg\",\"filesize\":244767},\"small\":{\"file\":\"dns-xd_CF214410_kellermann-1920x1440-1-440x330.jpg\",\"width\":440,\"height\":330,\"mime-type\":\"image\\\/jpeg\",\"filesize\":33921},\"semi\":{\"file\":\"dns-xd_CF214410_kellermann-1920x1440-1-580x435.jpg\",\"width\":580,\"height\":435,\"mime-type\":\"image\\\/jpeg\",\"filesize\":53534},\"mobile\":{\"file\":\"dns-xd_CF214410_kellermann-1920x1440-1-720x540.jpg\",\"width\":720,\"height\":540,\"mime-type\":\"image\\\/jpeg\",\"filesize\":74907},\"hd\":{\"file\":\"dns-xd_CF214410_kellermann-1920x1440-1-1280x960.jpg\",\"width\":1280,\"height\":960,\"mime-type\":\"image\\\/jpeg\",\"filesize\":186910},\"original\":{\"file\":\"dns-xd_CF214410_kellermann-1920x1440-1.jpg\",\"width\":1920,\"height\":1440}},\n\"alt\" : \"Modern\\u00ed v\\u00fdstavn\\u00ed design s reg\\u00e1ly pln\\u00fdmi barevn\\u00fdch p\\u0159edm\\u011bt\\u016f a proch\\u00e1zkou v sv\\u011btl\\u00e9m, otev\\u0159en\\u00e9m prostoru.\",\n\"path\" : \"\\\/wp-content\\\/uploads\\\/2025\\\/10\\\/\",\n\"video\" : null,\n\"autoplay\" : null,\n\"youtube\" : null,\n\"youtubelabel\" : \"play\",\n\"brightness\" : 100,\n\"crop\" : null,\n\"background\" : false,\n\"scale\" : 1,\n\"zoom\" : false,\n\"annotations\" : null}<\/script>\n<div class=\"height-container \" style=\"padding-bottom:75%;   \">\n\t<div class=\"height-container-contents lazy-media-contents\">\n\t\n\t<div class=\"lazy-media-preview\" style=\"background-image: url('data:image\/jpeg;base64,\/9j\/4AAQSkZJRgABAQEAYABgAAD\/\/gA7Q1JFQVRPUjogZ2QtanBlZyB2MS4wICh1c2luZyBJSkcgSlBFRyB2NjIpLCBxdWFsaXR5ID0gOTAK\/9sAQwADAgIDAgIDAwMDBAMDBAUIBQUEBAUKBwcGCAwKDAwLCgsLDQ4SEA0OEQ4LCxAWEBETFBUVFQwPFxgWFBgSFBUU\/9sAQwEDBAQFBAUJBQUJFA0LDRQUFBQUFBQUFBQUFBQUFBQUFBQUFBQUFBQUFBQUFBQUFBQUFBQUFBQUFBQUFBQUFBQU\/8AAEQgAEgAYAwEiAAIRAQMRAf\/EAB8AAAEFAQEBAQEBAAAAAAAAAAABAgMEBQYHCAkKC\/\/EALUQAAIBAwMCBAMFBQQEAAABfQECAwAEEQUSITFBBhNRYQcicRQygZGhCCNCscEVUtHwJDNicoIJChYXGBkaJSYnKCkqNDU2Nzg5OkNERUZHSElKU1RVVldYWVpjZGVmZ2hpanN0dXZ3eHl6g4SFhoeIiYqSk5SVlpeYmZqio6Slpqeoqaqys7S1tre4ubrCw8TFxsfIycrS09TV1tfY2drh4uPk5ebn6Onq8fLz9PX29\/j5+v\/EAB8BAAMBAQEBAQEBAQEAAAAAAAABAgMEBQYHCAkKC\/\/EALURAAIBAgQEAwQHBQQEAAECdwABAgMRBAUhMQYSQVEHYXETIjKBCBRCkaGxwQkjM1LwFWJy0QoWJDThJfEXGBkaJicoKSo1Njc4OTpDREVGR0hJSlNUVVZXWFlaY2RlZmdoaWpzdHV2d3h5eoKDhIWGh4iJipKTlJWWl5iZmqKjpKWmp6ipqrKztLW2t7i5usLDxMXGx8jJytLT1NXW19jZ2uLj5OXm5+jp6vLz9PX29\/j5+v\/aAAwDAQACEQMRAD8A+Z9Z+B\/ibRbh3t7Ka8gQfPHjawqHRvCWpW1hHcNp80UoZ0CyAnj1r6n+Fd94v1vW5LSBjqVlMmZnu8Yiz1JP9Kl1j47+G\/DvxLtfBwtba5toP3DXDICDJ3qY3e6KmlF6O58xeLNvh\/Q9Bn09LkazHcFVEKkALj+E+tFfSn7QWreGZ7XwhZrCmmWcl9m4u4lB2qRzgetFF0I9V+Dkaw\/CMyxqEka3cs6jBJwepr80PFtxKfiOZDI5f+0vvbjn73rRRWhB9o\/YrfUdKshdQRXIUAgTIHwce9FFFA0f\/9k='); background-position: 50% 50%; height: 100%; width: 100%;\"><\/div>\n\n\t\n<div class=\"lazy-media loaded\">\n\t<img decoding=\"async\" src=\"https:\/\/www.ikmweiden.de\/wp-content\/uploads\/2025\/10\/dns-xd_CF214410_kellermann-1920x1440-1.jpg\" srcset=\"https:\/\/www.ikmweiden.de\/wp-content\/uploads\/2025\/10\/dns-xd_CF214410_kellermann-1920x1440-1.jpg 1920w, https:\/\/www.ikmweiden.de\/wp-content\/uploads\/2025\/10\/dns-xd_CF214410_kellermann-1920x1440-1-300x225.jpg 300w, https:\/\/www.ikmweiden.de\/wp-content\/uploads\/2025\/10\/dns-xd_CF214410_kellermann-1920x1440-1-1024x768.jpg 1024w, https:\/\/www.ikmweiden.de\/wp-content\/uploads\/2025\/10\/dns-xd_CF214410_kellermann-1920x1440-1-768x576.jpg 768w, https:\/\/www.ikmweiden.de\/wp-content\/uploads\/2025\/10\/dns-xd_CF214410_kellermann-1920x1440-1-1536x1152.jpg 1536w, https:\/\/www.ikmweiden.de\/wp-content\/uploads\/2025\/10\/dns-xd_CF214410_kellermann-1920x1440-1-440x330.jpg 440w, https:\/\/www.ikmweiden.de\/wp-content\/uploads\/2025\/10\/dns-xd_CF214410_kellermann-1920x1440-1-580x435.jpg 580w, https:\/\/www.ikmweiden.de\/wp-content\/uploads\/2025\/10\/dns-xd_CF214410_kellermann-1920x1440-1-720x540.jpg 720w, https:\/\/www.ikmweiden.de\/wp-content\/uploads\/2025\/10\/dns-xd_CF214410_kellermann-1920x1440-1-1280x960.jpg 1280w\" sizes=\"(max-width: 763px) 100vw, (min-width: 764px) and (max-width: 1023px) 66.666666666667vw, (min-width: 1024px) 66.666666666667vw\" alt=\"Modern\u00ed v\u00fdstavn\u00ed design s reg\u00e1ly pln\u00fdmi barevn\u00fdch p\u0159edm\u011bt\u016f a proch\u00e1zkou v sv\u011btl\u00e9m, otev\u0159en\u00e9m prostoru.\" loading=\"lazy\" \/>\n<\/div>\t\t<\/div>\n<\/div>\n\n\n\n\n\n\t\t<figcaption class=\"\" id=\"media_2vKzbx\">\n\t\t\t<div class=\"figcaption-wrapper\">\n\t\t\t\t\t\t\t<div class=\"lazy-media-image-label\">V\u00fdhled do X-D-E-P-O-T<\/div>\n\t\t\t\t\t\t\t\t\t\t<div class=\"lazy-media-image-description\">\u00a9 Gerhard Kellermann <\/div>\n\t\t\t\t\t\t\t\t\t<\/div>\n\t\t<\/figcaption>\n\t\n<\/figure>\n\n\t\t<\/div>\n<\/div>\n<\/div>\n<\/section>","protected":false},"excerpt":{"rendered":"<p>V\u00edce ne\u017e 100 let designu<\/p>\n","protected":false},"author":2,"featured_media":283,"parent":0,"menu_order":0,"comment_status":"closed","ping_status":"closed","template":"","meta":{"_acf_changed":false,"ho_image_focal_point":"","footnotes":""},"class_list":["post-1168","page","type-page","status-publish","has-post-thumbnail","hentry"],"acf":{"audio":"","video":"","poster":"","noindex":false,"keywords":"","seo_titel":""},"_links":{"self":[{"href":"https:\/\/www.ikmweiden.de\/cz\/wp-json\/wp\/v2\/pages\/1168","targetHints":{"allow":["GET"]}}],"collection":[{"href":"https:\/\/www.ikmweiden.de\/cz\/wp-json\/wp\/v2\/pages"}],"about":[{"href":"https:\/\/www.ikmweiden.de\/cz\/wp-json\/wp\/v2\/types\/page"}],"author":[{"embeddable":true,"href":"https:\/\/www.ikmweiden.de\/cz\/wp-json\/wp\/v2\/users\/2"}],"replies":[{"embeddable":true,"href":"https:\/\/www.ikmweiden.de\/cz\/wp-json\/wp\/v2\/comments?post=1168"}],"version-history":[{"count":5,"href":"https:\/\/www.ikmweiden.de\/cz\/wp-json\/wp\/v2\/pages\/1168\/revisions"}],"predecessor-version":[{"id":1710,"href":"https:\/\/www.ikmweiden.de\/cz\/wp-json\/wp\/v2\/pages\/1168\/revisions\/1710"}],"wp:featuredmedia":[{"embeddable":true,"href":"https:\/\/www.ikmweiden.de\/cz\/wp-json\/wp\/v2\/media\/283"}],"wp:attachment":[{"href":"https:\/\/www.ikmweiden.de\/cz\/wp-json\/wp\/v2\/media?parent=1168"}],"curies":[{"name":"wp","href":"https:\/\/api.w.org\/{rel}","templated":true}]}}