{"id":1156,"date":"2025-09-15T12:12:07","date_gmt":"2025-09-15T10:12:07","guid":{"rendered":"https:\/\/www.ikmweiden.de\/das-team\/"},"modified":"2025-12-12T16:32:28","modified_gmt":"2025-12-12T15:32:28","slug":"das-team","status":"publish","type":"page","link":"https:\/\/www.ikmweiden.de\/cz\/das-team\/","title":{"rendered":"T\u00fdm"},"content":{"rendered":"<section class='wp-block-ho-pattern ' data-pattern='ho\/header-text'>\n\n<div  class='container-fluid margin-top-7 margin-bottom-4'>\n\n<div  class='row'>\n\n<div  class='col col-xs-12 col-md-6'>\n\n<div  class='margin-bottom-4'>\n<h1>T\u00fdm<\/h1>\n<\/div>\n<\/div>\n<\/div>\n\n\n\n\n<div  class='row'>\n\n<div  class='col col-xs-12 col-md-6'>\n\n<div  class='margin-bottom-4'><div class=body-large>kompetence a kontakty<\/div><\/div>\n<\/div>\n<\/div>\n\n\n\n\n<div  class='row'>\n\n<div  class='col col-xs-12'><div class=\"wp-block-ho-slot \">\n<div class=\"accessibility-menu\">\n\t<div class=\"wp-block-ho-buttons\">\n\t\t\n\t\t\n\n\t\t\t<\/div>\n<\/div>\n\n<\/div>\n<\/div>\n<\/div>\n<\/div>\n<\/section>\n\n<section class='wp-block-ho-pattern ' data-pattern='ho\/einfacher-text'>\n\n<div  class='container-fluid margin-bottom-7'>\n\n<div  class='row'>\n\n<div  class='col col-xs-12 col-md-8'>\t<p class='body'>Mezin\u00e1rodn\u00ed muzeum keramiky ve Weidenu provozuje m\u011bsto Weiden i.d.OPf. spole\u010dn\u011b s Novou sb\u00edrkou \u2013 The Design Museum v Mnichov\u011b. N\u00e1\u0161 t\u00fdm se proto skl\u00e1d\u00e1 ze zam\u011bstnanc\u016f obou instituc\u00ed.<br><br><strong>Odborn\u00e9 veden\u00ed z Mnichova:<\/strong><br>Prof. Dr. Angelika Nollert, \u0159editelka Nov\u00e9 sb\u00edrky \u2013 The Design Museum<br>Dr. Josef Stra\u00dfer, hlavn\u00ed kur\u00e1tor a z\u00e1stupce \u0159editelky<br><br><a href=\"https:\/\/www.die-neue-sammlung.de\/ls\/das-team\/\">a tak\u00e9 t\u00fdm Neue Sammlung<\/a><br><br><strong>Ve Weidenu na m\u00edst\u011b:<\/strong><br>Johannes Listewnik, vedouc\u00ed muzea IKM Weiden<br>Ute Frigger, vedouc\u00ed dozoru<br>a n\u00e1\u0161 t\u00fdm dozor\u010d\u00edch:<br>Ursula Braun<br>Dagmar H\u00f6llering<br>Heidi Kleimt<br>Wolfgang M\u00fcller<br>Sonja Obermaier<br><br>Muzejn\u00ed t\u00fdm d\u00e1le podporuje r\u016fzn\u00e9 odbory m\u011bsta Weiden \u2013 <a href=\"http:\/\/weiden.de\" data-type=\"link\" data-id=\"weiden.de\">od stavebn\u00edho \u00fa\u0159adu pozemn\u00edho stavitelstv\u00ed p\u0159es spr\u00e1vu budov a\u017e po \u010dinnost tisku a komunikace s ve\u0159ejnost\u00ed.<\/a><\/p>\n<\/div>\n<\/div>\n<\/div>\n<\/section>","protected":false},"excerpt":{"rendered":"<p>kompetence a kontakty<\/p>\n","protected":false},"author":2,"featured_media":1347,"parent":0,"menu_order":0,"comment_status":"closed","ping_status":"closed","template":"","meta":{"_acf_changed":false,"ho_image_focal_point":"","footnotes":""},"class_list":["post-1156","page","type-page","status-publish","has-post-thumbnail","hentry"],"acf":{"audio":"","video":"","poster":"","noindex":false,"keywords":"","seo_titel":""},"_links":{"self":[{"href":"https:\/\/www.ikmweiden.de\/cz\/wp-json\/wp\/v2\/pages\/1156","targetHints":{"allow":["GET"]}}],"collection":[{"href":"https:\/\/www.ikmweiden.de\/cz\/wp-json\/wp\/v2\/pages"}],"about":[{"href":"https:\/\/www.ikmweiden.de\/cz\/wp-json\/wp\/v2\/types\/page"}],"author":[{"embeddable":true,"href":"https:\/\/www.ikmweiden.de\/cz\/wp-json\/wp\/v2\/users\/2"}],"replies":[{"embeddable":true,"href":"https:\/\/www.ikmweiden.de\/cz\/wp-json\/wp\/v2\/comments?post=1156"}],"version-history":[{"count":5,"href":"https:\/\/www.ikmweiden.de\/cz\/wp-json\/wp\/v2\/pages\/1156\/revisions"}],"predecessor-version":[{"id":1708,"href":"https:\/\/www.ikmweiden.de\/cz\/wp-json\/wp\/v2\/pages\/1156\/revisions\/1708"}],"wp:featuredmedia":[{"embeddable":true,"href":"https:\/\/www.ikmweiden.de\/cz\/wp-json\/wp\/v2\/media\/1347"}],"wp:attachment":[{"href":"https:\/\/www.ikmweiden.de\/cz\/wp-json\/wp\/v2\/media?parent=1156"}],"curies":[{"name":"wp","href":"https:\/\/api.w.org\/{rel}","templated":true}]}}