{"id":1143,"date":"2025-09-15T11:47:20","date_gmt":"2025-09-15T09:47:20","guid":{"rendered":"https:\/\/www.ikmweiden.de\/besuch-planen\/"},"modified":"2026-01-29T15:43:06","modified_gmt":"2026-01-29T14:43:06","slug":"besuch-planen","status":"publish","type":"page","link":"https:\/\/www.ikmweiden.de\/cz\/besuch-planen\/","title":{"rendered":"Napl\u00e1novat n\u00e1v\u0161t\u011bvu"},"content":{"rendered":"<section class='wp-block-ho-pattern ' data-pattern='ho\/header-text'>\n\n<div  class='container-fluid margin-top-7 margin-bottom-4'>\n\n<div  class='row'>\n\n<div  class='col col-xs-12 col-md-6'>\n\n<div  class='margin-bottom-4'>\n<h1>Napl\u00e1novat n\u00e1v\u0161t\u011bvu<\/h1>\n<\/div>\n<\/div>\n<\/div>\n\n\n\n\n<div  class='row'>\n\n<div  class='col col-xs-12 col-md-6'>\n\n<div  class='margin-bottom-4'><div class=body-large>V\u0161echny d\u016fle\u017eit\u00e9 informace o va\u0161\u00ed n\u00e1v\u0161t\u011bv\u011b<\/div><\/div>\n<\/div>\n<\/div>\n\n\n\n\n<div  class='row'>\n\n<div  class='col col-xs-12'><div class=\"wp-block-ho-slot \">\n<div class=\"accessibility-menu\">\n\t<div class=\"wp-block-ho-buttons\">\n\t\t\n\t\t\n\n\t\t\t<\/div>\n<\/div>\n\n<\/div>\n<\/div>\n<\/div>\n<\/div>\n<\/section>\n\n<section class='wp-block-ho-pattern toggle-optional-headline show-optional-headline toggle-optional-button show-optional-button' data-pattern='ho\/infos-zum-besuch-home'>\n\n<div  class='container-fluid margin-bottom-7'>\n\n<div  class='row padding-bottom-2'>\n\n<div  class='col col-xs-12 padding-bottom-3'>\n\n<div  class='line-light-grey'><\/div>\n<\/div>\n\n\n\n\n<div  class='col col-xs-12 col-md-8'>\n<h3 class='h3' style=\"white-space: normal;\">Kde?<\/h3>\n<\/div>\n<\/div>\n\n\n\n\n<div  class='row padding-bottom-4'>\n\n<div  class='col col-xs-12 padding-bottom-3 col-md-12'><ul class=\"wp-block wp-block-ho-grid row grid-infos-zum-besuch\">\n\t<li class=\"wp-block-ho-grid-item \">\n\t\t<p class='body'>Luitpoldstrasse 25, 92637 Weiden i.d.OPf.<\/p>\n<\/li><li class=\"wp-block-ho-grid-item \">\n\t\t<p class='body'><strong><a href=\"https:\/\/maps.app.goo.gl\/gD8PK9oFS4G8pvNc9\" data-type=\"link\" data-id=\"https:\/\/maps.app.goo.gl\/RMFzgDmLxkoorbNf9\" target=\"_blank\" rel=\"noreferrer noopener\"><a href=\"https:\/\/maps.app.goo.gl\/gD8PK9oFS4G8pvNc9\" data-type=\"link\" data-id=\"https:\/\/maps.app.goo.gl\/RMFzgDmLxkoorbNf9\" target=\"_blank\" rel=\"noreferrer noopener\">Zobrazit na Google Maps<\/a><\/a><\/strong><\/p>\n<\/li><\/ul><\/div>\n\n\n\n\n<div  class='col col-xs-12'>\n\n<div  class='line-light-grey'><\/div>\n<\/div>\n<\/div>\n\n\n\n\n<div  class='row padding-bottom-2'>\n\n<div  class='col col-xs-12 col-md-8'>\n<h3 class='h3' style=\"white-space: normal;\">Kde?<\/h3>\n<\/div>\n<\/div>\n\n\n\n\n<div  class='row padding-bottom-4'>\n\n<div  class='col col-xs-12 padding-bottom-3 col-md-12'><ul class=\"wp-block wp-block-ho-grid row grid-infos-zum-besuch\">\n\t<li class=\"wp-block-ho-grid-item \">\n\t\t<p class='body'><strong>\u00dat \u2013 Ne + sv\u00e1tky<\/strong>: 11:00 \u2013 17:00 hod.<br><br>Muzeum je uzav\u0159eno n\u00e1sleduj\u00edc\u00ed dny: ka\u017ed\u00e9 pond\u011bl\u00ed, masopustn\u00ed pond\u011bl\u00ed, masopustn\u00ed \u00fater\u00fd, Velk\u00fd p\u00e1tek, \u0160t\u011bdr\u00fd den, 1. sv\u00e1tek v\u00e1no\u010dn\u00ed a Silvestr.<\/p>\n<\/li><li class=\"wp-block-ho-grid-item \">\n\t\t<p class='body'><br><\/p>\n<\/li><\/ul><\/div>\n\n\n\n\n<div  class='col col-xs-12 padding-bottom-3'>\n\n<div  class='line-light-grey'><\/div>\n<\/div>\n<\/div>\n\n\n\n\n<div  class='row ho-pattern-optional-button'>\n\n<div  class='col col-xs-12 col-md-8'>\n\n<div  class='wp-block-ho-buttons wp-block-ho-buttons'>\n<div class=\"wp-block-ho-buttons-item\">\n\t<a href=\"https:\/\/web5.deskline.net\/OBSEXP\/66bfb623-2b0e-4c7a-824b-540ef00bd09f\/de#\/erlebnisse\/BAY\/716980bb-f019-4532-bdd8-e150b9ce5d64\/eintritt-ins-internationale-keramikmuseum\"  target=\"\" role=\"button\" aria-pressed=\"false\" rel=\"nofollow\" class=\"ho-button is-tertiary has-outgoing-link-icon-left\">\n\t\t\t\t\t<span class=\"ho-button-icon icon-arrow-link\"><\/span>\n\t\t\t\t<span class=\"ho-button-label \"><strong>Koupit vstupenku<\/strong><\/span>\n\t<\/a>\n<\/div>\n\n\n\n<div class=\"wp-block-ho-buttons-item\">\n\t<a href=\"https:\/\/www.ikmweiden.de\/besuch-planen\/\"  target=\"\" role=\"button\" aria-pressed=\"false\" rel=\"nofollow\" class=\"ho-button is-primary has-outgoing-link-icon-left\">\n\t\t\t\t\t<span class=\"ho-button-icon icon-arrow-link\"><\/span>\n\t\t\t\t<span class=\"ho-button-label \">Napl\u00e1novat n\u00e1v\u0161t\u011bvu<\/span>\n\t<\/a>\n<\/div>\n<\/div>\n<\/div>\n<\/div>\n<\/div>\n<\/section>\n\n<section class='wp-block-ho-pattern ' data-pattern='ho\/bild-links'>\n\n<div  class='container-fluid margin-bottom-7'>\n\n<div  class='row'>\n\n<div  class='col col-xs-8 col-md-6'><figure itemscope itemtype=\"http:\/\/schema.org\/ImageObject\" class=\"lazy-media-inline \" role=\"group\" aria-describedby=\"media_CNJlAh\">\n<script type=\"application\/json\">{\n\"id\" : 678,\n\"sizes\" : {\"medium\":{\"file\":\"FY303942-Verbessert-RR-300x200.jpg\",\"width\":300,\"height\":200,\"mime-type\":\"image\\\/jpeg\",\"filesize\":13664},\"large\":{\"file\":\"FY303942-Verbessert-RR-1024x683.jpg\",\"width\":1024,\"height\":683,\"mime-type\":\"image\\\/jpeg\",\"filesize\":100094},\"medium_large\":{\"file\":\"FY303942-Verbessert-RR-768x512.jpg\",\"width\":768,\"height\":512,\"mime-type\":\"image\\\/jpeg\",\"filesize\":61458},\"1536x1536\":{\"file\":\"FY303942-Verbessert-RR-1536x1024.jpg\",\"width\":1536,\"height\":1024,\"mime-type\":\"image\\\/jpeg\",\"filesize\":202558},\"2048x2048\":{\"file\":\"FY303942-Verbessert-RR-2048x1365.jpg\",\"width\":2048,\"height\":1365,\"mime-type\":\"image\\\/jpeg\",\"filesize\":343482},\"small\":{\"file\":\"FY303942-Verbessert-RR-440x293.jpg\",\"width\":440,\"height\":293,\"mime-type\":\"image\\\/jpeg\",\"filesize\":25094},\"semi\":{\"file\":\"FY303942-Verbessert-RR-580x387.jpg\",\"width\":580,\"height\":387,\"mime-type\":\"image\\\/jpeg\",\"filesize\":39592},\"mobile\":{\"file\":\"FY303942-Verbessert-RR-720x480.jpg\",\"width\":720,\"height\":480,\"mime-type\":\"image\\\/jpeg\",\"filesize\":55298},\"hd\":{\"file\":\"FY303942-Verbessert-RR-1280x853.jpg\",\"width\":1280,\"height\":853,\"mime-type\":\"image\\\/jpeg\",\"filesize\":146928},\"full\":{\"file\":\"FY303942-Verbessert-RR-1920x1280.jpg\",\"width\":1920,\"height\":1280,\"mime-type\":\"image\\\/jpeg\",\"filesize\":304637},\"xxl\":{\"file\":\"FY303942-Verbessert-RR-4048x2698.jpg\",\"width\":4048,\"height\":2698,\"mime-type\":\"image\\\/jpeg\",\"filesize\":1164133},\"original\":{\"file\":\"FY303942-Verbessert-RR.jpg\",\"width\":5846,\"height\":3897}},\n\"alt\" : \"Mlad\\u00e1 \\u017eena na voz\\u00edku si prohl\\u00ed\\u017e\\u00ed antick\\u00e9 p\\u0159edm\\u011bty v muzeu se spolucestuj\\u00edc\\u00edm.\",\n\"path\" : \"\\\/wp-content\\\/uploads\\\/2025\\\/10\\\/\",\n\"video\" : null,\n\"autoplay\" : null,\n\"youtube\" : null,\n\"youtubelabel\" : \"play\",\n\"brightness\" : 100,\n\"crop\" : null,\n\"background\" : false,\n\"scale\" : 1,\n\"zoom\" : false,\n\"annotations\" : null}<\/script>\n<div class=\"height-container \" style=\"padding-bottom:66.660964762231%;   \">\n\t<div class=\"height-container-contents lazy-media-contents\">\n\t\n\t<div class=\"lazy-media-preview\" style=\"background-image: url('data:image\/jpeg;base64,\/9j\/4AAQSkZJRgABAQEAYABgAAD\/\/gA7Q1JFQVRPUjogZ2QtanBlZyB2MS4wICh1c2luZyBJSkcgSlBFRyB2NjIpLCBxdWFsaXR5ID0gOTAK\/9sAQwADAgIDAgIDAwMDBAMDBAUIBQUEBAUKBwcGCAwKDAwLCgsLDQ4SEA0OEQ4LCxAWEBETFBUVFQwPFxgWFBgSFBUU\/9sAQwEDBAQFBAUJBQUJFA0LDRQUFBQUFBQUFBQUFBQUFBQUFBQUFBQUFBQUFBQUFBQUFBQUFBQUFBQUFBQUFBQUFBQU\/8AAEQgADwAYAwEiAAIRAQMRAf\/EAB8AAAEFAQEBAQEBAAAAAAAAAAABAgMEBQYHCAkKC\/\/EALUQAAIBAwMCBAMFBQQEAAABfQECAwAEEQUSITFBBhNRYQcicRQygZGhCCNCscEVUtHwJDNicoIJChYXGBkaJSYnKCkqNDU2Nzg5OkNERUZHSElKU1RVVldYWVpjZGVmZ2hpanN0dXZ3eHl6g4SFhoeIiYqSk5SVlpeYmZqio6Slpqeoqaqys7S1tre4ubrCw8TFxsfIycrS09TV1tfY2drh4uPk5ebn6Onq8fLz9PX29\/j5+v\/EAB8BAAMBAQEBAQEBAQEAAAAAAAABAgMEBQYHCAkKC\/\/EALURAAIBAgQEAwQHBQQEAAECdwABAgMRBAUhMQYSQVEHYXETIjKBCBRCkaGxwQkjM1LwFWJy0QoWJDThJfEXGBkaJicoKSo1Njc4OTpDREVGR0hJSlNUVVZXWFlaY2RlZmdoaWpzdHV2d3h5eoKDhIWGh4iJipKTlJWWl5iZmqKjpKWmp6ipqrKztLW2t7i5usLDxMXGx8jJytLT1NXW19jZ2uLj5OXm5+jp6vLz9PX29\/j5+v\/aAAwDAQACEQMRAD8A9X0r4qXVzp+oFL4WZTLpE7g5HoK85vPijd+JNfsNJlliuHmy7sOPKx61c074cpL500o83gkbnwM\/Sub8G\/Ce+0zxlPqzNFdRsGAt3chcHpj0r5OrmmHpKMartp16n0FLA1pXcFf06Hq+hfF288N6ZcWcUq+VnGR1+tFZMXhOG7edby0itUH3UiYtk+pNFeZUz+NN8sU2jthlc5K8tz\/\/2Q=='); background-position: 50% 50%; height: 100%; width: 100%;\"><\/div>\n\n\t\n<div class=\"lazy-media loaded\">\n\t<img decoding=\"async\" src=\"https:\/\/www.ikmweiden.de\/wp-content\/uploads\/2025\/10\/FY303942-Verbessert-RR-1920x1280.jpg\" srcset=\"https:\/\/www.ikmweiden.de\/wp-content\/uploads\/2025\/10\/FY303942-Verbessert-RR-1920x1280.jpg 1920w, https:\/\/www.ikmweiden.de\/wp-content\/uploads\/2025\/10\/FY303942-Verbessert-RR-300x200.jpg 300w, https:\/\/www.ikmweiden.de\/wp-content\/uploads\/2025\/10\/FY303942-Verbessert-RR-1024x683.jpg 1024w, https:\/\/www.ikmweiden.de\/wp-content\/uploads\/2025\/10\/FY303942-Verbessert-RR-768x512.jpg 768w, https:\/\/www.ikmweiden.de\/wp-content\/uploads\/2025\/10\/FY303942-Verbessert-RR-1536x1024.jpg 1536w, https:\/\/www.ikmweiden.de\/wp-content\/uploads\/2025\/10\/FY303942-Verbessert-RR-2048x1365.jpg 2048w, https:\/\/www.ikmweiden.de\/wp-content\/uploads\/2025\/10\/FY303942-Verbessert-RR-440x293.jpg 440w, https:\/\/www.ikmweiden.de\/wp-content\/uploads\/2025\/10\/FY303942-Verbessert-RR-580x387.jpg 580w, https:\/\/www.ikmweiden.de\/wp-content\/uploads\/2025\/10\/FY303942-Verbessert-RR-720x480.jpg 720w, https:\/\/www.ikmweiden.de\/wp-content\/uploads\/2025\/10\/FY303942-Verbessert-RR-1280x853.jpg 1280w\" sizes=\"(max-width: 763px) 100vw, (qmin-width: 764px) and (max-width: 1023px) 100vw, (min-width: 1024px) 100vw\" alt=\"Mlad\u00e1 \u017eena na voz\u00edku si prohl\u00ed\u017e\u00ed antick\u00e9 p\u0159edm\u011bty v muzeu se spolucestuj\u00edc\u00edm.\" loading=\"lazy\" \/>\n<\/div>\t\t<\/div>\n<\/div>\n\n\n\n\n\n\t\t<figcaption class=\"image_copyright_only\" id=\"media_CNJlAh\">\n\t\t\t<div class=\"figcaption-wrapper\">\n\t\t\t\t\t\t\t\t\t\t<div class=\"lazy-media-image-description\">\u00a9 Tourist-Information Stadt Weiden i.d.OPf. \u2013 Lukas Frey <\/div>\n\t\t\t\t\t\t\t\t\t<\/div>\n\t\t<\/figcaption>\n\t\n<\/figure>\n\n\t\t<\/div>\n<\/div>\n<\/div>\n<\/section>\n\n<section class='wp-block-ho-pattern ' data-pattern='ho\/uberschrift-mit-text'>\n\n<div  class='container-fluid margin-bottom-7'>\n\n<div  class='row padding-bottom-4'>\n\n<div  class='col col-xs-12 col-md-8'>\n<h2 class='h2' style=\"white-space: normal;\">P\u0159\u00edstupnost budovy<\/h2>\n<\/div>\n<\/div>\n\n\n\n\n<div  class='row'>\n\n<div  class='col col-xs-12 col-md-8'>\t<p class='body'>Muzeum m\u00e1 v\u00fdtah, tak\u017ee velk\u00e1 \u010d\u00e1st expozice je p\u0159\u00edstupn\u00e1. U dvou m\u00edstnost\u00ed je p\u0159\u00edstup omezen. K dispozici je bezbari\u00e9rov\u00e9 WC.<\/p>\n<\/div>\n<\/div>\n<\/div>\n<\/section>\n\n<section class='wp-block-ho-pattern ' data-pattern='ho\/akkordeon-auf-grauem-hintergrund'>\n\n<div  class='margin-bottom-7'><div class=\"structure-content-color\" style=\"--content-color-foreground: #000000;--content-color-background: #EEEEEE;color: #000000;background: #EEEEEE;\">\n<div class='structure-content-color-content'>\n\n<div  class='container-fluid padding-bottom-7'>\n\n<div  class='row padding-top-5 padding-bottom-5'>\n\n<div  class='col col-xs-12'>\n<h2 class='h2' style=\"white-space: normal;\">Ot\u00e1zky a odpov\u011bdi <\/h2>\n<\/div>\n<\/div>\n\n\n\n\n<div  class='row'>\n\n<div  class='col col-xs-12'>\n<accordion inline-template>\n\t<div class=\"accordion block-accordion\" role=\"tablist\">\n\t\t<accordion-item inline-template >\t<div ref=\"item\" data-id=\"Ceny\" class=\"block-accordion-item vue-initialize\" :class=\"{'block-accordion-item-open': active}\">\n\t\t<button class=\"block-accordion-item-head\" tabindex=\"0\" :class=\"{'button-active': active}\" ref=\"head\" aria-controls=\"acc_69eb3eaacac4f\" id=\"acc_title_69eb3eaacac50\" @click=\"toggle\" @keydown=\"key\" aria-expanded=\"false\" :aria-expanded=\"active ? 'true' : 'false'\">\n\t\t\t<span class=\"button-icon icon-open\" aria-hidden=\"true\"><\/span>\n\t\t\t<span class=\"button-label body-bold\">Ceny<\/span>\n\t\t<\/button>\n\t\t<div ref=\"body\" class=\"block-accordion-item-content\" id=\"acc_69eb3eaacac4f\" role=\"region\" aria-labelledby=\"acc_title_69eb3eaacac50\">\n\t\t\t<div class=\"wrapper\"><p class=\"copy\">Dosp\u011bl\u00e9: 4 \u20ac<br>Zlevn\u011bn\u00e9 vstupn\u00e9: 3 \u20ac<br>D\u011bti \/ ml\u00e1de\u017e: 2 \u20ac<br>D\u011bti do 6 let: zdarma<br><br>P\u0159i vernis\u00e1\u017e\u00edch je vstup zdarma.<br>Neve\u0159ejn\u00e9 skupinov\u00e9 prohl\u00eddky stoj\u00ed 45 \u20ac + vstupn\u00e9.<br><\/p><\/div>\n\t\t<\/div>\n\t<\/div>\n\t<\/accordion-item>\n<accordion-item inline-template >\t<div ref=\"item\" data-id=\"Lzevstupzaplatitplatebnkartou\" class=\"block-accordion-item vue-initialize\" :class=\"{'block-accordion-item-open': active}\">\n\t\t<button class=\"block-accordion-item-head\" tabindex=\"0\" :class=\"{'button-active': active}\" ref=\"head\" aria-controls=\"acc_69eb3eaacacc1\" id=\"acc_title_69eb3eaacacc2\" @click=\"toggle\" @keydown=\"key\" aria-expanded=\"false\" :aria-expanded=\"active ? 'true' : 'false'\">\n\t\t\t<span class=\"button-icon icon-open\" aria-hidden=\"true\"><\/span>\n\t\t\t<span class=\"button-label body-bold\">Lze vstup zaplatit platebn\u00ed kartou? <\/span>\n\t\t<\/button>\n\t\t<div ref=\"body\" class=\"block-accordion-item-content\" id=\"acc_69eb3eaacacc1\" role=\"region\" aria-labelledby=\"acc_title_69eb3eaacacc2\">\n\t\t\t<div class=\"wrapper\"><p class=\"copy\">Ano, p\u0159ij\u00edm\u00e1me v\u0161echny b\u011b\u017en\u00e9 typy platebn\u00edch karet.<br><\/p><\/div>\n\t\t<\/div>\n\t<\/div>\n\t<\/accordion-item>\n<accordion-item inline-template >\t<div ref=\"item\" data-id=\"Otevracdoba\" class=\"block-accordion-item vue-initialize\" :class=\"{'block-accordion-item-open': active}\">\n\t\t<button class=\"block-accordion-item-head\" tabindex=\"0\" :class=\"{'button-active': active}\" ref=\"head\" aria-controls=\"acc_69eb3eaacad5d\" id=\"acc_title_69eb3eaacad5e\" @click=\"toggle\" @keydown=\"key\" aria-expanded=\"false\" :aria-expanded=\"active ? 'true' : 'false'\">\n\t\t\t<span class=\"button-icon icon-open\" aria-hidden=\"true\"><\/span>\n\t\t\t<span class=\"button-label body-bold\">Otev\u00edrac\u00ed doba <\/span>\n\t\t<\/button>\n\t\t<div ref=\"body\" class=\"block-accordion-item-content\" id=\"acc_69eb3eaacad5d\" role=\"region\" aria-labelledby=\"acc_title_69eb3eaacad5e\">\n\t\t\t<div class=\"wrapper\"><p class=\"copy\">\u00dater\u00fd do ned\u011ble: od 11:00 do 17:00 hodin<br>V pond\u011bl\u00ed zav\u0159eno.<br><br>Muzeum je o n\u00e1sleduj\u00edc\u00edch sv\u00e1tc\u00edch otev\u0159eno od 10:00 do 17:00:<br>Nov\u00fd rok, T\u0159i kr\u00e1lov\u00e9, B\u00edl\u00e1 sobota, Ned\u011ble Zmrtv\u00fdchvst\u00e1n\u00ed P\u00e1n\u011b (Velikono\u010dn\u00ed ned\u011ble), Velikono\u010dn\u00ed pond\u011bl\u00ed, Sv\u00e1tek pr\u00e1ce, Nanebevstoupen\u00ed P\u00e1n\u011b, Slavnost Sesl\u00e1n\u00ed Ducha Svat\u00e9ho (Letnice: Svatodu\u0161n\u00ed ned\u011ble a Svatodu\u0161n\u00ed pond\u011bl\u00ed), Slavnost T\u011bla a Krve P\u00e1n\u011b (Bo\u017e\u00ed t\u011blo), Den n\u011bmeck\u00e9 jednoty, Sv\u00e1tek V\u0161ech svat\u00fdch (du\u0161i\u010dky), 2. Sv\u00e1tek v\u00e1no\u010dn\u00ed<br><br>Muzeum je o n\u00e1sleduj\u00edc\u00edch sv\u00e1tc\u00edch zav\u0159eno: Masopustn\u00ed pond\u011bl\u00ed a \u00fater\u00fd, \u0160t\u011bdr\u00fd den, Slavnost Narozen\u00ed P\u00e1n\u011b (1. Sv\u00e1tek v\u00e1no\u010dn\u00ed), Silvestr.<\/p><\/div>\n\t\t<\/div>\n\t<\/div>\n\t<\/accordion-item>\n<accordion-item inline-template >\t<div ref=\"item\" data-id=\"Kolikasubychsimlavyhradit\" class=\"block-accordion-item vue-initialize\" :class=\"{'block-accordion-item-open': active}\">\n\t\t<button class=\"block-accordion-item-head\" tabindex=\"0\" :class=\"{'button-active': active}\" ref=\"head\" aria-controls=\"acc_69eb3eaacae1f\" id=\"acc_title_69eb3eaacae20\" @click=\"toggle\" @keydown=\"key\" aria-expanded=\"false\" :aria-expanded=\"active ? 'true' : 'false'\">\n\t\t\t<span class=\"button-icon icon-open\" aria-hidden=\"true\"><\/span>\n\t\t\t<span class=\"button-label body-bold\">Kolik \u010dasu bych si m\u011bl\/a vyhradit?<\/span>\n\t\t<\/button>\n\t\t<div ref=\"body\" class=\"block-accordion-item-content\" id=\"acc_69eb3eaacae1f\" role=\"region\" aria-labelledby=\"acc_title_69eb3eaacae20\">\n\t\t\t<div class=\"wrapper\"><p class=\"copy\">Na kompletn\u00ed prohl\u00eddku muzea byste m\u011bli napl\u00e1novat p\u0159ibli\u017en\u011b hodinu a p\u016fl a\u017e dv\u011b hodiny.<\/p><\/div>\n\t\t<\/div>\n\t<\/div>\n\t<\/accordion-item>\n<accordion-item inline-template >\t<div ref=\"item\" data-id=\"Pjezdovcesta\" class=\"block-accordion-item vue-initialize\" :class=\"{'block-accordion-item-open': active}\">\n\t\t<button class=\"block-accordion-item-head\" tabindex=\"0\" :class=\"{'button-active': active}\" ref=\"head\" aria-controls=\"acc_69eb3eaacae9b\" id=\"acc_title_69eb3eaacae9c\" @click=\"toggle\" @keydown=\"key\" aria-expanded=\"false\" :aria-expanded=\"active ? 'true' : 'false'\">\n\t\t\t<span class=\"button-icon icon-open\" aria-hidden=\"true\"><\/span>\n\t\t\t<span class=\"button-label body-bold\">P\u0159\u00edjezdov\u00e1 cesta <\/span>\n\t\t<\/button>\n\t\t<div ref=\"body\" class=\"block-accordion-item-content\" id=\"acc_69eb3eaacae9b\" role=\"region\" aria-labelledby=\"acc_title_69eb3eaacae9c\">\n\t\t\t<div class=\"wrapper\"><p class=\"copy\">IKM Weiden (Mezin\u00e1rodn\u00ed muzeum keramiky Weiden) se nach\u00e1z\u00ed jen n\u011bkolik minut ch\u016fze od historick\u00e9ho centra Weidenu. Auto lze zaparkovat v bezprost\u0159edn\u00ed bl\u00edzkosti muzea a historick\u00e9ho centra m\u011bsta v bl\u00edzk\u00fdch parkovac\u00edch domech nebo na parkovi\u0161t\u00edch.<br><br>S MHD n\u00e1s m\u016f\u017eete zastihnout na n\u00e1sleduj\u00edc\u00edch zast\u00e1vk\u00e1ch:<br>\u2022\tMaria-Seltmann-Haus (d\u016fm Marie Seltmannov\u00e9) (linka 1901)<br>\u2022\tJustizgeb\u00e4ude\/Klinikum (soudn\u00ed budova\/ nemocnice) (linky 1843, 1845, 1951 a autobusy 6272 a 6295)<br>\u2022\tJosefskirche (kostel Svat\u00e9ho Josefa) (autobusy 2503, 6285 a 6291)<br><br>Z vlakov\u00e9ho n\u00e1dra\u017e\u00ed Weiden se k n\u00e1m dostanete MHD nebo p\u011b\u0161ky.<\/p><\/div>\n\t\t<\/div>\n\t<\/div>\n\t<\/accordion-item>\n<accordion-item inline-template >\t<div ref=\"item\" data-id=\"atna\" class=\"block-accordion-item vue-initialize\" :class=\"{'block-accordion-item-open': active}\">\n\t\t<button class=\"block-accordion-item-head\" tabindex=\"0\" :class=\"{'button-active': active}\" ref=\"head\" aria-controls=\"acc_69eb3eaacaf0c\" id=\"acc_title_69eb3eaacaf0d\" @click=\"toggle\" @keydown=\"key\" aria-expanded=\"false\" :aria-expanded=\"active ? 'true' : 'false'\">\n\t\t\t<span class=\"button-icon icon-open\" aria-hidden=\"true\"><\/span>\n\t\t\t<span class=\"button-label body-bold\">\u0160atna <\/span>\n\t\t<\/button>\n\t\t<div ref=\"body\" class=\"block-accordion-item-content\" id=\"acc_69eb3eaacaf0c\" role=\"region\" aria-labelledby=\"acc_title_69eb3eaacaf0d\">\n\t\t\t<div class=\"wrapper\"><p class=\"copy\">Pros\u00edme v\u00e1s, abyste si b\u011bhem n\u00e1v\u0161t\u011bvy odlo\u017eili ta\u0161ky a batohy v \u0161atn\u011b u pokladny.<br>Za zde odlo\u017een\u00e9 v\u011bci neru\u010d\u00edme.<br>Z bezpe\u010dnostn\u00edch d\u016fvod\u016f nen\u00ed dovoleno br\u00e1t do expozice ta\u0161ky v\u011bt\u0161\u00ed ne\u017e form\u00e1t A4 (cca. 20 \u00d7 30 cm), kufry, objemn\u00e9 p\u0159edm\u011bty, de\u0161tn\u00edky ani pl\u00e1\u0161t\u011bnky.<br>V pochybn\u00fdch p\u0159\u00edpadech rozhoduje pokladn\u00ed nebo dozor\u010d\u00ed person\u00e1l.<\/p><\/div>\n\t\t<\/div>\n\t<\/div>\n\t<\/accordion-item>\n<accordion-item inline-template >\t<div ref=\"item\" data-id=\"Mohuvmuzeufotografovat\" class=\"block-accordion-item vue-initialize\" :class=\"{'block-accordion-item-open': active}\">\n\t\t<button class=\"block-accordion-item-head\" tabindex=\"0\" :class=\"{'button-active': active}\" ref=\"head\" aria-controls=\"acc_69eb3eaacaf8b\" id=\"acc_title_69eb3eaacaf8c\" @click=\"toggle\" @keydown=\"key\" aria-expanded=\"false\" :aria-expanded=\"active ? 'true' : 'false'\">\n\t\t\t<span class=\"button-icon icon-open\" aria-hidden=\"true\"><\/span>\n\t\t\t<span class=\"button-label body-bold\">Mohu v muzeu fotografovat? <\/span>\n\t\t<\/button>\n\t\t<div ref=\"body\" class=\"block-accordion-item-content\" id=\"acc_69eb3eaacaf8b\" role=\"region\" aria-labelledby=\"acc_title_69eb3eaacaf8c\">\n\t\t\t<div class=\"wrapper\"><p class=\"copy\">Fotografie, video- a audio- z\u00e1znamy v IKM Weiden jsou povoleny pouze pro osobn\u00ed, nekomer\u010dn\u00ed \u00fa\u010dely a bez blesku a bez vybaven\u00ed, jako jsou stativy \u010di sv\u011bteln\u00e9 boxy (fotografick\u00e1 sv\u011btla) atd. Pro v\u0161echny ostatn\u00ed \u00fa\u010dely je nutn\u00e9 p\u0159edem nahl\u00e1sit pl\u00e1novan\u00e9 fotografov\u00e1n\u00ed \u010di video nebo audio nat\u00e1\u010den\u00ed a z\u00edskat p\u00edsemn\u00e9 povolen\u00ed.<\/p><\/div>\n\t\t<\/div>\n\t<\/div>\n\t<\/accordion-item>\n<accordion-item inline-template >\t<div ref=\"item\" data-id=\"Jsouvmuzeumstaksezen\" class=\"block-accordion-item vue-initialize\" :class=\"{'block-accordion-item-open': active}\">\n\t\t<button class=\"block-accordion-item-head\" tabindex=\"0\" :class=\"{'button-active': active}\" ref=\"head\" aria-controls=\"acc_69eb3eaacaffe\" id=\"acc_title_69eb3eaacafff\" @click=\"toggle\" @keydown=\"key\" aria-expanded=\"false\" :aria-expanded=\"active ? 'true' : 'false'\">\n\t\t\t<span class=\"button-icon icon-open\" aria-hidden=\"true\"><\/span>\n\t\t\t<span class=\"button-label body-bold\">Jsou v muzeu m\u00edsta k sezen\u00ed? <\/span>\n\t\t<\/button>\n\t\t<div ref=\"body\" class=\"block-accordion-item-content\" id=\"acc_69eb3eaacaffe\" role=\"region\" aria-labelledby=\"acc_title_69eb3eaacafff\">\n\t\t\t<div class=\"wrapper\"><p class=\"copy\">Ve v\u00fdstavn\u00edch prostor\u00e1ch se nach\u00e1z\u00ed lavi\u010dky a stoli\u010dky.<br>K dispozici jsou tak\u00e9 p\u0159enosn\u00e9 skl\u00e1dac\u00ed stoli\u010dky.<\/p><\/div>\n\t\t<\/div>\n\t<\/div>\n\t<\/accordion-item>\n<accordion-item inline-template >\t<div ref=\"item\" data-id=\"Jevmuzeukavrna\" class=\"block-accordion-item vue-initialize\" :class=\"{'block-accordion-item-open': active}\">\n\t\t<button class=\"block-accordion-item-head\" tabindex=\"0\" :class=\"{'button-active': active}\" ref=\"head\" aria-controls=\"acc_69eb3eaacb06d\" id=\"acc_title_69eb3eaacb06e\" @click=\"toggle\" @keydown=\"key\" aria-expanded=\"false\" :aria-expanded=\"active ? 'true' : 'false'\">\n\t\t\t<span class=\"button-icon icon-open\" aria-hidden=\"true\"><\/span>\n\t\t\t<span class=\"button-label body-bold\">Je v muzeu kav\u00e1rna? <\/span>\n\t\t<\/button>\n\t\t<div ref=\"body\" class=\"block-accordion-item-content\" id=\"acc_69eb3eaacb06d\" role=\"region\" aria-labelledby=\"acc_title_69eb3eaacb06e\">\n\t\t\t<div class=\"wrapper\"><p class=\"copy\">Ne, ale ve stejn\u00e9 budov\u011b se nach\u00e1z\u00ed \u010d\u00edt\u00e1rna a kav\u00e1rna <a href=\"https:\/\/www.ikmweiden.de\/cz\/regionalbibliothek-und-lesecafe\/\" data-type=\"page\" data-id=\"1702\">region\u00e1ln\u00ed knihovny Weiden<\/a>.<br>V historick\u00e9m centru Weidenu v\u00e1s o v\u00edkendu r\u00e1di p\u0159iv\u00edtaj\u00ed mnoh\u00e9 kav\u00e1rny a restaurace.<\/p><\/div>\n\t\t<\/div>\n\t<\/div>\n\t<\/accordion-item>\n<accordion-item inline-template >\t<div ref=\"item\" data-id=\"Mohuvztsvhopsadomuzea\" class=\"block-accordion-item vue-initialize\" :class=\"{'block-accordion-item-open': active}\">\n\t\t<button class=\"block-accordion-item-head\" tabindex=\"0\" :class=\"{'button-active': active}\" ref=\"head\" aria-controls=\"acc_69eb3eaacb0dc\" id=\"acc_title_69eb3eaacb0dd\" @click=\"toggle\" @keydown=\"key\" aria-expanded=\"false\" :aria-expanded=\"active ? 'true' : 'false'\">\n\t\t\t<span class=\"button-icon icon-open\" aria-hidden=\"true\"><\/span>\n\t\t\t<span class=\"button-label body-bold\">Mohu vz\u00edt sv\u00e9ho psa do muzea?<\/span>\n\t\t<\/button>\n\t\t<div ref=\"body\" class=\"block-accordion-item-content\" id=\"acc_69eb3eaacb0dc\" role=\"region\" aria-labelledby=\"acc_title_69eb3eaacb0dd\">\n\t\t\t<div class=\"wrapper\"><p class=\"copy\">Psi a jin\u00e1 zv\u00ed\u0159ata bohu\u017eel nesm\u011bj\u00ed do muzea. Jedinou v\u00fdjimkou jsou asisten\u010dn\u00ed psi. Pros\u00edm, nahlaste je na pokladn\u011b.<\/p><\/div>\n\t\t<\/div>\n\t<\/div>\n\t<\/accordion-item>\n\t<\/div>\n<\/accordion>\n<\/div>\n<\/div>\n<\/div>\n<\/div>\n<\/div>\n<\/div>\n<\/section>","protected":false},"excerpt":{"rendered":"<p>V\u0161echny d\u016fle\u017eit\u00e9 informace o va\u0161\u00ed n\u00e1v\u0161t\u011bv\u011b<\/p>\n","protected":false},"author":2,"featured_media":683,"parent":0,"menu_order":0,"comment_status":"closed","ping_status":"closed","template":"","meta":{"_acf_changed":false,"ho_image_focal_point":"","footnotes":""},"class_list":["post-1143","page","type-page","status-publish","has-post-thumbnail","hentry"],"acf":{"audio":"","video":"","poster":"","noindex":false,"keywords":"adresse, \u00f6ffnungszeiten, anfahrt, parken, \u00f6ffentliche verkehrsmittel, \u00f6pnv","seo_titel":""},"_links":{"self":[{"href":"https:\/\/www.ikmweiden.de\/cz\/wp-json\/wp\/v2\/pages\/1143","targetHints":{"allow":["GET"]}}],"collection":[{"href":"https:\/\/www.ikmweiden.de\/cz\/wp-json\/wp\/v2\/pages"}],"about":[{"href":"https:\/\/www.ikmweiden.de\/cz\/wp-json\/wp\/v2\/types\/page"}],"author":[{"embeddable":true,"href":"https:\/\/www.ikmweiden.de\/cz\/wp-json\/wp\/v2\/users\/2"}],"replies":[{"embeddable":true,"href":"https:\/\/www.ikmweiden.de\/cz\/wp-json\/wp\/v2\/comments?post=1143"}],"version-history":[{"count":7,"href":"https:\/\/www.ikmweiden.de\/cz\/wp-json\/wp\/v2\/pages\/1143\/revisions"}],"predecessor-version":[{"id":2427,"href":"https:\/\/www.ikmweiden.de\/cz\/wp-json\/wp\/v2\/pages\/1143\/revisions\/2427"}],"wp:featuredmedia":[{"embeddable":true,"href":"https:\/\/www.ikmweiden.de\/cz\/wp-json\/wp\/v2\/media\/683"}],"wp:attachment":[{"href":"https:\/\/www.ikmweiden.de\/cz\/wp-json\/wp\/v2\/media?parent=1143"}],"curies":[{"name":"wp","href":"https:\/\/api.w.org\/{rel}","templated":true}]}}